{"id":167184,"date":"2025-12-19T16:27:14","date_gmt":"2025-12-19T13:27:14","guid":{"rendered":"https:\/\/baldumarket.lt\/product\/antica-146-szafa-z-lustrem-drzwi-przesuwne-2-szuflady-kraft-zloty\/"},"modified":"2026-02-09T11:10:47","modified_gmt":"2026-02-09T08:10:47","slug":"antica-146-szafa-z-lustrem-drzwi-przesuwne-2-szuflady-kraft-zloty","status":"publish","type":"product","link":"https:\/\/baldumarket.lt\/lt\/product\/antica-146-szafa-z-lustrem-drzwi-przesuwne-2-szuflady-kraft-zloty\/","title":{"rendered":"ANTICA-146 \u2013 Spinta su veidrod\u017eiu, stumdomomis durimis, 2 stal\u010diais, auksine, kraft"},"content":{"rendered":"<p>\u201eAntica-146\u201c \u2013 tai spinta, kurioje dera elegancija ir prakti\u0161kumas, puikiai tinkanti bet kokiai erdvei. Harmoninga \u201eKraft Gold\u201c spalv\u0173 gama traukia ak\u012f ir suteikia bet kokiam interjerui rafinuotumo. D\u0117l stumdom\u0173 dur\u0173 su veidrod\u017eiu galite ne tik sutaupyti vietos, bet ir \u012f savo dekor\u0105 \u012ftraukti element\u0105, kuris vizualiai padidins erdv\u0119, tod\u0117l j\u016bs\u0173 kambarys atrodys \u0161viesesnis ir erdvesnis. \u201eAntica-146\u201c spintos prakti\u0161kumas neapsiriboja jos i\u0161vaizda. Dvi erdvios stal\u010di\u0173 ir penki\u0173 lentyn\u0173 d\u0117ka ji tampa puikia vieta laikyti tiek drabu\u017eius, tiek \u012fvairius aksesuarus. Be to, spintoje yra pakabos b\u0117gelis, leid\u017eiantis patogiai pakabinti drabu\u017eius \u2013 savyb\u0117, kuri\u0105 tikrai \u012fvertins tie, kurie vertina tvark\u0105 ir lengv\u0105 prieig\u0105 prie savo daikt\u0173. \u0160is baldas lengvai prisitaikys prie j\u016bs\u0173 gyvenimo b\u016bdo. D\u0117l universalaus dizaino \u201eAntica-146\u201c spinta puikiai tiks miegamajame, prie\u0161kambaryje ar svetain\u0117je. Galite laisvai planuoti savo interjero dizain\u0105, derindami j\u012f su kitais baldais. Jos stilius primena klasikinius sprendimus, tuo pa\u010diu \u012fne\u0161damas modernumo, tod\u0117l tai idealus pasirinkimas tiems, kurie vertina eleganti\u0161k\u0105, bet sant\u016br\u0173 dekor\u0105.<\/p>","protected":false},"excerpt":{"rendered":"<p>Plotis (cm): 148<br \/>\n\u016agis (cm): 220<br \/>\nGylis (cm): 58<\/p>","protected":false},"featured_media":167185,"comment_status":"open","ping_status":"open","template":"","meta":[],"product_brand":[],"product_cat":[9502,4108,1177],"product_tag":[],"class_list":{"0":"post-167184","1":"product","2":"type-product","3":"status-publish","4":"has-post-thumbnail","6":"product_cat-furniture-system-antica-jarstol-meble","7":"product_cat-jarstol","8":"product_cat-wardrobes","10":"first","11":"instock","12":"purchasable","13":"product-type-simple"},"_links":{"self":[{"href":"https:\/\/baldumarket.lt\/lt\/wp-json\/wp\/v2\/product\/167184","targetHints":{"allow":["GET"]}}],"collection":[{"href":"https:\/\/baldumarket.lt\/lt\/wp-json\/wp\/v2\/product"}],"about":[{"href":"https:\/\/baldumarket.lt\/lt\/wp-json\/wp\/v2\/types\/product"}],"replies":[{"embeddable":true,"href":"https:\/\/baldumarket.lt\/lt\/wp-json\/wp\/v2\/comments?post=167184"}],"wp:featuredmedia":[{"embeddable":true,"href":"https:\/\/baldumarket.lt\/lt\/wp-json\/wp\/v2\/media\/167185"}],"wp:attachment":[{"href":"https:\/\/baldumarket.lt\/lt\/wp-json\/wp\/v2\/media?parent=167184"}],"wp:term":[{"taxonomy":"product_brand","embeddable":true,"href":"https:\/\/baldumarket.lt\/lt\/wp-json\/wp\/v2\/product_brand?post=167184"},{"taxonomy":"product_cat","embeddable":true,"href":"https:\/\/baldumarket.lt\/lt\/wp-json\/wp\/v2\/product_cat?post=167184"},{"taxonomy":"product_tag","embeddable":true,"href":"https:\/\/baldumarket.lt\/lt\/wp-json\/wp\/v2\/product_tag?post=167184"}],"curies":[{"name":"wp","href":"https:\/\/api.w.org\/{rel}","templated":true}]}}