{"id":167176,"date":"2025-12-19T16:26:57","date_gmt":"2025-12-19T13:26:57","guid":{"rendered":"https:\/\/baldumarket.lt\/product\/antica-183-szafa-z-lustrem-drzwi-przesuwne-4-szuflady-kraft-zloty\/"},"modified":"2026-02-09T11:10:47","modified_gmt":"2026-02-09T08:10:47","slug":"antica-183-szafa-z-lustrem-drzwi-przesuwne-4-szuflady-kraft-zloty","status":"publish","type":"product","link":"https:\/\/baldumarket.lt\/lt\/product\/antica-183-szafa-z-lustrem-drzwi-przesuwne-4-szuflady-kraft-zloty\/","title":{"rendered":"ANTICA-183 \u2013 Spinta su veidrod\u017eiu, stumdomomis durimis, 4 stal\u010diais, auksine, kraft"},"content":{"rendered":"<p>Sukurkite eleganti\u0161k\u0105 ir funkcional\u0173 \u201eAntica-183\u201c spint\u0105, kuri ne tik atitinka estetinius l\u016bkes\u010dius, bet ir suteikia j\u016bs\u0173 interjerui tobul\u0105 tvark\u0105. Modernus dizainas, i\u0161siskiriantis \u201eKraft Gold\u201c spalvos korpusu, yra puikus pasirinkimas bet kuriam moderniam butui, derinantis stili\u0173 ir prakti\u0161kum\u0105. \u201eAntica-183\u201c spinta yra ne tik baldas, bet ir i\u0161manus sprendimas j\u016bs\u0173 erdvei. Talpumas ir organizuotumas yra svarbiausi \u2013 keturiuose erdviuose stal\u010diuose ir septyniose lentynose galite lengvai susid\u0117ti visus savo drabu\u017eius ir aksesuarus. Vidin\u0117 b\u0117gel\u0117 taip pat leid\u017eia pakabinti drabu\u017eius, taip maksimaliai i\u0161naudojant turim\u0105 erdv\u0119. Jums niekada nebereik\u0117s r\u016bpintis netvarka! Jau nekalbant apie veidrod\u012f ant vien\u0173 i\u0161 stumdom\u0173 dur\u0173, kuris ne tik suteikia funkcionalumo, bet ir vizualiai padidina j\u016bs\u0173 interjer\u0105. Veidrodis yra puikus priedas, leid\u017eiantis greitai ap\u017evelgti interjer\u0105 prie\u0161 i\u0161einant ir suteikiantis kambariui prabangos bei elegancijos. Be to, stumdomos durys taupo viet\u0105, o tai yra didelis privalumas, ypa\u010d ma\u017eesniuose kambariuose.<\/p>","protected":false},"excerpt":{"rendered":"<p>Plotis (cm): 185<br \/>\n\u016agis (cm): 220<br \/>\nGylis (cm): 68<\/p>","protected":false},"featured_media":167177,"comment_status":"open","ping_status":"open","template":"","meta":[],"product_brand":[],"product_cat":[9502,4108,1177],"product_tag":[],"class_list":{"0":"post-167176","1":"product","2":"type-product","3":"status-publish","4":"has-post-thumbnail","6":"product_cat-furniture-system-antica-jarstol-meble","7":"product_cat-jarstol","8":"product_cat-wardrobes","10":"first","11":"instock","12":"purchasable","13":"product-type-simple"},"_links":{"self":[{"href":"https:\/\/baldumarket.lt\/lt\/wp-json\/wp\/v2\/product\/167176","targetHints":{"allow":["GET"]}}],"collection":[{"href":"https:\/\/baldumarket.lt\/lt\/wp-json\/wp\/v2\/product"}],"about":[{"href":"https:\/\/baldumarket.lt\/lt\/wp-json\/wp\/v2\/types\/product"}],"replies":[{"embeddable":true,"href":"https:\/\/baldumarket.lt\/lt\/wp-json\/wp\/v2\/comments?post=167176"}],"wp:featuredmedia":[{"embeddable":true,"href":"https:\/\/baldumarket.lt\/lt\/wp-json\/wp\/v2\/media\/167177"}],"wp:attachment":[{"href":"https:\/\/baldumarket.lt\/lt\/wp-json\/wp\/v2\/media?parent=167176"}],"wp:term":[{"taxonomy":"product_brand","embeddable":true,"href":"https:\/\/baldumarket.lt\/lt\/wp-json\/wp\/v2\/product_brand?post=167176"},{"taxonomy":"product_cat","embeddable":true,"href":"https:\/\/baldumarket.lt\/lt\/wp-json\/wp\/v2\/product_cat?post=167176"},{"taxonomy":"product_tag","embeddable":true,"href":"https:\/\/baldumarket.lt\/lt\/wp-json\/wp\/v2\/product_tag?post=167176"}],"curies":[{"name":"wp","href":"https:\/\/api.w.org\/{rel}","templated":true}]}}