{"id":167168,"date":"2025-12-19T16:26:41","date_gmt":"2025-12-19T13:26:41","guid":{"rendered":"https:\/\/baldumarket.lt\/product\/antica-211-szafa-z-lustrem-drzwi-przesuwne-4-szuflady-kraft-zloty\/"},"modified":"2026-02-09T11:10:47","modified_gmt":"2026-02-09T08:10:47","slug":"antica-211-szafa-z-lustrem-drzwi-przesuwne-4-szuflady-kraft-zloty","status":"publish","type":"product","link":"https:\/\/baldumarket.lt\/lt\/product\/antica-211-szafa-z-lustrem-drzwi-przesuwne-4-szuflady-kraft-zloty\/","title":{"rendered":"ANTICA-211 \u2013 Spinta su veidrod\u017eiu, stumdomomis durimis, 4 stal\u010diais, auksine, kraft"},"content":{"rendered":"<p>Atraskite \u201eAntica-211\u201c spint\u0105, kuri puikiai derina funkcionalum\u0105 ir stulbinant\u012f stili\u0173. Eleganti\u0161ka i\u0161vaizda, padengta \u201eKraft Gold\u201c spalva, suteiks j\u016bs\u0173 interjerui prabangos. D\u0117l stumdom\u0173 dur\u0173, i\u0161 kuri\u0173 vienos puo\u0161tos veidrod\u017eiu, ne tik gausite daugiau erdv\u0117s, bet ir sukursite ry\u0161k\u0173 vizualin\u012f \u012fsp\u016bd\u012f, kuris padidins j\u016bs\u0173 erdv\u0119. Tai puikus pasirinkimas visiems, norintiems suderinti prakti\u0161kum\u0105 su rafinuota estetika. \u201eAntica-211\u201c spinta i\u0161siskiria ne tik gra\u017eia i\u0161vaizda, bet ir apgalvotu funkcionalumu. Tur\u0117dama keturis stal\u010dius ir papildomas a\u0161tuonias lentynas, tur\u0117site daug vietos visiems savo drabu\u017eiams ir aksesuarams. Nesvarbu, ar norite laikyti m\u0117gstamas sukneles, ar kasdienius drabu\u017eius, \u0161is baldas puikiai pateisins j\u016bs\u0173 l\u016bkes\u010dius. Be to, drabu\u017ei\u0173 kabykla leid\u017eia patogiai pakabinti j\u016bs\u0173 spint\u0105, o tai \u017eymiai supaprastins erdv\u0117s organizavim\u0105. \u0160i spinta puikiai papildys bet kur\u012f miegam\u0105j\u012f, prie\u0161kambar\u012f ar svetain\u0119, o universalus dizainas leid\u017eia j\u0105 \u012fvairiai i\u0161d\u0117styti. Nepriklausomai nuo j\u016bs\u0173 nam\u0173 stiliaus, \u201eAntica-211\u201c spinta skland\u017eiai \u012fsilies \u012f bet kok\u012f interjer\u0105, suteikdama jai harmoning\u0105 ir eleganti\u0161k\u0105 i\u0161vaizd\u0105. Verta pamin\u0117ti, kad \u0161is baldas atitiks tiek klasikinio, tiek modernaus stiliaus m\u0117g\u0117j\u0173 l\u016bkes\u010dius.<\/p>","protected":false},"excerpt":{"rendered":"<p>Plotis (cm): 213<br \/>\n\u016agis (cm): 220<br \/>\nGylis (cm): 68<\/p>","protected":false},"featured_media":167169,"comment_status":"open","ping_status":"open","template":"","meta":[],"product_brand":[],"product_cat":[9502,4108,1177],"product_tag":[],"class_list":{"0":"post-167168","1":"product","2":"type-product","3":"status-publish","4":"has-post-thumbnail","6":"product_cat-furniture-system-antica-jarstol-meble","7":"product_cat-jarstol","8":"product_cat-wardrobes","10":"first","11":"instock","12":"purchasable","13":"product-type-simple"},"_links":{"self":[{"href":"https:\/\/baldumarket.lt\/lt\/wp-json\/wp\/v2\/product\/167168","targetHints":{"allow":["GET"]}}],"collection":[{"href":"https:\/\/baldumarket.lt\/lt\/wp-json\/wp\/v2\/product"}],"about":[{"href":"https:\/\/baldumarket.lt\/lt\/wp-json\/wp\/v2\/types\/product"}],"replies":[{"embeddable":true,"href":"https:\/\/baldumarket.lt\/lt\/wp-json\/wp\/v2\/comments?post=167168"}],"wp:featuredmedia":[{"embeddable":true,"href":"https:\/\/baldumarket.lt\/lt\/wp-json\/wp\/v2\/media\/167169"}],"wp:attachment":[{"href":"https:\/\/baldumarket.lt\/lt\/wp-json\/wp\/v2\/media?parent=167168"}],"wp:term":[{"taxonomy":"product_brand","embeddable":true,"href":"https:\/\/baldumarket.lt\/lt\/wp-json\/wp\/v2\/product_brand?post=167168"},{"taxonomy":"product_cat","embeddable":true,"href":"https:\/\/baldumarket.lt\/lt\/wp-json\/wp\/v2\/product_cat?post=167168"},{"taxonomy":"product_tag","embeddable":true,"href":"https:\/\/baldumarket.lt\/lt\/wp-json\/wp\/v2\/product_tag?post=167168"}],"curies":[{"name":"wp","href":"https:\/\/api.w.org\/{rel}","templated":true}]}}