{"id":167160,"date":"2025-12-19T16:26:24","date_gmt":"2025-12-19T13:26:24","guid":{"rendered":"https:\/\/baldumarket.lt\/product\/cali-1-szafa-2-drzwiowa-artisan\/"},"modified":"2026-02-09T11:16:03","modified_gmt":"2026-02-09T08:16:03","slug":"cali-1-szafa-2-drzwiowa-artisan","status":"publish","type":"product","link":"https:\/\/baldumarket.lt\/lt\/product\/cali-1-szafa-2-drzwiowa-artisan\/","title":{"rendered":"CALI-1 &#8211; Dviej\u0173 dur\u0173 spinta \u201eArtisan\u201c"},"content":{"rendered":"<p>Dviej\u0173 dur\u0173 spinta CALI-1 Artisan sukuria funkcionalumo ir estetikos harmonij\u0105. Jos madingas Artisan spalv\u0173 dizainas, sudarytas i\u0161 lenteli\u0173, traukia d\u0117mes\u012f ir suteikia interjerui unikal\u0173 stili\u0173. Spinta puikiai dera prie modernaus interjero, o eleganti\u0161ka i\u0161vaizda paver\u010dia j\u0105 ne tik baldu, bet ir reik\u0161mingu dekoratyviniu elementu bet kuriame kambaryje. Did\u017eiausias \u0161ios spintos privalumas \u2013 erdvumas. D\u0117l daugyb\u0117s lentyn\u0173 ir pakabos drabu\u017ei\u0173 ir aksesuar\u0173 sud\u0117liojimas tampa ne tik lengvesnis, bet ir malonus. \u0160is baldas pad\u0117s palaikyti tvark\u0105 miegamajame ar svetain\u0117je, atskleisdamas vis\u0105 interjero potencial\u0105. Nesvarbu, ar laikote kasdienius drabu\u017eius, ar norite pasl\u0117pti sezoninius, CALI-1 pateisins j\u016bs\u0173 l\u016bkes\u010dius. Taip pat verta atkreipti d\u0117mes\u012f \u012f detales, kurios CALI-1 spint\u0105 daro unikali\u0105. Subtilus juodas ranken\u0117lis suteikia subtil\u0173 akcent\u0105, kuris harmoningai papildo spalv\u0173 gam\u0105. 10 cm auk\u0161\u010dio metalin\u0117s kojel\u0117s ne tik suteikia elegancijos, bet ir stabilumo bei prakti\u0161kumo. Baldai neb\u016btinai turi b\u016bti nuobod\u016bs ir paprasti \u2013 pasirinkdami \u0161i\u0105 spint\u0105, renkat\u0117s stiling\u0105 ir funkcional\u0173 bald\u0105 savo namams.<\/p>","protected":false},"excerpt":{"rendered":"<p>Plotis (cm): 86,4<br \/>\n\u016agis (cm): 191<br \/>\nGylis (cm): 68<\/p>","protected":false},"featured_media":167161,"comment_status":"open","ping_status":"open","template":"","meta":[],"product_brand":[],"product_cat":[9503,4108,1177],"product_tag":[],"class_list":{"0":"post-167160","1":"product","2":"type-product","3":"status-publish","4":"has-post-thumbnail","6":"product_cat-furniture-system-cali-jarstol-meble","7":"product_cat-jarstol","8":"product_cat-wardrobes","10":"first","11":"instock","12":"purchasable","13":"product-type-simple"},"_links":{"self":[{"href":"https:\/\/baldumarket.lt\/lt\/wp-json\/wp\/v2\/product\/167160","targetHints":{"allow":["GET"]}}],"collection":[{"href":"https:\/\/baldumarket.lt\/lt\/wp-json\/wp\/v2\/product"}],"about":[{"href":"https:\/\/baldumarket.lt\/lt\/wp-json\/wp\/v2\/types\/product"}],"replies":[{"embeddable":true,"href":"https:\/\/baldumarket.lt\/lt\/wp-json\/wp\/v2\/comments?post=167160"}],"wp:featuredmedia":[{"embeddable":true,"href":"https:\/\/baldumarket.lt\/lt\/wp-json\/wp\/v2\/media\/167161"}],"wp:attachment":[{"href":"https:\/\/baldumarket.lt\/lt\/wp-json\/wp\/v2\/media?parent=167160"}],"wp:term":[{"taxonomy":"product_brand","embeddable":true,"href":"https:\/\/baldumarket.lt\/lt\/wp-json\/wp\/v2\/product_brand?post=167160"},{"taxonomy":"product_cat","embeddable":true,"href":"https:\/\/baldumarket.lt\/lt\/wp-json\/wp\/v2\/product_cat?post=167160"},{"taxonomy":"product_tag","embeddable":true,"href":"https:\/\/baldumarket.lt\/lt\/wp-json\/wp\/v2\/product_tag?post=167160"}],"curies":[{"name":"wp","href":"https:\/\/api.w.org\/{rel}","templated":true}]}}