{"id":167152,"date":"2025-12-19T16:26:07","date_gmt":"2025-12-19T13:26:07","guid":{"rendered":"https:\/\/baldumarket.lt\/product\/cali-2-witryna-2d2s-artisan\/"},"modified":"2026-02-09T11:16:03","modified_gmt":"2026-02-09T08:16:03","slug":"cali-2-witryna-2d2s-artisan","status":"publish","type":"product","link":"https:\/\/baldumarket.lt\/lt\/product\/cali-2-witryna-2d2s-artisan\/","title":{"rendered":"CALI-2 \u2013 2D2S amatinink\u0173 vitrina"},"content":{"rendered":"<p>Atraskite unikali\u0105 \u201eJarstol\u201c vitrin\u0105 CALI-2, kuri puikiai papildys j\u016bs\u0173 interjer\u0105. Modernus dizainas su dekoratyvin\u0117mis juostel\u0117mis tamsiame fone ir juodomis metalin\u0117mis kojel\u0117mis \u2013 tai pasi\u016blymas tiems, kurie vertina estetik\u0105 ir originalum\u0105. Vitrina ne tik gra\u017eiai atrodo valgomajame ar svetain\u0117je, bet ir sukuria unikali\u0105 atmosfer\u0105, kuri prad\u017eiugins kiekvien\u0105 sve\u010di\u0105. Vitrina pasi\u017eymi minimalistiniu dizainu, kuriame patrauklios spalvos derinamos su eleganti\u0161komis detal\u0117mis. Stiklinis fasadas ne tik esteti\u0161kai pagerina baldo savybes, bet ir leid\u017eia eksponuoti m\u0117gstamus patiekalus bei aksesuarus. D\u0117l \u012fmontuoto ap\u0161vietimo visi eksponuojami daiktai spind\u0117s, suteikdami j\u016bs\u0173 interjerui jaukumo ir elegancijos, ypa\u010d vakarini\u0173 susib\u016brim\u0173 metu. 86,4 cm plo\u010dio ir 191 cm auk\u0161\u010dio CALI-2 vitrina yra puikus sprendimas bet kokiam interjerui, nepriklausomai nuo jo dyd\u017eio. Jos funkcionalumas leid\u017eia lengvai sutalpinti tiek stalo \u012frankius, tiek \u012fvairias dekoracijas. Auk\u0161tos kokyb\u0117s med\u017eiagos, tokios kaip laminuota plok\u0161t\u0117 ir MDF, u\u017etikrina patvarum\u0105 ir lengv\u0105 valym\u0105, tod\u0117l tai prakti\u0161kas baldas kasdieniam naudojimui.<\/p>","protected":false},"excerpt":{"rendered":"<p>Plotis (cm): 86,4<br \/>\n\u016agis (cm): 191<br \/>\nGylis (cm): 58<\/p>","protected":false},"featured_media":167153,"comment_status":"open","ping_status":"open","template":"","meta":[],"product_brand":[],"product_cat":[9503,4108,2006],"product_tag":[],"class_list":{"0":"post-167152","1":"product","2":"type-product","3":"status-publish","4":"has-post-thumbnail","6":"product_cat-furniture-system-cali-jarstol-meble","7":"product_cat-jarstol","8":"product_cat-vitrines","10":"first","11":"instock","12":"purchasable","13":"product-type-simple"},"_links":{"self":[{"href":"https:\/\/baldumarket.lt\/lt\/wp-json\/wp\/v2\/product\/167152","targetHints":{"allow":["GET"]}}],"collection":[{"href":"https:\/\/baldumarket.lt\/lt\/wp-json\/wp\/v2\/product"}],"about":[{"href":"https:\/\/baldumarket.lt\/lt\/wp-json\/wp\/v2\/types\/product"}],"replies":[{"embeddable":true,"href":"https:\/\/baldumarket.lt\/lt\/wp-json\/wp\/v2\/comments?post=167152"}],"wp:featuredmedia":[{"embeddable":true,"href":"https:\/\/baldumarket.lt\/lt\/wp-json\/wp\/v2\/media\/167153"}],"wp:attachment":[{"href":"https:\/\/baldumarket.lt\/lt\/wp-json\/wp\/v2\/media?parent=167152"}],"wp:term":[{"taxonomy":"product_brand","embeddable":true,"href":"https:\/\/baldumarket.lt\/lt\/wp-json\/wp\/v2\/product_brand?post=167152"},{"taxonomy":"product_cat","embeddable":true,"href":"https:\/\/baldumarket.lt\/lt\/wp-json\/wp\/v2\/product_cat?post=167152"},{"taxonomy":"product_tag","embeddable":true,"href":"https:\/\/baldumarket.lt\/lt\/wp-json\/wp\/v2\/product_tag?post=167152"}],"curies":[{"name":"wp","href":"https:\/\/api.w.org\/{rel}","templated":true}]}}