{"id":167147,"date":"2025-12-19T16:25:56","date_gmt":"2025-12-19T13:25:56","guid":{"rendered":"https:\/\/baldumarket.lt\/product\/cali-11-panel-dekoracyjny-wiszacy-z-lamelami-artisan\/"},"modified":"2026-02-09T11:16:03","modified_gmt":"2026-02-09T08:16:03","slug":"cali-11-panel-dekoracyjny-wiszacy-z-lamelami-artisan","status":"publish","type":"product","link":"https:\/\/baldumarket.lt\/lt\/product\/cali-11-panel-dekoracyjny-wiszacy-z-lamelami-artisan\/","title":{"rendered":"CALI-11 &#8211; Amatinink\u0173 pakabinama dekoratyvin\u0117 plok\u0161t\u0117 su grotel\u0117mis"},"content":{"rendered":"<p>Atraskite \u201eJarstol\u201c dekoratyvin\u0117s plok\u0161t\u0117s CALI-11 elegancij\u0105 ir modernum\u0105. Unikalus dizainas su \u201eArtisan\u201c lentel\u0117mis skland\u017eiai dera prie \u012fvairi\u0173 i\u0161d\u0117stym\u0173, sukurdamas ne\u012ftik\u0117tinai stiling\u0105 akcent\u0105 j\u016bs\u0173 svetain\u0117je. Harmoningas juod\u0173 ir \u0161viesi\u0173 lenteli\u0173 derinys suteikia plok\u0161tei modernumo, kuris prad\u017eiugins kiekvien\u0105 \u0161iuolaikinio stiliaus entuziast\u0105. \u0160i pakabinama dekoratyvin\u0117 plok\u0161t\u0117 yra ne tik estetinis papildymas, bet ir funkcionalus sprendimas, puikiai tinkantis erdvei u\u017e televizoriaus. Sukurdama \u012fdom\u0173 akcent\u0105 j\u016bs\u0173 interjere, CALI-11 suteikia unikal\u0173 stili\u0173 ir padeda organizuoti j\u016bs\u0173 erdv\u0119. Auk\u0161tos kokyb\u0117s laminuotos plok\u0161t\u0117s ir MDF naudojimas daro plok\u0161t\u0119 patvari\u0105 ir lengvai pri\u017ei\u016brim\u0105, tod\u0117l tai idealus sprendimas bet kokiems namams. Kompakti\u0161ki matmenys \u2013 80 cm plo\u010dio, 138 cm auk\u0161\u010dio ir 3,2 cm gylio \u2013 leid\u017eia j\u0105 pritaikyti \u012fvairiems kambariams \u2013 nuo ma\u017e\u0173 but\u0173 iki didesni\u0173 erdvi\u0173. Montavimas yra paprastas ir intuityvus, tod\u0117l j\u0105 galima greitai ir be vargo pastatyti norimoje vietoje. Galite m\u0117gautis jos gro\u017eiu vos per trump\u0105 laik\u0105!<\/p>","protected":false},"excerpt":{"rendered":"<p>Plotis (cm): 80<br \/>\n\u016agis (cm): 138<br \/>\nGylis (cm): 40,6<\/p>","protected":false},"featured_media":167148,"comment_status":"open","ping_status":"open","template":"","meta":[],"product_brand":[],"product_cat":[9503,9251,4108],"product_tag":[],"class_list":{"0":"post-167147","1":"product","2":"type-product","3":"status-publish","4":"has-post-thumbnail","6":"product_cat-furniture-system-cali-jarstol-meble","7":"product_cat-musor","8":"product_cat-jarstol","10":"first","11":"instock","12":"purchasable","13":"product-type-simple"},"_links":{"self":[{"href":"https:\/\/baldumarket.lt\/lt\/wp-json\/wp\/v2\/product\/167147","targetHints":{"allow":["GET"]}}],"collection":[{"href":"https:\/\/baldumarket.lt\/lt\/wp-json\/wp\/v2\/product"}],"about":[{"href":"https:\/\/baldumarket.lt\/lt\/wp-json\/wp\/v2\/types\/product"}],"replies":[{"embeddable":true,"href":"https:\/\/baldumarket.lt\/lt\/wp-json\/wp\/v2\/comments?post=167147"}],"wp:featuredmedia":[{"embeddable":true,"href":"https:\/\/baldumarket.lt\/lt\/wp-json\/wp\/v2\/media\/167148"}],"wp:attachment":[{"href":"https:\/\/baldumarket.lt\/lt\/wp-json\/wp\/v2\/media?parent=167147"}],"wp:term":[{"taxonomy":"product_brand","embeddable":true,"href":"https:\/\/baldumarket.lt\/lt\/wp-json\/wp\/v2\/product_brand?post=167147"},{"taxonomy":"product_cat","embeddable":true,"href":"https:\/\/baldumarket.lt\/lt\/wp-json\/wp\/v2\/product_cat?post=167147"},{"taxonomy":"product_tag","embeddable":true,"href":"https:\/\/baldumarket.lt\/lt\/wp-json\/wp\/v2\/product_tag?post=167147"}],"curies":[{"name":"wp","href":"https:\/\/api.w.org\/{rel}","templated":true}]}}