{"id":167139,"date":"2025-12-19T16:25:38","date_gmt":"2025-12-19T13:25:38","guid":{"rendered":"https:\/\/baldumarket.lt\/product\/cali-12-komoda-narozna-3-drzwiowa-artisan\/"},"modified":"2026-02-09T11:16:03","modified_gmt":"2026-02-09T08:16:03","slug":"cali-12-komoda-narozna-3-drzwiowa-artisan","status":"publish","type":"product","link":"https:\/\/baldumarket.lt\/lt\/product\/cali-12-komoda-narozna-3-drzwiowa-artisan\/","title":{"rendered":"CALI-12 &#8211; Artisan kampin\u0117 komoda su trimis durimis"},"content":{"rendered":"<p>Garsaus \u2019Jarstol\u201c prek\u0117s \u017eenklo kampin\u0117 komoda CALI-12 su trimis durimis yra elegancijos ir funkcionalumo \u012fsik\u016bnijimas, puikiai papildantis modern\u0173 interjer\u0105. Jos i\u0161linkimai ir \u0161ilta \u201eArtisan\u201c spalva, \u012fkv\u0117pta nat\u016bralios medienos, suteiks charakterio bet kuriam kambariui, sukurdamos harmoning\u0105 erdv\u0119, kurioje jausit\u0117s patogiai. D\u0117l unikalaus \u0161ios kampin\u0117s komodos dizaino maksimaliai i\u0161naudosite turim\u0105 erdv\u0119 ir suteiksite unikalumo savo svetainei ar miegamajam. Prakti\u0161kumas yra pagrindinis \u0161io baldo bruo\u017eas. Komoda CALI-12 buvo sukurta atsi\u017evelgiant \u012f j\u016bs\u0173 poreikius, si\u016blant daug vietos daiktams susid\u0117ti. Komodos viduje yra dvi lentynos, kurios padeda susisteminti ir susisteminti \u012fvairius daiktus. Jums niekada nereik\u0117s r\u016bpintis, kur laikyti savo nieku\u010dius, knygas ar dekoracijas. J\u016bs\u0173 kambario kampelis taps tvarkinga, esteti\u0161kai patrauklia vieta, kur kiekvienas daiktas ras savo viet\u0105. Viena \u012fdomiausi\u0173 detali\u0173 \u2013 madingas groteli\u0173 dizainas, kuris patraukia ak\u012f ir suteikia baldui modernumo. Juodos rankenos ir metalin\u0117s kojel\u0117s puikiai papildo bendr\u0105 dizain\u0105, pabr\u0117\u017edamos spintel\u0117s industrin\u012f charakter\u012f. D\u0117l \u0161ios kruop\u0161\u010diai apgalvotos estetikos spintel\u0117 ne tik atlieka funkcin\u0119 funkcij\u0105, bet ir tampa pagrindiniu dekoratyviniu elementu j\u016bs\u0173 interjere.<\/p>","protected":false},"excerpt":{"rendered":"<p>Plotis (cm): 122,6<br \/>\n\u016agis (cm): 85,4<br \/>\nGylis (cm): 3,2<\/p>","protected":false},"featured_media":167140,"comment_status":"open","ping_status":"open","template":"","meta":[],"product_brand":[],"product_cat":[9503,1173,4108],"product_tag":[],"class_list":{"0":"post-167139","1":"product","2":"type-product","3":"status-publish","4":"has-post-thumbnail","6":"product_cat-furniture-system-cali-jarstol-meble","7":"product_cat-chests-of-drawers","8":"product_cat-jarstol","10":"first","11":"instock","12":"purchasable","13":"product-type-simple"},"_links":{"self":[{"href":"https:\/\/baldumarket.lt\/lt\/wp-json\/wp\/v2\/product\/167139","targetHints":{"allow":["GET"]}}],"collection":[{"href":"https:\/\/baldumarket.lt\/lt\/wp-json\/wp\/v2\/product"}],"about":[{"href":"https:\/\/baldumarket.lt\/lt\/wp-json\/wp\/v2\/types\/product"}],"replies":[{"embeddable":true,"href":"https:\/\/baldumarket.lt\/lt\/wp-json\/wp\/v2\/comments?post=167139"}],"wp:featuredmedia":[{"embeddable":true,"href":"https:\/\/baldumarket.lt\/lt\/wp-json\/wp\/v2\/media\/167140"}],"wp:attachment":[{"href":"https:\/\/baldumarket.lt\/lt\/wp-json\/wp\/v2\/media?parent=167139"}],"wp:term":[{"taxonomy":"product_brand","embeddable":true,"href":"https:\/\/baldumarket.lt\/lt\/wp-json\/wp\/v2\/product_brand?post=167139"},{"taxonomy":"product_cat","embeddable":true,"href":"https:\/\/baldumarket.lt\/lt\/wp-json\/wp\/v2\/product_cat?post=167139"},{"taxonomy":"product_tag","embeddable":true,"href":"https:\/\/baldumarket.lt\/lt\/wp-json\/wp\/v2\/product_tag?post=167139"}],"curies":[{"name":"wp","href":"https:\/\/api.w.org\/{rel}","templated":true}]}}