{"id":167131,"date":"2025-12-19T16:25:21","date_gmt":"2025-12-19T13:25:21","guid":{"rendered":"https:\/\/baldumarket.lt\/product\/cali-3-witryna-2-drzwiowa-artisan\/"},"modified":"2026-02-09T11:16:03","modified_gmt":"2026-02-09T08:16:03","slug":"cali-3-witryna-2-drzwiowa-artisan","status":"publish","type":"product","link":"https:\/\/baldumarket.lt\/lt\/product\/cali-3-witryna-2-drzwiowa-artisan\/","title":{"rendered":"CALI-3 &#8211; \u201eArtisan\u201c dviej\u0173 dur\u0173 vitrina"},"content":{"rendered":"<p>CALI-3 \u2013 Artisan 2 dur\u0173 vitrina \u2013 tai tobulas elegancijos ir funkcionalumo derinys, kuris papuo\u0161 j\u016bs\u0173 nam\u0173 interjer\u0105. \u0160i unikali \u201eJarstol\u201c prek\u0117s \u017eenklo sukurta vitrina yra 86,4 cm plo\u010dio, 131,9 cm auk\u0161\u010dio ir 40,6 cm gylio. Ji atspindi naujausias amatinink\u0173 stiliaus tendencijas, derindama nat\u016bralias med\u017eiagas su moderniu dizainu. Unikali sm\u0117lio spalvos korpuso ir fasad\u0173 spalva sukuria jauki\u0105 atmosfer\u0105, harmoningai deran\u010di\u0105 prie \u012fvairi\u0173 i\u0161d\u0117stym\u0173. CALI-3 vitrina \u2013 ne\u012ftik\u0117tinai universalus sprendimas, puikiai tinkantis valgomajam ir svetainei. Stiklinis fasadas leid\u017eia efektyviai eksponuoti m\u0117gstam\u0105 porcelian\u0105 ar eleganti\u0161k\u0173 aksesuar\u0173 kolekcij\u0105, sukuriant unikalius dekoratyvinius akcentus erdv\u0117je. Viduje taip pat yra prakti\u0161ka spintel\u0117 su lentynomis, kurioje yra daug vietos \u012fvairiems daiktams laikyti, tod\u0117l tai puiki vieta aromatingiems g\u0117rimams, skaniems saldumynams ar intriguojantiems spiritiniams g\u0117rimams. Juoda rankena ir industrinio stiliaus detal\u0117s suteikia vitrinai modern\u0173 charakter\u012f. \u0160viesi\u0173 atspalvi\u0173 ir juodos spalvos derinys sukuria unikal\u0173 derin\u012f, kuris patraukia d\u0117mes\u012f ir suteikia elegancijos. Vitrina sukurta tiems, kurie vertina stiling\u0105 estetik\u0105 ir modernius sprendimus. D\u0117l laminuot\u0173 plok\u0161\u010di\u0173 ir MDF panaudojimo baldai yra ne tik gra\u017e\u016bs, bet ir patvar\u016bs bei lengvai valomi.<\/p>","protected":false},"excerpt":{"rendered":"<p>Plotis (cm): 86,4<br \/>\n\u016agis (cm): 131,9<br \/>\nGylis (cm): 82<\/p>","protected":false},"featured_media":167132,"comment_status":"open","ping_status":"open","template":"","meta":[],"product_brand":[],"product_cat":[9503,4108,2006],"product_tag":[],"class_list":{"0":"post-167131","1":"product","2":"type-product","3":"status-publish","4":"has-post-thumbnail","6":"product_cat-furniture-system-cali-jarstol-meble","7":"product_cat-jarstol","8":"product_cat-vitrines","10":"first","11":"instock","12":"purchasable","13":"product-type-simple"},"_links":{"self":[{"href":"https:\/\/baldumarket.lt\/lt\/wp-json\/wp\/v2\/product\/167131","targetHints":{"allow":["GET"]}}],"collection":[{"href":"https:\/\/baldumarket.lt\/lt\/wp-json\/wp\/v2\/product"}],"about":[{"href":"https:\/\/baldumarket.lt\/lt\/wp-json\/wp\/v2\/types\/product"}],"replies":[{"embeddable":true,"href":"https:\/\/baldumarket.lt\/lt\/wp-json\/wp\/v2\/comments?post=167131"}],"wp:featuredmedia":[{"embeddable":true,"href":"https:\/\/baldumarket.lt\/lt\/wp-json\/wp\/v2\/media\/167132"}],"wp:attachment":[{"href":"https:\/\/baldumarket.lt\/lt\/wp-json\/wp\/v2\/media?parent=167131"}],"wp:term":[{"taxonomy":"product_brand","embeddable":true,"href":"https:\/\/baldumarket.lt\/lt\/wp-json\/wp\/v2\/product_brand?post=167131"},{"taxonomy":"product_cat","embeddable":true,"href":"https:\/\/baldumarket.lt\/lt\/wp-json\/wp\/v2\/product_cat?post=167131"},{"taxonomy":"product_tag","embeddable":true,"href":"https:\/\/baldumarket.lt\/lt\/wp-json\/wp\/v2\/product_tag?post=167131"}],"curies":[{"name":"wp","href":"https:\/\/api.w.org\/{rel}","templated":true}]}}