{"id":167115,"date":"2025-12-19T16:24:45","date_gmt":"2025-12-19T13:24:45","guid":{"rendered":"https:\/\/baldumarket.lt\/product\/cali-5-komoda-1d4s-artisan\/"},"modified":"2026-02-09T11:16:03","modified_gmt":"2026-02-09T08:16:03","slug":"cali-5-komoda-1d4s-artisan","status":"publish","type":"product","link":"https:\/\/baldumarket.lt\/lt\/product\/cali-5-komoda-1d4s-artisan\/","title":{"rendered":"CALI-5 \u2013 1D4S Artisan komoda su stal\u010diais"},"content":{"rendered":"<p>Kalbant apie stili\u0173 ir funkcionalum\u0105, \u201eJarstol\u201c komoda CALI-5 i\u0161 naujo apibr\u0117\u017eia \u0161ias koncepcijas. Eleganti\u0161kas dizainas ir moderni forma paver\u010dia \u0161i\u0105 komod\u0105 puikiu baldu tiek svetainei, tiek miegamajam. Unikalus tamsi\u0173 ranken\u0117li\u0173 ir \u201eArtisan\u201c spalvos korpuso derinys sukuria ak\u012f traukiant\u012f efekt\u0105, kuris puikiai dera prie \u012fvairi\u0173 interjero dizain\u0173. Pakeiskite savo erdv\u0119, prid\u0117dami madingo dizaino akcent\u0105, kuris tikrai prad\u017eiugins visus j\u016bs\u0173 sve\u010dius. Komoda CALI-5 pasi\u017eymi ne tik estetika, bet ir i\u0161skirtiniu funkcionalumu. Su \u0161velniai u\u017esidaran\u010diais stal\u010diais ir tvirtais metaliniais b\u0117geliais kasdienis naudojimas yra ne tik patogus, bet ir malonesnis. Tvarkingai laikyti daiktus dar niekada nebuvo taip paprasta. Stal\u010diai yra puiki vieta visiems j\u016bs\u0173 nieku\u010diams, o kartu ir leid\u017eia greitai bei patogiai juos pasiekti. Neabejotinas CALI-5 privalumas yra jos universalumas. Nesvarbu, koks j\u016bs\u0173 nam\u0173 stilius, \u201eArtisan\u201c komoda gra\u017eiai \u012fsilies \u012f bet kok\u012f interjer\u0105, o moderni forma suteiks elegancijos. Savaranki\u0161kas surinkimas leid\u017eia lengvai pritaikyti bald\u0105 prie j\u016bs\u0173 interjero, o prakti\u0161ki matmenys (plotis 101,6 cm, auk\u0161tis 85,4 cm ir gylis 40,6 cm) puikiai tinka bet kokiai erdvei.<\/p>","protected":false},"excerpt":{"rendered":"<p>Plotis (cm): 101,6<br \/>\n\u016agis (cm): 85,4<br \/>\nGylis (cm): 40,6<\/p>","protected":false},"featured_media":167116,"comment_status":"open","ping_status":"open","template":"","meta":[],"product_brand":[],"product_cat":[9503,1173,4108],"product_tag":[],"class_list":{"0":"post-167115","1":"product","2":"type-product","3":"status-publish","4":"has-post-thumbnail","6":"product_cat-furniture-system-cali-jarstol-meble","7":"product_cat-chests-of-drawers","8":"product_cat-jarstol","10":"first","11":"instock","12":"purchasable","13":"product-type-simple"},"_links":{"self":[{"href":"https:\/\/baldumarket.lt\/lt\/wp-json\/wp\/v2\/product\/167115","targetHints":{"allow":["GET"]}}],"collection":[{"href":"https:\/\/baldumarket.lt\/lt\/wp-json\/wp\/v2\/product"}],"about":[{"href":"https:\/\/baldumarket.lt\/lt\/wp-json\/wp\/v2\/types\/product"}],"replies":[{"embeddable":true,"href":"https:\/\/baldumarket.lt\/lt\/wp-json\/wp\/v2\/comments?post=167115"}],"wp:featuredmedia":[{"embeddable":true,"href":"https:\/\/baldumarket.lt\/lt\/wp-json\/wp\/v2\/media\/167116"}],"wp:attachment":[{"href":"https:\/\/baldumarket.lt\/lt\/wp-json\/wp\/v2\/media?parent=167115"}],"wp:term":[{"taxonomy":"product_brand","embeddable":true,"href":"https:\/\/baldumarket.lt\/lt\/wp-json\/wp\/v2\/product_brand?post=167115"},{"taxonomy":"product_cat","embeddable":true,"href":"https:\/\/baldumarket.lt\/lt\/wp-json\/wp\/v2\/product_cat?post=167115"},{"taxonomy":"product_tag","embeddable":true,"href":"https:\/\/baldumarket.lt\/lt\/wp-json\/wp\/v2\/product_tag?post=167115"}],"curies":[{"name":"wp","href":"https:\/\/api.w.org\/{rel}","templated":true}]}}