{"id":167107,"date":"2025-12-19T16:24:26","date_gmt":"2025-12-19T13:24:26","guid":{"rendered":"https:\/\/baldumarket.lt\/product\/cali-6-komoda-rtv-1d2s-artisan\/"},"modified":"2026-02-09T11:16:11","modified_gmt":"2026-02-09T08:16:11","slug":"cali-6-komoda-rtv-1d2s-artisan","status":"publish","type":"product","link":"https:\/\/baldumarket.lt\/lt\/product\/cali-6-komoda-rtv-1d2s-artisan\/","title":{"rendered":"CALI-6 \u2013 1D2S Artisan TV komoda"},"content":{"rendered":"<p>CALI-6 televizoriaus staliukas pasi\u017eymi juodu priekiu su lentjuost\u0117mis, suteikian\u010diu jam unikal\u0173 stili\u0173. Pagamintas i\u0161 \u201eArtisan\u201c spalvos laminuotos plok\u0161t\u0117s, staliukas spinduliuoja \u0161ilum\u0105 ir nat\u016bral\u0173 charakter\u012f, sukurdamas jauki\u0105 atmosfer\u0105 j\u016bs\u0173 svetain\u0117je. Erdvus CALI-6 staliukas yra idealus sprendimas tiems, kurie nori susitvarkyti savo erdv\u0119. Du i\u0161traukiami stal\u010diai su \u0161velnaus u\u017edarymo sistema leid\u017eia lengvai laikyti visus b\u016btiniausius televizoriaus daiktus \u2013 nuo nuotolinio valdymo pulteli\u0173 iki smulki\u0173 pried\u0173. Tai suteikia visi\u0161k\u0105 laisv\u0119 organizuojant erdv\u0119 ir palaikant tvark\u0105. CALI-6 televizoriaus staliukas yra ne tik funkcionalus, bet ir esteti\u0161kai patrauklus. Harmoningas dizainas ir \u012fdomus spalv\u0173 derinys paver\u010dia j\u012f kambario traukos centru. Be to, metalin\u0117s ranken\u0117l\u0117s pabr\u0117\u017eia modern\u0173 baldo charakter\u012f, o juoda apdaila suteikia industrinio stiliaus, atitinkan\u010dio \u0161iuolaikines tendencijas.<\/p>","protected":false},"excerpt":{"rendered":"<p>Plotis (cm): 160,6<br \/>\n\u016agis (cm): 43,4<br \/>\nGylis (cm): 40,6<\/p>","protected":false},"featured_media":167108,"comment_status":"open","ping_status":"open","template":"","meta":[],"product_brand":[],"product_cat":[9503,4108,1175],"product_tag":[],"class_list":{"0":"post-167107","1":"product","2":"type-product","3":"status-publish","4":"has-post-thumbnail","6":"product_cat-furniture-system-cali-jarstol-meble","7":"product_cat-jarstol","8":"product_cat-tv-stands","10":"first","11":"instock","12":"purchasable","13":"product-type-simple"},"_links":{"self":[{"href":"https:\/\/baldumarket.lt\/lt\/wp-json\/wp\/v2\/product\/167107","targetHints":{"allow":["GET"]}}],"collection":[{"href":"https:\/\/baldumarket.lt\/lt\/wp-json\/wp\/v2\/product"}],"about":[{"href":"https:\/\/baldumarket.lt\/lt\/wp-json\/wp\/v2\/types\/product"}],"replies":[{"embeddable":true,"href":"https:\/\/baldumarket.lt\/lt\/wp-json\/wp\/v2\/comments?post=167107"}],"wp:featuredmedia":[{"embeddable":true,"href":"https:\/\/baldumarket.lt\/lt\/wp-json\/wp\/v2\/media\/167108"}],"wp:attachment":[{"href":"https:\/\/baldumarket.lt\/lt\/wp-json\/wp\/v2\/media?parent=167107"}],"wp:term":[{"taxonomy":"product_brand","embeddable":true,"href":"https:\/\/baldumarket.lt\/lt\/wp-json\/wp\/v2\/product_brand?post=167107"},{"taxonomy":"product_cat","embeddable":true,"href":"https:\/\/baldumarket.lt\/lt\/wp-json\/wp\/v2\/product_cat?post=167107"},{"taxonomy":"product_tag","embeddable":true,"href":"https:\/\/baldumarket.lt\/lt\/wp-json\/wp\/v2\/product_tag?post=167107"}],"curies":[{"name":"wp","href":"https:\/\/api.w.org\/{rel}","templated":true}]}}