{"id":167099,"date":"2025-12-19T16:24:08","date_gmt":"2025-12-19T13:24:08","guid":{"rendered":"https:\/\/baldumarket.lt\/product\/cali-7-komoda-rtv-1d1s-artisan\/"},"modified":"2026-02-09T11:16:11","modified_gmt":"2026-02-09T08:16:11","slug":"cali-7-komoda-rtv-1d1s-artisan","status":"publish","type":"product","link":"https:\/\/baldumarket.lt\/lt\/product\/cali-7-komoda-rtv-1d1s-artisan\/","title":{"rendered":"CALI-7 &#8211; 1D1S Artisan TV komoda"},"content":{"rendered":"<p>Atraskite CALI-7 televizoriaus spintel\u0119, kuri suteiks j\u016bs\u0173 interjerui unikalaus charakterio. Jos modernus dizainas, derinantis nat\u016brali\u0105 \u201eArtisan\u201c spalv\u0105 su eleganti\u0161ku juodu priekiu, puikiai tinka bet kokiam stilingam kambariui. D\u0117l kruop\u0161taus meistri\u0161kumo spintel\u0117 ne tik \u017eavi savo estetika, bet ir suteikia j\u016bs\u0173 namams harmonijos bei ramyb\u0117s. \u0160i novatori\u0161ka spintel\u0117 su vienu centriniu stal\u010diumi ir erdvia spintele tampa prakti\u0161ku elementu bet kurioje svetain\u0117je. Patog\u016bs matmenys leid\u017eia lengvai rasti jai viet\u0105, be to, joje yra daug vietos b\u016btiniems priedams, tokiems kaip nuotolinio valdymo pulteliai ir knygos, laikyti. Funkcionalumas neatsiejamas nuo estetikos, tod\u0117l tai puikus sprendimas tiems, kurie vertina stili\u0173 ir prakti\u0161kum\u0105. CALI-7 spintel\u0117 yra puikus pasirinkimas tiems, kurie nori savo interjer\u0105 papildyti harmoningais ir moderniais elementais. Tyli skl\u0105stis ir vyriai paver\u010dia \u0161ios spintel\u0117s naudojim\u0105 tikru malonumu. Jums nebereik\u0117s jaudintis, kad pa\u017eadinsite kitus nam\u0173 \u016bkio narius \u2013 bet koks judesys bus prakti\u0161kai negirdimas, o tai suteikia patogumo kasdieniam naudojimui.<\/p>","protected":false},"excerpt":{"rendered":"<p>Plotis (cm): 124<br \/>\n\u016agis (cm): 43,4<br \/>\nGylis (cm): 40,6<\/p>","protected":false},"featured_media":167100,"comment_status":"open","ping_status":"open","template":"","meta":[],"product_brand":[],"product_cat":[9503,4108,1175],"product_tag":[],"class_list":{"0":"post-167099","1":"product","2":"type-product","3":"status-publish","4":"has-post-thumbnail","6":"product_cat-furniture-system-cali-jarstol-meble","7":"product_cat-jarstol","8":"product_cat-tv-stands","10":"first","11":"instock","12":"purchasable","13":"product-type-simple"},"_links":{"self":[{"href":"https:\/\/baldumarket.lt\/lt\/wp-json\/wp\/v2\/product\/167099","targetHints":{"allow":["GET"]}}],"collection":[{"href":"https:\/\/baldumarket.lt\/lt\/wp-json\/wp\/v2\/product"}],"about":[{"href":"https:\/\/baldumarket.lt\/lt\/wp-json\/wp\/v2\/types\/product"}],"replies":[{"embeddable":true,"href":"https:\/\/baldumarket.lt\/lt\/wp-json\/wp\/v2\/comments?post=167099"}],"wp:featuredmedia":[{"embeddable":true,"href":"https:\/\/baldumarket.lt\/lt\/wp-json\/wp\/v2\/media\/167100"}],"wp:attachment":[{"href":"https:\/\/baldumarket.lt\/lt\/wp-json\/wp\/v2\/media?parent=167099"}],"wp:term":[{"taxonomy":"product_brand","embeddable":true,"href":"https:\/\/baldumarket.lt\/lt\/wp-json\/wp\/v2\/product_brand?post=167099"},{"taxonomy":"product_cat","embeddable":true,"href":"https:\/\/baldumarket.lt\/lt\/wp-json\/wp\/v2\/product_cat?post=167099"},{"taxonomy":"product_tag","embeddable":true,"href":"https:\/\/baldumarket.lt\/lt\/wp-json\/wp\/v2\/product_tag?post=167099"}],"curies":[{"name":"wp","href":"https:\/\/api.w.org\/{rel}","templated":true}]}}