{"id":167091,"date":"2025-12-19T16:23:50","date_gmt":"2025-12-19T13:23:50","guid":{"rendered":"https:\/\/baldumarket.lt\/product\/cali-8-stolik-kawowy-lawa-1s-artisan\/"},"modified":"2026-02-09T11:16:11","modified_gmt":"2026-02-09T08:16:11","slug":"cali-8-stolik-kawowy-lawa-1s-artisan","status":"publish","type":"product","link":"https:\/\/baldumarket.lt\/lt\/product\/cali-8-stolik-kawowy-lawa-1s-artisan\/","title":{"rendered":"CALI-8 &#8211; 1S Artisan kavos staliukas"},"content":{"rendered":"<p>Kavos staliukas CALI-8 \u2013 savo i\u0161vaizda patenkins ne tik minimalistini\u0173 form\u0173 m\u0117g\u0117jus, bet ir tuos, kurie vertina elegancij\u0105. Pagamintas i\u0161 auk\u0161tos kokyb\u0117s laminuotos plok\u0161t\u0117s, jis yra puikus i\u0161skirtinio dizaino ir patvarumo derinys, tod\u0117l puikiai tiks j\u016bs\u0173 svetainei ar terasai. 90 cm plotis ir 58 cm gylis paver\u010dia CALI-8 puikia vieta m\u0117gstamiems g\u0117rimams ar u\u017ekand\u017eiams, kvie\u010diant sve\u010dius ar tiesiog atsipalaiduojant su knyga. \u012edomi ir kompakti\u0161ka forma rei\u0161kia, kad nepaisant dyd\u017eio, jis i\u0161laiko erdv\u0117s poj\u016bt\u012f, suteikdamas harmonijos bet kokiam kambariui. Be to, korpuso ir priekin\u0117s dalies spalva, pasirinkta \u201eArtisan\u201c atspalviu i\u0161 \u201eEgger\u201c kolekcijos, sukuria darni\u0105 visum\u0105, kuri lengvai dera prie \u012fvairi\u0173 interjero stili\u0173. \u0160is staliukas gali pasigirti ne tik estetika. CALI-8 buvo sukurtas galvojant apie kasdien\u012f naudojim\u0105. Jo pagalba galite lengvai laikyti visus b\u016btiniausius aksesuarus dviejose lentynose, o apgalvotas stal\u010dius, papuo\u0161tas lamel\u0117mis juodame fone, suteiks bet kokiam interjerui modernumo. Tai leis lengvai palaikyti tvark\u0105 ir kartu suteikti stiling\u0105 akcent\u0105 j\u016bs\u0173 aplinkai.<\/p>","protected":false},"excerpt":{"rendered":"<p>Plotis (cm): 90<br \/>\n\u016agis (cm): 37<br \/>\nGylis (cm): 40,6<\/p>","protected":false},"featured_media":167092,"comment_status":"open","ping_status":"open","template":"","meta":[],"product_brand":[],"product_cat":[9503,866,4108],"product_tag":[],"class_list":{"0":"post-167091","1":"product","2":"type-product","3":"status-publish","4":"has-post-thumbnail","6":"product_cat-furniture-system-cali-jarstol-meble","7":"product_cat-coffee-tables","8":"product_cat-jarstol","10":"first","11":"instock","12":"purchasable","13":"product-type-simple"},"_links":{"self":[{"href":"https:\/\/baldumarket.lt\/lt\/wp-json\/wp\/v2\/product\/167091","targetHints":{"allow":["GET"]}}],"collection":[{"href":"https:\/\/baldumarket.lt\/lt\/wp-json\/wp\/v2\/product"}],"about":[{"href":"https:\/\/baldumarket.lt\/lt\/wp-json\/wp\/v2\/types\/product"}],"replies":[{"embeddable":true,"href":"https:\/\/baldumarket.lt\/lt\/wp-json\/wp\/v2\/comments?post=167091"}],"wp:featuredmedia":[{"embeddable":true,"href":"https:\/\/baldumarket.lt\/lt\/wp-json\/wp\/v2\/media\/167092"}],"wp:attachment":[{"href":"https:\/\/baldumarket.lt\/lt\/wp-json\/wp\/v2\/media?parent=167091"}],"wp:term":[{"taxonomy":"product_brand","embeddable":true,"href":"https:\/\/baldumarket.lt\/lt\/wp-json\/wp\/v2\/product_brand?post=167091"},{"taxonomy":"product_cat","embeddable":true,"href":"https:\/\/baldumarket.lt\/lt\/wp-json\/wp\/v2\/product_cat?post=167091"},{"taxonomy":"product_tag","embeddable":true,"href":"https:\/\/baldumarket.lt\/lt\/wp-json\/wp\/v2\/product_tag?post=167091"}],"curies":[{"name":"wp","href":"https:\/\/api.w.org\/{rel}","templated":true}]}}