{"id":167086,"date":"2025-12-19T16:23:40","date_gmt":"2025-12-19T13:23:40","guid":{"rendered":"https:\/\/baldumarket.lt\/product\/cali-9-polka-wiszaca-artisan\/"},"modified":"2026-02-09T11:16:11","modified_gmt":"2026-02-09T08:16:11","slug":"cali-9-polka-wiszaca-artisan","status":"publish","type":"product","link":"https:\/\/baldumarket.lt\/lt\/product\/cali-9-polka-wiszaca-artisan\/","title":{"rendered":"CALI-9 \u2013 Pakabinama lentyna \u201eArtisan\u201c"},"content":{"rendered":"<p>\u201eJarstol\u201c pakabinama lentyna CALI-9 \u2013 tai elegancijos ir funkcionalumo derinys, nuostabiai papuo\u0161iantis bet kok\u012f interjer\u0105. Pagaminta i\u0161 auk\u0161tos kokyb\u0117s laminuotos plok\u0161t\u0117s, \u0161i pakabinama lentyna \u012fk\u016bnija unikali\u0105 \u0161iuolaikinio dizaino estetik\u0105. Juodas r\u0117mas puikiai dera su \u201eArtisan\u201c fasadu, suteikdamas modernumo. \u0160i unikali kompozicija puikiai pary\u0161kina j\u016bs\u0173 kambario stili\u0173 ir asmenyb\u0119. Pastatyta vir\u0161 komodos, vitrinos ar televizoriaus, CALI-9 sukuria jauk\u0173 kampel\u012f, kuriame galite laikyti m\u0117gstamas dekoracijas, knygas ar \u0161eimos nuotraukas. D\u0117l prakti\u0161ko dizaino lentyna ne tik puo\u0161ia, bet ir sukuria tvark\u0105 bei harmonij\u0105. Kiekvienas j\u016bs\u0173 interjero elementas nusipelno b\u016bti i\u0161ry\u0161kintas, o \u0161i lentyna tampa puikiu fonu j\u016bs\u0173 asmeniniams lobiams. 120 cm plo\u010dio, 32 cm auk\u0161\u010dio ir 18 cm gylio CALI-9 lentyna puikiai tiks \u012fvairiose aplinkose \u2013 nuo minimalistinio iki klasikinio. Paprasta, bet stilinga i\u0161vaizda daro j\u0105 idealiu pasirinkimu svetainei, miegamajam ar biurui. \u012evairi spalv\u0173 palet\u0117 leid\u017eia j\u0105 derinti prie daugelio spalv\u0173 pale\u010di\u0173, suteikiant kambariams gaivumo ir modernumo.<\/p>","protected":false},"excerpt":{"rendered":"<p>Plotis (cm): 120<br \/>\n\u016agis (cm): 32<br \/>\nGylis (cm): 58<\/p>","protected":false},"featured_media":167087,"comment_status":"open","ping_status":"open","template":"","meta":[],"product_brand":[],"product_cat":[9503,1174,4108],"product_tag":[],"class_list":{"0":"post-167086","1":"product","2":"type-product","3":"status-publish","4":"has-post-thumbnail","6":"product_cat-furniture-system-cali-jarstol-meble","7":"product_cat-hanging-shelves","8":"product_cat-jarstol","10":"first","11":"instock","12":"purchasable","13":"product-type-simple"},"_links":{"self":[{"href":"https:\/\/baldumarket.lt\/lt\/wp-json\/wp\/v2\/product\/167086","targetHints":{"allow":["GET"]}}],"collection":[{"href":"https:\/\/baldumarket.lt\/lt\/wp-json\/wp\/v2\/product"}],"about":[{"href":"https:\/\/baldumarket.lt\/lt\/wp-json\/wp\/v2\/types\/product"}],"replies":[{"embeddable":true,"href":"https:\/\/baldumarket.lt\/lt\/wp-json\/wp\/v2\/comments?post=167086"}],"wp:featuredmedia":[{"embeddable":true,"href":"https:\/\/baldumarket.lt\/lt\/wp-json\/wp\/v2\/media\/167087"}],"wp:attachment":[{"href":"https:\/\/baldumarket.lt\/lt\/wp-json\/wp\/v2\/media?parent=167086"}],"wp:term":[{"taxonomy":"product_brand","embeddable":true,"href":"https:\/\/baldumarket.lt\/lt\/wp-json\/wp\/v2\/product_brand?post=167086"},{"taxonomy":"product_cat","embeddable":true,"href":"https:\/\/baldumarket.lt\/lt\/wp-json\/wp\/v2\/product_cat?post=167086"},{"taxonomy":"product_tag","embeddable":true,"href":"https:\/\/baldumarket.lt\/lt\/wp-json\/wp\/v2\/product_tag?post=167086"}],"curies":[{"name":"wp","href":"https:\/\/api.w.org\/{rel}","templated":true}]}}