{"id":167081,"date":"2025-12-19T16:23:30","date_gmt":"2025-12-19T13:23:30","guid":{"rendered":"https:\/\/baldumarket.lt\/product\/cali-10-panel-dekoracyjny-wiszacy-z-lamelami-artisan-czarny\/"},"modified":"2026-02-09T11:16:11","modified_gmt":"2026-02-09T08:16:11","slug":"cali-10-panel-dekoracyjny-wiszacy-z-lamelami-artisan-czarny","status":"publish","type":"product","link":"https:\/\/baldumarket.lt\/lt\/product\/cali-10-panel-dekoracyjny-wiszacy-z-lamelami-artisan-czarny\/","title":{"rendered":"CALI-10 \u2013 \u201eArtisan\u201c spalvos pakabinama dekoratyvin\u0117 juoda plok\u0161t\u0117 su grotel\u0117mis"},"content":{"rendered":"<p>Su \u201eJarstol\u201c dekoratyvine plok\u0161te CALI-10 suteikite savo interjerui modernumo ir elegancijos. Unikalus dizainas, \u012fkv\u0117ptas naujausi\u0173 tendencij\u0173, paver\u010dia \u0161i\u0105 plok\u0161t\u0119 puikiu sprendimu visiems, norintiems savo svetainei suteikti charakterio. Juoda spalva kartu su subtiliomis \u201eArtisan\u201c lentel\u0117mis sukuria harmoning\u0105 kompozicij\u0105, kuri skland\u017eiai dera prie \u012fvairi\u0173 i\u0161d\u0117stym\u0173. CALI-10 plok\u0161t\u0117s matmenys yra 80 \u00d7 138 cm, tod\u0117l ji tampa i\u0161skirtiniu akcentu bet kurioje erdv\u0117je. Pavyzd\u017eiui, pakabinta u\u017e televizoriaus, ji tampa ne tik estetiniu elementu, bet ir atlieka praktin\u0119 funkcij\u0105, pasl\u0117pdama negra\u017eius laidus ir priedus. Minimalistin\u0117 forma ir prislopintos spalvos leid\u017eia lengvai priderinti j\u0105 prie \u012fvairi\u0173 stili\u0173 \u2013 nuo pramoninio iki skandinavi\u0161ko. Pagaminta i\u0161 auk\u0161tos kokyb\u0117s laminuotos plok\u0161t\u0117s ir MDF, CALI-10 plok\u0161t\u0117 ne tik atrodo gra\u017eiai, bet ir garantuoja patvarum\u0105 bei atsparum\u0105 kasdieniam naudojimui. Paprastas surinkimas leid\u017eia lengvai ir greitai pakeisti interjer\u0105. \u0160is gaminys \u2013 tai puikus funkcionalumo ir estetikos derinys, kuris leis jums sukurti nepamir\u0161tam\u0105 atmosfer\u0105 savo namuose.<\/p>","protected":false},"excerpt":{"rendered":"<p>Plotis (cm): 80<br \/>\n\u016agis (cm): 138<br \/>\nGylis (cm): 18<\/p>","protected":false},"featured_media":167082,"comment_status":"open","ping_status":"open","template":"","meta":[],"product_brand":[],"product_cat":[9503,9251,4108],"product_tag":[],"class_list":{"0":"post-167081","1":"product","2":"type-product","3":"status-publish","4":"has-post-thumbnail","6":"product_cat-furniture-system-cali-jarstol-meble","7":"product_cat-musor","8":"product_cat-jarstol","10":"first","11":"instock","12":"purchasable","13":"product-type-simple"},"_links":{"self":[{"href":"https:\/\/baldumarket.lt\/lt\/wp-json\/wp\/v2\/product\/167081","targetHints":{"allow":["GET"]}}],"collection":[{"href":"https:\/\/baldumarket.lt\/lt\/wp-json\/wp\/v2\/product"}],"about":[{"href":"https:\/\/baldumarket.lt\/lt\/wp-json\/wp\/v2\/types\/product"}],"replies":[{"embeddable":true,"href":"https:\/\/baldumarket.lt\/lt\/wp-json\/wp\/v2\/comments?post=167081"}],"wp:featuredmedia":[{"embeddable":true,"href":"https:\/\/baldumarket.lt\/lt\/wp-json\/wp\/v2\/media\/167082"}],"wp:attachment":[{"href":"https:\/\/baldumarket.lt\/lt\/wp-json\/wp\/v2\/media?parent=167081"}],"wp:term":[{"taxonomy":"product_brand","embeddable":true,"href":"https:\/\/baldumarket.lt\/lt\/wp-json\/wp\/v2\/product_brand?post=167081"},{"taxonomy":"product_cat","embeddable":true,"href":"https:\/\/baldumarket.lt\/lt\/wp-json\/wp\/v2\/product_cat?post=167081"},{"taxonomy":"product_tag","embeddable":true,"href":"https:\/\/baldumarket.lt\/lt\/wp-json\/wp\/v2\/product_tag?post=167081"}],"curies":[{"name":"wp","href":"https:\/\/api.w.org\/{rel}","templated":true}]}}