{"id":167073,"date":"2025-12-19T16:23:12","date_gmt":"2025-12-19T13:23:12","guid":{"rendered":"https:\/\/baldumarket.lt\/product\/cali-14-szafa-2d-z-lustrem-drzwi-przesuwne-artisan\/"},"modified":"2026-02-09T11:16:11","modified_gmt":"2026-02-09T08:16:11","slug":"cali-14-szafa-2d-z-lustrem-drzwi-przesuwne-artisan","status":"publish","type":"product","link":"https:\/\/baldumarket.lt\/lt\/product\/cali-14-szafa-2d-z-lustrem-drzwi-przesuwne-artisan\/","title":{"rendered":"CALI-14 &#8211; 2D spinta su veidrod\u017eiu ir stumdomomis durimis, \u201eArtisan\u201c"},"content":{"rendered":"<p>Spinta CALI-14 \u2013 stumdomos durys u\u017etikrina patog\u0173 naudojim\u0105, o papildomos vietos fasadams atidaryti tr\u016bkumas \u2013 idealus sprendimas ma\u017eesn\u0117ms erdv\u0117ms. Eleganti\u0161ko \u201eArtisan\u201c gaubto su ry\u0161kiais juodais akcentais ir subtilaus groteli\u0173 \u012fd\u0117klo derinys suteikia jai unikal\u0173 charakter\u012f, kuris prad\u017eiugins kiekvien\u0105 lofto stiliaus entuziast\u0105. Didelis veidrodis spintos priekyje yra ne tik prakti\u0161kas, bet ir b\u016bdas vizualiai padidinti erdv\u0119. Jis puikiai tiks miegamajam ar prie\u0161kambariui, atspind\u0117damas \u0161vies\u0105 ir suteikdamas j\u016bs\u0173 erdvei gylio. Spinta ne tik sutalpins visus j\u016bs\u0173 drabu\u017eius ir aksesuarus, bet ir pavers kiekvien\u0105 ryt\u0105 malonesniu potyriu, nes jame yra patogus atviras veidrodis kasdieniam stiliui. D\u0117l \u012fvairi\u0173 dyd\u017ei\u0173 \u2013 179 cm ir 199 cm \u2013 spinta CALI-14 puikiai tiks tiek ma\u017euose, tiek dideliuose kambariuose. Harmoninga estetika leid\u017eia lengvai derinti j\u0105 su kitais dizaino elementais, sukuriant darni\u0105 ir eleganti\u0161k\u0105 erdv\u0119. Tvirta konstrukcija, pagaminta i\u0161 laminuotos plok\u0161t\u0117s ir MDF, u\u017etikrina ne tik patraukli\u0105 i\u0161vaizd\u0105, bet ir patvarum\u0105 bei ilgaam\u017ei\u0161kum\u0105.<\/p>","protected":false},"excerpt":{"rendered":"<p>Plotis (cm): 179<br \/>\n\u016agis (cm): 217<br \/>\nGylis (cm): 3,2<\/p>","protected":false},"featured_media":167074,"comment_status":"open","ping_status":"open","template":"","meta":[],"product_brand":[],"product_cat":[9503,4108,1177],"product_tag":[],"class_list":{"0":"post-167073","1":"product","2":"type-product","3":"status-publish","4":"has-post-thumbnail","6":"product_cat-furniture-system-cali-jarstol-meble","7":"product_cat-jarstol","8":"product_cat-wardrobes","10":"first","11":"instock","12":"purchasable","13":"product-type-simple"},"_links":{"self":[{"href":"https:\/\/baldumarket.lt\/lt\/wp-json\/wp\/v2\/product\/167073","targetHints":{"allow":["GET"]}}],"collection":[{"href":"https:\/\/baldumarket.lt\/lt\/wp-json\/wp\/v2\/product"}],"about":[{"href":"https:\/\/baldumarket.lt\/lt\/wp-json\/wp\/v2\/types\/product"}],"replies":[{"embeddable":true,"href":"https:\/\/baldumarket.lt\/lt\/wp-json\/wp\/v2\/comments?post=167073"}],"wp:featuredmedia":[{"embeddable":true,"href":"https:\/\/baldumarket.lt\/lt\/wp-json\/wp\/v2\/media\/167074"}],"wp:attachment":[{"href":"https:\/\/baldumarket.lt\/lt\/wp-json\/wp\/v2\/media?parent=167073"}],"wp:term":[{"taxonomy":"product_brand","embeddable":true,"href":"https:\/\/baldumarket.lt\/lt\/wp-json\/wp\/v2\/product_brand?post=167073"},{"taxonomy":"product_cat","embeddable":true,"href":"https:\/\/baldumarket.lt\/lt\/wp-json\/wp\/v2\/product_cat?post=167073"},{"taxonomy":"product_tag","embeddable":true,"href":"https:\/\/baldumarket.lt\/lt\/wp-json\/wp\/v2\/product_tag?post=167073"}],"curies":[{"name":"wp","href":"https:\/\/api.w.org\/{rel}","templated":true}]}}