{"id":167065,"date":"2025-12-19T16:22:55","date_gmt":"2025-12-19T13:22:55","guid":{"rendered":"https:\/\/baldumarket.lt\/product\/cali-16-lozko-ze-stelazem-140x200-cm-artisan\/"},"modified":"2026-02-09T11:16:11","modified_gmt":"2026-02-09T08:16:11","slug":"cali-16-lozko-ze-stelazem-140x200-cm-artisan","status":"publish","type":"product","link":"https:\/\/baldumarket.lt\/lt\/product\/cali-16-lozko-ze-stelazem-140x200-cm-artisan\/","title":{"rendered":"CALI-16 \u2013 Lova su r\u0117mu 140\u00d7200 cm Artisan"},"content":{"rendered":"<p>CALI-16 \u2013 tai unikali lova, kuri taps bet kurio miegamojo \u0161irdimi. Sukurta kruop\u0161\u010diai apgalvojus smulkiausias detales, ji traukia d\u0117mes\u012f savo unikaliu dizainu ir eleganti\u0161ka apdaila. Korpuso ir priekin\u0117s dalies derinys su garsiuoju \u201eEgger H1318\u201c \u201eArtisan\u201c atspalviu suteikia baldui modern\u0173 ir stiling\u0105 vaizd\u0105, kuris puikiai papildys \u012fvairius interjero dizainus. Madingos CALI-16 priekin\u0117s dalies grotel\u0117s kartu su mink\u0161tu galv\u016bgaliu sukuria darni\u0105 visum\u0105, kuri ne tik d\u017eiugina estetika, bet ir padidina komfort\u0105. Kiekvienas, ie\u0161kantis bald\u0173, kurie miegamajam suteikt\u0173 prabangos, tikrai \u012fvertins \u0161\u012f unikal\u0173 element\u0105. Ilgais vakarais su knyga CALI-16 taps j\u016bs\u0173 m\u0117gstamiausia vieta atsipalaiduoti ir pails\u0117ti. CALI-16 lovos funkcionalumas yra \u012fsp\u016bdingai i\u0161radingas. \u012emontuota patalyn\u0117s saugykla suteikia papildomos vietos daiktams susid\u0117ti, o tai ypa\u010d svarbu ma\u017eesniuose miegamuosiuose. Be to, metalinis r\u0117mas ir dujiniai keltuvai leid\u017eia ne tik lengvai, bet ir patogiai patekti \u012f vid\u0173. Tai puikus sprendimas tiems, kurie ie\u0161ko komforto ir funkcionalumo viename.<\/p>","protected":false},"excerpt":{"rendered":"<p>Plotis (cm): 147,3<br \/>\n\u016agis (cm): 100<br \/>\nGylis (cm): 60,2<\/p>","protected":false},"featured_media":167066,"comment_status":"open","ping_status":"open","template":"","meta":[],"product_brand":[],"product_cat":[9503,505,1970,4108],"product_tag":[],"class_list":{"0":"post-167065","1":"product","2":"type-product","3":"status-publish","4":"has-post-thumbnail","6":"product_cat-furniture-system-cali-jarstol-meble","7":"product_cat-bedroom-beds","8":"product_cat-beds-140x200","9":"product_cat-jarstol","11":"first","12":"instock","13":"purchasable","14":"product-type-simple"},"_links":{"self":[{"href":"https:\/\/baldumarket.lt\/lt\/wp-json\/wp\/v2\/product\/167065","targetHints":{"allow":["GET"]}}],"collection":[{"href":"https:\/\/baldumarket.lt\/lt\/wp-json\/wp\/v2\/product"}],"about":[{"href":"https:\/\/baldumarket.lt\/lt\/wp-json\/wp\/v2\/types\/product"}],"replies":[{"embeddable":true,"href":"https:\/\/baldumarket.lt\/lt\/wp-json\/wp\/v2\/comments?post=167065"}],"wp:featuredmedia":[{"embeddable":true,"href":"https:\/\/baldumarket.lt\/lt\/wp-json\/wp\/v2\/media\/167066"}],"wp:attachment":[{"href":"https:\/\/baldumarket.lt\/lt\/wp-json\/wp\/v2\/media?parent=167065"}],"wp:term":[{"taxonomy":"product_brand","embeddable":true,"href":"https:\/\/baldumarket.lt\/lt\/wp-json\/wp\/v2\/product_brand?post=167065"},{"taxonomy":"product_cat","embeddable":true,"href":"https:\/\/baldumarket.lt\/lt\/wp-json\/wp\/v2\/product_cat?post=167065"},{"taxonomy":"product_tag","embeddable":true,"href":"https:\/\/baldumarket.lt\/lt\/wp-json\/wp\/v2\/product_tag?post=167065"}],"curies":[{"name":"wp","href":"https:\/\/api.w.org\/{rel}","templated":true}]}}