{"id":167057,"date":"2025-12-19T16:22:38","date_gmt":"2025-12-19T13:22:38","guid":{"rendered":"https:\/\/baldumarket.lt\/product\/cali-16-lozko-ze-stelazem-160x200-cm-artisan\/"},"modified":"2026-02-09T11:16:11","modified_gmt":"2026-02-09T08:16:11","slug":"cali-16-lozko-ze-stelazem-160x200-cm-artisan","status":"publish","type":"product","link":"https:\/\/baldumarket.lt\/lt\/product\/cali-16-lozko-ze-stelazem-160x200-cm-artisan\/","title":{"rendered":"CALI-16 \u2013 Lova su r\u0117mu 160\u00d7200 cm Artisan"},"content":{"rendered":"<p>Lova CALI-16 \u2013 neatsiejama bet kurio miegamojo dalis, spinduliuojanti i\u0161skirtiniu stiliumi ir komfortu. Pagaminta i\u0161 auk\u0161tos kokyb\u0117s med\u017eiag\u0173, \u0161i 160\u00d7200 cm lova pasi\u017eymi moderniu \u201eArtisan\u201c dizainu, tod\u0117l tampa j\u016bs\u0173 miegamojo traukos centru. Eleganti\u0161k\u0173 detali\u0173 ir funkcionali\u0173 sprendim\u0173 derinys sukuria nepaprast\u0105 harmonij\u0105, kuri patenkins net ir i\u0161rankiausius vartotojus. Madingos priekin\u0117s dalies grotel\u0117s suteiks j\u016bs\u0173 interjerui modernumo, o juodos spalvos apmu\u0161tos galv\u016bgalio dalys suteiks prabangos ir elegancijos. D\u0117l to CALI-16 lova puikiai tinka \u012fvairiems interjero stiliams \u2013 nuo minimalistinio iki klasikinio. Kruop\u0161\u010diai apgalvotas dizainas garantuoja, kad kiekvien\u0105 ryt\u0105 pabusite pails\u0117j\u0119 ir pasiruo\u0161\u0119 naujiems i\u0161\u0161\u016bkiams. Be estetinio patrauklumo, CALI-16 lova taip pat yra prakti\u0161ka. \u012emontuota patalyn\u0117s saugykla yra puikus sprendimas tiems, kurie nori maksimaliai i\u0161naudoti erdv\u0119 savo miegamajame. Dabar visus savo aksesuarus galite laikyti vienoje vietoje, taip palaikydami tvark\u0105 ir \u0161var\u0105. Puikiai tinka ma\u017eesniems interjerams, kur svarbus kiekvienas centimetras.<\/p>","protected":false},"excerpt":{"rendered":"<p>Plotis (cm): 167,3<br \/>\n\u016agis (cm): 100<br \/>\nGylis (cm): 209<\/p>","protected":false},"featured_media":167058,"comment_status":"open","ping_status":"open","template":"","meta":[],"product_brand":[],"product_cat":[9503,505,1971,4108],"product_tag":[],"class_list":{"0":"post-167057","1":"product","2":"type-product","3":"status-publish","4":"has-post-thumbnail","6":"product_cat-furniture-system-cali-jarstol-meble","7":"product_cat-bedroom-beds","8":"product_cat-beds-160x200","9":"product_cat-jarstol","11":"first","12":"instock","13":"purchasable","14":"product-type-simple"},"_links":{"self":[{"href":"https:\/\/baldumarket.lt\/lt\/wp-json\/wp\/v2\/product\/167057","targetHints":{"allow":["GET"]}}],"collection":[{"href":"https:\/\/baldumarket.lt\/lt\/wp-json\/wp\/v2\/product"}],"about":[{"href":"https:\/\/baldumarket.lt\/lt\/wp-json\/wp\/v2\/types\/product"}],"replies":[{"embeddable":true,"href":"https:\/\/baldumarket.lt\/lt\/wp-json\/wp\/v2\/comments?post=167057"}],"wp:featuredmedia":[{"embeddable":true,"href":"https:\/\/baldumarket.lt\/lt\/wp-json\/wp\/v2\/media\/167058"}],"wp:attachment":[{"href":"https:\/\/baldumarket.lt\/lt\/wp-json\/wp\/v2\/media?parent=167057"}],"wp:term":[{"taxonomy":"product_brand","embeddable":true,"href":"https:\/\/baldumarket.lt\/lt\/wp-json\/wp\/v2\/product_brand?post=167057"},{"taxonomy":"product_cat","embeddable":true,"href":"https:\/\/baldumarket.lt\/lt\/wp-json\/wp\/v2\/product_cat?post=167057"},{"taxonomy":"product_tag","embeddable":true,"href":"https:\/\/baldumarket.lt\/lt\/wp-json\/wp\/v2\/product_tag?post=167057"}],"curies":[{"name":"wp","href":"https:\/\/api.w.org\/{rel}","templated":true}]}}