{"id":167049,"date":"2025-12-19T16:22:20","date_gmt":"2025-12-19T13:22:20","guid":{"rendered":"https:\/\/baldumarket.lt\/product\/cali-16-lozko-ze-stelazem-180x200-cm-artisan\/"},"modified":"2026-02-09T11:16:20","modified_gmt":"2026-02-09T08:16:20","slug":"cali-16-lozko-ze-stelazem-180x200-cm-artisan","status":"publish","type":"product","link":"https:\/\/baldumarket.lt\/lt\/product\/cali-16-lozko-ze-stelazem-180x200-cm-artisan\/","title":{"rendered":"CALI-16 &#8211; Lova su r\u0117mu 180&#215;200 cm Artisan"},"content":{"rendered":"<p>Miegamajame svarbu ne tik lovos i\u0161vaizda, bet ir jos funkcionalumas. Lova CALI-16 sukurta atsi\u017evelgiant \u012f kasdien\u012f naudojim\u0105. \u012emontuota patalyn\u0117s saugykla suteikia papildomos vietos daiktams susid\u0117ti, o tai nepaprastai vertinga ma\u017eesn\u0117se erdv\u0117se. Tai leid\u017eia lengvai palaikyti tvark\u0105 ir patogiai laikyti antklodes bei pagalves, tuo pa\u010diu u\u017etikrinant greit\u0105 prieig\u0105 prie j\u0173 prireikus.<\/p>\n<p>Naudotos auk\u0161tos kokyb\u0117s med\u017eiagos ir kruop\u0161tus meistri\u0161kumas daro CALI-16 lov\u0105 ne tik stiling\u0105, bet ir ne\u012ftik\u0117tinai patvari\u0105. Metalinis r\u0117mas kartu su dujiniais keltuvais ne tik palengvina kasdien\u012f patalyn\u0117s laikymo naudojim\u0105, bet ir u\u017etikrina visos konstrukcijos stabilum\u0105 bei ilgaam\u017ei\u0161kum\u0105. Tai rei\u0161kia, kad galite m\u0117gautis patogiu miegu daugel\u012f met\u0173, nesijaudindami d\u0117l bald\u0173 kokyb\u0117s.<\/p>\n<p>Nelaukite! Papuo\u0161kite savo miegam\u0105j\u012f CALI-16 lova, kuri nustatys nauj\u0105 komforto ir stiliaus standart\u0105 j\u016bs\u0173 interjere. Lengvai surenkama lova u\u017etikrins, kad gal\u0117site greitai m\u0117gautis nauju pirkiniu, o esteti\u0161ka i\u0161vaizda u\u017etikrins, kad ji taps j\u016bs\u0173 kambario traukos centru. Palepinkite save ir savo artimuosius komfortu ir elegancija, kurios nusipeln\u0117te!<\/p>","protected":false},"excerpt":{"rendered":"<p>Plotis (cm): 187,3<br \/>\n\u016agis (cm): 100<br \/>\nGylis (cm): 209<\/p>","protected":false},"featured_media":167050,"comment_status":"open","ping_status":"open","template":"","meta":[],"product_brand":[],"product_cat":[9503,505,1972,4108],"product_tag":[],"class_list":{"0":"post-167049","1":"product","2":"type-product","3":"status-publish","4":"has-post-thumbnail","6":"product_cat-furniture-system-cali-jarstol-meble","7":"product_cat-bedroom-beds","8":"product_cat-beds-180x200","9":"product_cat-jarstol","11":"first","12":"instock","13":"purchasable","14":"product-type-simple"},"_links":{"self":[{"href":"https:\/\/baldumarket.lt\/lt\/wp-json\/wp\/v2\/product\/167049","targetHints":{"allow":["GET"]}}],"collection":[{"href":"https:\/\/baldumarket.lt\/lt\/wp-json\/wp\/v2\/product"}],"about":[{"href":"https:\/\/baldumarket.lt\/lt\/wp-json\/wp\/v2\/types\/product"}],"replies":[{"embeddable":true,"href":"https:\/\/baldumarket.lt\/lt\/wp-json\/wp\/v2\/comments?post=167049"}],"wp:featuredmedia":[{"embeddable":true,"href":"https:\/\/baldumarket.lt\/lt\/wp-json\/wp\/v2\/media\/167050"}],"wp:attachment":[{"href":"https:\/\/baldumarket.lt\/lt\/wp-json\/wp\/v2\/media?parent=167049"}],"wp:term":[{"taxonomy":"product_brand","embeddable":true,"href":"https:\/\/baldumarket.lt\/lt\/wp-json\/wp\/v2\/product_brand?post=167049"},{"taxonomy":"product_cat","embeddable":true,"href":"https:\/\/baldumarket.lt\/lt\/wp-json\/wp\/v2\/product_cat?post=167049"},{"taxonomy":"product_tag","embeddable":true,"href":"https:\/\/baldumarket.lt\/lt\/wp-json\/wp\/v2\/product_tag?post=167049"}],"curies":[{"name":"wp","href":"https:\/\/api.w.org\/{rel}","templated":true}]}}