{"id":167042,"date":"2025-12-19T16:22:05","date_gmt":"2025-12-19T13:22:05","guid":{"rendered":"https:\/\/baldumarket.lt\/product\/cali-17-szafka-nocna-2-szuflady-artisan\/"},"modified":"2026-02-09T11:16:20","modified_gmt":"2026-02-09T08:16:20","slug":"cali-17-szafka-nocna-2-szuflady-artisan","status":"publish","type":"product","link":"https:\/\/baldumarket.lt\/lt\/product\/cali-17-szafka-nocna-2-szuflady-artisan\/","title":{"rendered":"CALI-17 \u2013 \u201eArtisan\u201c naktinis staliukas su dviem stal\u010diais"},"content":{"rendered":"<p>\u201eCali-17\u201c naktinio stalelio funkcionalumas akivaizdus d\u0117l sumanaus erdv\u0117s planavimo. Du erdv\u016bs stal\u010diai ir papildoma lentyna suteikia jam puiki\u0105 viet\u0105 laikyti \u012fvairius smulkius daiktus \u2013 nuo knyg\u0173 iki akini\u0173 ir asmenini\u0173 aksesuar\u0173. D\u0117l sumaniai paskirstytos erdv\u0117s kiekvienas daiktas turi savo viet\u0105, tod\u0117l miegamajame pasieksite tvark\u0105 ir harmonij\u0105. Juodo metalo kojel\u0117s \u2013 detal\u0117, verta pamin\u0117ti \u2013 suteikia naktiniam staliukui unikalaus charakterio. Minimalistinis dizainas kartu su nat\u016bralia laminato plok\u0161t\u0117s i\u0161vaizda paver\u010dia naktin\u012f staliuk\u0105 rafinuotu dizaino elementu. Be to, tai, kad jis yra pakelta nuo grind\u0173, palengvina valym\u0105 \u2013 savyb\u0119, kuri\u0105 tikrai \u012fvertins kiekvienas, besir\u016bpinantis savo nam\u0173 \u0161vara. Auk\u0161\u010diausios kokyb\u0117s med\u017eiagos garantuoja ne tik estetik\u0105, bet ir ilgaam\u017ei\u0161kum\u0105. \u201eCali-17\u201c naktinis staliukas buvo sukurtas galvojant apie kasdien\u012f naudojim\u0105 ir tarnaus daugel\u012f met\u0173 neprarasdamas savo \u017eavesio. Investicija \u012f \u0161\u012f eleganti\u0161k\u0105 bald\u0105 \u2013 tai \u017eingsnis kuriant erdv\u0119, kurioje kiekvienas vakaras ir rytas bus malonumas.<\/p>","protected":false},"excerpt":{"rendered":"<p>Plotis (cm): 48<br \/>\n\u016agis (cm): 51<br \/>\nGylis (cm): 209<\/p>","protected":false},"featured_media":167043,"comment_status":"open","ping_status":"open","template":"","meta":[],"product_brand":[],"product_cat":[9503,1176,4108],"product_tag":[],"class_list":{"0":"post-167042","1":"product","2":"type-product","3":"status-publish","4":"has-post-thumbnail","6":"product_cat-furniture-system-cali-jarstol-meble","7":"product_cat-bedside-tables","8":"product_cat-jarstol","10":"first","11":"instock","12":"purchasable","13":"product-type-simple"},"_links":{"self":[{"href":"https:\/\/baldumarket.lt\/lt\/wp-json\/wp\/v2\/product\/167042","targetHints":{"allow":["GET"]}}],"collection":[{"href":"https:\/\/baldumarket.lt\/lt\/wp-json\/wp\/v2\/product"}],"about":[{"href":"https:\/\/baldumarket.lt\/lt\/wp-json\/wp\/v2\/types\/product"}],"replies":[{"embeddable":true,"href":"https:\/\/baldumarket.lt\/lt\/wp-json\/wp\/v2\/comments?post=167042"}],"wp:featuredmedia":[{"embeddable":true,"href":"https:\/\/baldumarket.lt\/lt\/wp-json\/wp\/v2\/media\/167043"}],"wp:attachment":[{"href":"https:\/\/baldumarket.lt\/lt\/wp-json\/wp\/v2\/media?parent=167042"}],"wp:term":[{"taxonomy":"product_brand","embeddable":true,"href":"https:\/\/baldumarket.lt\/lt\/wp-json\/wp\/v2\/product_brand?post=167042"},{"taxonomy":"product_cat","embeddable":true,"href":"https:\/\/baldumarket.lt\/lt\/wp-json\/wp\/v2\/product_cat?post=167042"},{"taxonomy":"product_tag","embeddable":true,"href":"https:\/\/baldumarket.lt\/lt\/wp-json\/wp\/v2\/product_tag?post=167042"}],"curies":[{"name":"wp","href":"https:\/\/api.w.org\/{rel}","templated":true}]}}