{"id":167034,"date":"2025-12-19T16:21:49","date_gmt":"2025-12-19T13:21:49","guid":{"rendered":"https:\/\/baldumarket.lt\/product\/cali-18-toaletka-konsola-2-szuflady-artisan\/"},"modified":"2026-02-09T11:16:20","modified_gmt":"2026-02-09T08:16:20","slug":"cali-18-toaletka-konsola-2-szuflady-artisan","status":"publish","type":"product","link":"https:\/\/baldumarket.lt\/lt\/product\/cali-18-toaletka-konsola-2-szuflady-artisan\/","title":{"rendered":"CALI-18 &#8211; \u201eArtisan\u201c dviej\u0173 stal\u010di\u0173 konsolinis tualetinis staliukas"},"content":{"rendered":"<p>Atraskite CALI-18 konsolinio tualetinio staliuko elegancij\u0105 ir funkcionalum\u0105. \u0160is unikalus, \u201eArtisan\u201c gamybos baldas \u2013 puikus sprendimas tiems, kurie vertina estetik\u0105 ir prakti\u0161kum\u0105. D\u0117l minimalistin\u0117s formos ir eleganti\u0161kos apdailos tualetinis staliukas lengvai der\u0117s prie bet kokio interjero, suteikdamas jam unikal\u0173 charakter\u012f ir klas\u0119. CALI-18 tualetinio staliuko universalumas idealiai tinka ne tik miegamajam, bet ir biurui. Reguliuojamas dizainas, 100 cm plo\u010dio ir 40,5 cm gylio, sukuria erdv\u0119 k\u016brybiniam darbui prie kompiuterio arba kasdieniams gro\u017eio ritualams. Jaukus kampelis, kuriame gal\u0117site laikyti m\u0117gstam\u0105 kosmetik\u0105 ar papuo\u0161alus, taps atsipalaidavimo ir \u012fkv\u0117pimo vieta kiekvien\u0105 dien\u0105. CALI-18 tualetinis staliukas su dviem prakti\u0161kais stal\u010diais leid\u017eia palaikyti tvark\u0105 ir lengvai pasiekti visus b\u016btiniausius aksesuarus. Stal\u010diai tyliai u\u017esidaro, sukurdami jauki\u0105 atmosfer\u0105, o j\u0173 talpa suteikia pakankamai vietos kosmetikai, papuo\u0161alams ir kitiems smulkiems daiktams. Be to, stilingas fotelis ar pufas bus puikus j\u016bs\u0173 gro\u017eio kampelio papildymas, u\u017etikrinantis komfort\u0105 kasdieni\u0173 ritual\u0173 metu.<\/p>","protected":false},"excerpt":{"rendered":"<p>Plotis (cm): 100<br \/>\n\u016agis (cm): 78<br \/>\nGylis (cm): 40,6<\/p>","protected":false},"featured_media":167035,"comment_status":"open","ping_status":"open","template":"","meta":[],"product_brand":[],"product_cat":[9503,1237,4108],"product_tag":[],"class_list":{"0":"post-167034","1":"product","2":"type-product","3":"status-publish","4":"has-post-thumbnail","6":"product_cat-furniture-system-cali-jarstol-meble","7":"product_cat-dressing-tables","8":"product_cat-jarstol","10":"first","11":"instock","12":"purchasable","13":"product-type-simple"},"_links":{"self":[{"href":"https:\/\/baldumarket.lt\/lt\/wp-json\/wp\/v2\/product\/167034","targetHints":{"allow":["GET"]}}],"collection":[{"href":"https:\/\/baldumarket.lt\/lt\/wp-json\/wp\/v2\/product"}],"about":[{"href":"https:\/\/baldumarket.lt\/lt\/wp-json\/wp\/v2\/types\/product"}],"replies":[{"embeddable":true,"href":"https:\/\/baldumarket.lt\/lt\/wp-json\/wp\/v2\/comments?post=167034"}],"wp:featuredmedia":[{"embeddable":true,"href":"https:\/\/baldumarket.lt\/lt\/wp-json\/wp\/v2\/media\/167035"}],"wp:attachment":[{"href":"https:\/\/baldumarket.lt\/lt\/wp-json\/wp\/v2\/media?parent=167034"}],"wp:term":[{"taxonomy":"product_brand","embeddable":true,"href":"https:\/\/baldumarket.lt\/lt\/wp-json\/wp\/v2\/product_brand?post=167034"},{"taxonomy":"product_cat","embeddable":true,"href":"https:\/\/baldumarket.lt\/lt\/wp-json\/wp\/v2\/product_cat?post=167034"},{"taxonomy":"product_tag","embeddable":true,"href":"https:\/\/baldumarket.lt\/lt\/wp-json\/wp\/v2\/product_tag?post=167034"}],"curies":[{"name":"wp","href":"https:\/\/api.w.org\/{rel}","templated":true}]}}