{"id":167026,"date":"2025-12-19T16:21:33","date_gmt":"2025-12-19T13:21:33","guid":{"rendered":"https:\/\/baldumarket.lt\/product\/cali-19-biurko-1d-artisan\/"},"modified":"2026-02-09T11:16:20","modified_gmt":"2026-02-09T08:16:20","slug":"cali-19-biurko-1d-artisan","status":"publish","type":"product","link":"https:\/\/baldumarket.lt\/lt\/product\/cali-19-biurko-1d-artisan\/","title":{"rendered":"CALI-19 &#8211; 1D amatinink\u0173 stalas"},"content":{"rendered":"<p>Kurdami CALI-19 stal\u0105, galvojome apie visus, kurie vertina komfort\u0105 ir estetik\u0105. Atsi\u017evelgdami \u012f kasdienius poreikius, stalas si\u016blo prakti\u0161kus sprendimus, tokius kaip i\u0161traukiama klaviat\u016bros lentyna, leid\u017eianti maksimaliai i\u0161naudoti darbo viet\u0105. Tai puiki vieta ne\u0161iojamam kompiuteriui ar dokumentams, kuriuos galite laikyti ir taip sukurti tvarking\u0105 stal\u0105. Taip pat, atsi\u017evelgiant \u012f darbo vietos organizavim\u0105, CALI-19 stalas turi erdvi\u0105 lentyn\u0105 de\u0161in\u0117je pus\u0117je, kurioje tilps ne tik popieri\u0173 kr\u016bva, bet ir kiti biuro reikmenys, kurie visada turi b\u016bti po ranka. Papildoma erdv\u0117 spintoje su pertvara lentyna yra puikus sprendimas norint sutvarkyti visus b\u016btiniausius daiktus, i\u0161laikant tvark\u0105 ir tvarkingum\u0105. Renkantis baldus interjerui, svarbu ne tik funkcionalumas, bet ir stilius. CALI-19 stalas i\u0161siskiria ne tik patrauklia i\u0161vaizda, bet ir auk\u0161ta gamybos kokybe. Jo gamyboje naudojamos med\u017eiagos garantuoja patvarum\u0105 ir estetik\u0105, tod\u0117l tai idealus sprendimas ilgus metus. D\u0117l tyliai u\u017esidaran\u010di\u0173 vyri\u0173 naudotis stalu bus visi\u0161kai patogu, o kiekvienas judesys beveik tylus.<\/p>","protected":false},"excerpt":{"rendered":"<p>Plotis (cm): 120<br \/>\n\u016agis (cm): 78<br \/>\nGylis (cm): 40,5<\/p>","protected":false},"featured_media":167027,"comment_status":"open","ping_status":"open","template":"","meta":[],"product_brand":[],"product_cat":[9503,1312,4108],"product_tag":[],"class_list":{"0":"post-167026","1":"product","2":"type-product","3":"status-publish","4":"has-post-thumbnail","6":"product_cat-furniture-system-cali-jarstol-meble","7":"product_cat-desks","8":"product_cat-jarstol","10":"first","11":"instock","12":"purchasable","13":"product-type-simple"},"_links":{"self":[{"href":"https:\/\/baldumarket.lt\/lt\/wp-json\/wp\/v2\/product\/167026","targetHints":{"allow":["GET"]}}],"collection":[{"href":"https:\/\/baldumarket.lt\/lt\/wp-json\/wp\/v2\/product"}],"about":[{"href":"https:\/\/baldumarket.lt\/lt\/wp-json\/wp\/v2\/types\/product"}],"replies":[{"embeddable":true,"href":"https:\/\/baldumarket.lt\/lt\/wp-json\/wp\/v2\/comments?post=167026"}],"wp:featuredmedia":[{"embeddable":true,"href":"https:\/\/baldumarket.lt\/lt\/wp-json\/wp\/v2\/media\/167027"}],"wp:attachment":[{"href":"https:\/\/baldumarket.lt\/lt\/wp-json\/wp\/v2\/media?parent=167026"}],"wp:term":[{"taxonomy":"product_brand","embeddable":true,"href":"https:\/\/baldumarket.lt\/lt\/wp-json\/wp\/v2\/product_brand?post=167026"},{"taxonomy":"product_cat","embeddable":true,"href":"https:\/\/baldumarket.lt\/lt\/wp-json\/wp\/v2\/product_cat?post=167026"},{"taxonomy":"product_tag","embeddable":true,"href":"https:\/\/baldumarket.lt\/lt\/wp-json\/wp\/v2\/product_tag?post=167026"}],"curies":[{"name":"wp","href":"https:\/\/api.w.org\/{rel}","templated":true}]}}