{"id":167018,"date":"2025-12-19T16:21:16","date_gmt":"2025-12-19T13:21:16","guid":{"rendered":"https:\/\/baldumarket.lt\/product\/cali-20-komoda-3d4s-artisan\/"},"modified":"2026-02-09T11:16:20","modified_gmt":"2026-02-09T08:16:20","slug":"cali-20-komoda-3d4s-artisan","status":"publish","type":"product","link":"https:\/\/baldumarket.lt\/lt\/product\/cali-20-komoda-3d4s-artisan\/","title":{"rendered":"CALI-20 \u2013 3D4S Artisan komoda su stal\u010diais"},"content":{"rendered":"<p>Komoda CALI-20 Artisan traukia ak\u012f subtilia apdaila, puikiai deranti su \u0161iuolaikin\u0117mis dizaino tendencijomis. \u0160is baldas gali suteikti charakterio bet kuriai erdvei \u2013 nuo svetain\u0117s iki miegamojo. Komodos CALI-20 vidus si\u016blo neribotas daikt\u0173 laikymo galimybes. D\u0117l daugyb\u0117s stal\u010di\u0173 galite susid\u0117ti apatinius drabu\u017eius, nam\u0173 aksesuarus, kad greitai rastum\u0117te tai, ko ie\u0161kote. Trys erdvios spintel\u0117s su lentynomis suteikia puiki\u0105 viet\u0105 patalynei, rank\u0161luos\u010diams ir net dekoratyviniams daiktams, kurie sustiprins unikal\u0173 j\u016bs\u0173 nam\u0173 stili\u0173. \u0160is gerai apgalvotas dizainas ne tik pagerina estetik\u0105, bet ir suteikia komfort\u0105 bei naudojimo paprastum\u0105. \u0160velniai u\u017esidarantys vyriai ir metaliniai b\u0117geliai u\u017etikrina patog\u0173 naudojim\u0105, tod\u0117l kiekviena diena su \u0161ia komoda bus malonumas. Be to, juodos metalin\u0117s ranken\u0117l\u0117s sukuria subtil\u0173 kontrast\u0105, kuris gra\u017eiai papildo bendr\u0105 dizain\u0105 ir suteikia modernumo.<\/p>","protected":false},"excerpt":{"rendered":"<p>Plotis (cm): 182,7<br \/>\n\u016agis (cm): 85,4<br \/>\nGylis (cm): 60<\/p>","protected":false},"featured_media":167019,"comment_status":"open","ping_status":"open","template":"","meta":[],"product_brand":[],"product_cat":[9503,1173,4108],"product_tag":[],"class_list":{"0":"post-167018","1":"product","2":"type-product","3":"status-publish","4":"has-post-thumbnail","6":"product_cat-furniture-system-cali-jarstol-meble","7":"product_cat-chests-of-drawers","8":"product_cat-jarstol","10":"first","11":"instock","12":"purchasable","13":"product-type-simple"},"_links":{"self":[{"href":"https:\/\/baldumarket.lt\/lt\/wp-json\/wp\/v2\/product\/167018","targetHints":{"allow":["GET"]}}],"collection":[{"href":"https:\/\/baldumarket.lt\/lt\/wp-json\/wp\/v2\/product"}],"about":[{"href":"https:\/\/baldumarket.lt\/lt\/wp-json\/wp\/v2\/types\/product"}],"replies":[{"embeddable":true,"href":"https:\/\/baldumarket.lt\/lt\/wp-json\/wp\/v2\/comments?post=167018"}],"wp:featuredmedia":[{"embeddable":true,"href":"https:\/\/baldumarket.lt\/lt\/wp-json\/wp\/v2\/media\/167019"}],"wp:attachment":[{"href":"https:\/\/baldumarket.lt\/lt\/wp-json\/wp\/v2\/media?parent=167018"}],"wp:term":[{"taxonomy":"product_brand","embeddable":true,"href":"https:\/\/baldumarket.lt\/lt\/wp-json\/wp\/v2\/product_brand?post=167018"},{"taxonomy":"product_cat","embeddable":true,"href":"https:\/\/baldumarket.lt\/lt\/wp-json\/wp\/v2\/product_cat?post=167018"},{"taxonomy":"product_tag","embeddable":true,"href":"https:\/\/baldumarket.lt\/lt\/wp-json\/wp\/v2\/product_tag?post=167018"}],"curies":[{"name":"wp","href":"https:\/\/api.w.org\/{rel}","templated":true}]}}