{"id":167011,"date":"2025-12-19T16:21:01","date_gmt":"2025-12-19T13:21:01","guid":{"rendered":"https:\/\/baldumarket.lt\/product\/cali-duzy-stol-rozkladany-160-260-cm-artisan\/"},"modified":"2026-02-09T11:16:20","modified_gmt":"2026-02-09T08:16:20","slug":"cali-duzy-stol-rozkladany-160-260-cm-artisan","status":"publish","type":"product","link":"https:\/\/baldumarket.lt\/lt\/product\/cali-duzy-stol-rozkladany-160-260-cm-artisan\/","title":{"rendered":"CALI &#8211; Didelis i\u0161traukiamas stalas 160\u2013260 cm, Artisan"},"content":{"rendered":"<p>CALI stalas derina funkcionalum\u0105 ir modern\u0173 dizain\u0105. \u0160is didelis, i\u0161traukiamas stalas, kurio plotis prasideda nuo 160 cm, lengvai prisitaikys prie j\u016bs\u0173 poreiki\u0173. Pagamintas i\u0161 auk\u0161tos kokyb\u0117s med\u017eiag\u0173, su \u201eEgger Artisan\u201c apdailos stalvir\u0161iu ir eleganti\u0161komis juodo metalo kojel\u0117mis, CALI stalas taps j\u016bs\u0173 valgomojo ar svetain\u0117s traukos centru. I\u0161siple\u010diantis iki \u012fsp\u016bding\u0173 260 cm, CALI stalas puikiai tinka \u0161eimos susib\u016brimams, vakar\u0117liams ar kitoms progoms, kurioms reikia daugiau erdv\u0117s. Pridedamas 50 cm prailginimas leid\u017eia greitai pakeisti dyd\u012f, tod\u0117l tai itin prakti\u0161kas baldas. Paverskite savo erdv\u0119 vieta, kurioje puosel\u0117jamos bendros akimirkos. Universalus stilius puikiai der\u0117s tiek prie modernaus, industrinio interjero, tiek prie klasikinio stiliaus. Paprasta forma su elegancijos prisilietimu leis CALI stalui papildyti \u012fvair\u0173 dekor\u0105, suteikdamas jam unikalaus charakterio. Klasikinis juodos spalvos ir med\u017eio imitacijos stalvir\u0161io derinys pabr\u0117\u0161 nat\u016bral\u0173 j\u016bs\u0173 erdv\u0117s \u017eaves\u012f.<\/p>","protected":false},"excerpt":{"rendered":"<p>Plotis (cm): 160\u2013260<br \/>\n\u016agis (cm): 75<br \/>\nGylis (cm): 40,6<\/p>","protected":false},"featured_media":167012,"comment_status":"open","ping_status":"open","template":"","meta":[],"product_brand":[],"product_cat":[9503,4108,1934],"product_tag":[],"class_list":{"0":"post-167011","1":"product","2":"type-product","3":"status-publish","4":"has-post-thumbnail","6":"product_cat-furniture-system-cali-jarstol-meble","7":"product_cat-jarstol","8":"product_cat-tables","10":"first","11":"instock","12":"purchasable","13":"product-type-simple"},"_links":{"self":[{"href":"https:\/\/baldumarket.lt\/lt\/wp-json\/wp\/v2\/product\/167011","targetHints":{"allow":["GET"]}}],"collection":[{"href":"https:\/\/baldumarket.lt\/lt\/wp-json\/wp\/v2\/product"}],"about":[{"href":"https:\/\/baldumarket.lt\/lt\/wp-json\/wp\/v2\/types\/product"}],"replies":[{"embeddable":true,"href":"https:\/\/baldumarket.lt\/lt\/wp-json\/wp\/v2\/comments?post=167011"}],"wp:featuredmedia":[{"embeddable":true,"href":"https:\/\/baldumarket.lt\/lt\/wp-json\/wp\/v2\/media\/167012"}],"wp:attachment":[{"href":"https:\/\/baldumarket.lt\/lt\/wp-json\/wp\/v2\/media?parent=167011"}],"wp:term":[{"taxonomy":"product_brand","embeddable":true,"href":"https:\/\/baldumarket.lt\/lt\/wp-json\/wp\/v2\/product_brand?post=167011"},{"taxonomy":"product_cat","embeddable":true,"href":"https:\/\/baldumarket.lt\/lt\/wp-json\/wp\/v2\/product_cat?post=167011"},{"taxonomy":"product_tag","embeddable":true,"href":"https:\/\/baldumarket.lt\/lt\/wp-json\/wp\/v2\/product_tag?post=167011"}],"curies":[{"name":"wp","href":"https:\/\/api.w.org\/{rel}","templated":true}]}}