{"id":167005,"date":"2025-12-19T16:20:49","date_gmt":"2025-12-19T13:20:49","guid":{"rendered":"https:\/\/baldumarket.lt\/product\/cali-maly-stol-rozkladany-120-160-cm-artisan\/"},"modified":"2026-02-09T11:16:20","modified_gmt":"2026-02-09T08:16:20","slug":"cali-maly-stol-rozkladany-120-160-cm-artisan","status":"publish","type":"product","link":"https:\/\/baldumarket.lt\/lt\/product\/cali-maly-stol-rozkladany-120-160-cm-artisan\/","title":{"rendered":"CALI \u2013 Ma\u017eas i\u0161traukiamas stalas 120-160 cm Amatininkas"},"content":{"rendered":"<p>Ma\u017eas i\u0161traukiamas CALI stalas \u2013 puikus pasirinkimas ie\u0161kantiems eleganti\u0161ko ir funkcionalaus baldo savo namams. Minimalistinis ir i\u0161traukiamas dizainas leid\u017eia j\u012f lengvai pritaikyti prie bet kokio interjero. Eleganti\u0161kos \u201eArtisan\u201c spalvos stalas turi 120 cm ilgio stalvir\u0161\u012f, kur\u012f prid\u0117jus prailginim\u0105 galima prailginti iki \u012fsp\u016bding\u0173 160 cm, tod\u0117l jis idealiai tinka \u0161eimos vakarien\u0117ms ar vakar\u0117liams. Pagamintas i\u0161 auk\u0161tos kokyb\u0117s laminuotos plok\u0161t\u0117s, CALI stalas ne tik \u017eavi savo estetika, bet ir u\u017etikrina didel\u012f patvarum\u0105. 3,2 cm storio stalvir\u0161is suteikia stalui tvirtumo ir yra lengvai valomas. Matin\u0117s juodos spalvos milteliniu b\u016bdu da\u017eytos metalin\u0117s kojel\u0117s ne tik stabilizuoja konstrukcij\u0105, bet ir suteikia bet kokiam interjerui modernumo. Jis puikiai dera tiek su moderniu, tiek su industriniu, tiek su lofto stiliaus interjeru. CALI stalas taip pat lengvai der\u0117s prie klasikinio stiliaus interjero, suteikdamas kambariui unikal\u0173 charakter\u012f. Jo paprastumas ir elegancija sukuria jaukumo atmosfer\u0105, kurioje kiekvienas valgis paver\u010diamas malonumu.<\/p>","protected":false},"excerpt":{"rendered":"<p>Plotis (cm): 120\u2013160<br \/>\n\u016agis (cm): 75<br \/>\nGylis (cm): 90<\/p>","protected":false},"featured_media":167006,"comment_status":"open","ping_status":"open","template":"","meta":[],"product_brand":[],"product_cat":[9503,4108,1934],"product_tag":[],"class_list":{"0":"post-167005","1":"product","2":"type-product","3":"status-publish","4":"has-post-thumbnail","6":"product_cat-furniture-system-cali-jarstol-meble","7":"product_cat-jarstol","8":"product_cat-tables","10":"first","11":"instock","12":"purchasable","13":"product-type-simple"},"_links":{"self":[{"href":"https:\/\/baldumarket.lt\/lt\/wp-json\/wp\/v2\/product\/167005","targetHints":{"allow":["GET"]}}],"collection":[{"href":"https:\/\/baldumarket.lt\/lt\/wp-json\/wp\/v2\/product"}],"about":[{"href":"https:\/\/baldumarket.lt\/lt\/wp-json\/wp\/v2\/types\/product"}],"replies":[{"embeddable":true,"href":"https:\/\/baldumarket.lt\/lt\/wp-json\/wp\/v2\/comments?post=167005"}],"wp:featuredmedia":[{"embeddable":true,"href":"https:\/\/baldumarket.lt\/lt\/wp-json\/wp\/v2\/media\/167006"}],"wp:attachment":[{"href":"https:\/\/baldumarket.lt\/lt\/wp-json\/wp\/v2\/media?parent=167005"}],"wp:term":[{"taxonomy":"product_brand","embeddable":true,"href":"https:\/\/baldumarket.lt\/lt\/wp-json\/wp\/v2\/product_brand?post=167005"},{"taxonomy":"product_cat","embeddable":true,"href":"https:\/\/baldumarket.lt\/lt\/wp-json\/wp\/v2\/product_cat?post=167005"},{"taxonomy":"product_tag","embeddable":true,"href":"https:\/\/baldumarket.lt\/lt\/wp-json\/wp\/v2\/product_tag?post=167005"}],"curies":[{"name":"wp","href":"https:\/\/api.w.org\/{rel}","templated":true}]}}