{"id":166998,"date":"2025-12-19T16:20:33","date_gmt":"2025-12-19T13:20:33","guid":{"rendered":"https:\/\/baldumarket.lt\/product\/cali-garderoba-1d2s-z-lustrem-i-siedziskiem-artisan\/"},"modified":"2026-02-09T11:16:20","modified_gmt":"2026-02-09T08:16:20","slug":"cali-garderoba-1d2s-z-lustrem-i-siedziskiem-artisan","status":"publish","type":"product","link":"https:\/\/baldumarket.lt\/lt\/product\/cali-garderoba-1d2s-z-lustrem-i-siedziskiem-artisan\/","title":{"rendered":"CALI &#8211; 1D2S Spinta su veidrod\u017eiu ir amatininko s\u0117dyne"},"content":{"rendered":"<p>CALI \u2013 1D2S Artisan spinta su veidrod\u017eiu ir s\u0117dyne \u2013 tai am\u017eina elegancija, kuri suteiks charakterio j\u016bs\u0173 prie\u0161kambariui. Modernus Artisan atspalvio dizainas ne tik suteikia baldui ne\u012ftik\u0117tinai stiling\u0105 i\u0161vaizd\u0105, bet ir sukuria maloni\u0105 atmosfer\u0105. \u0160i spinta \u2013 puikus j\u016bs\u0173 nam\u0173 akcentas, harmoningai derinantis funkcionalum\u0105 su estetika, suteikiantis modern\u0173 stili\u0173 naudojant groteles, tod\u0117l kiekvienas sve\u010dias i\u0161 karto pasijus laukiamas. Priklausomai nuo j\u016bs\u0173 poreiki\u0173, CALI si\u016blo apgalvotus organizavimo sprendimus. Du erdv\u016bs stal\u010diai puikiai tinka sezoniniams aksesuarams, tokiems kaip kepur\u0117s ir pir\u0161tin\u0117s, laikyti, leisdami palaikyti tvark\u0105. Vir\u0161uje esanti pakabinama spinta yra puiki vieta striuk\u0117ms ir paltams, u\u017etikrinanti, kad viskas b\u016bt\u0173 po ranka kasdieniame skub\u0117jime. Erdv\u0117 suprojektuota taip, kad kiekvienas daiktas sudaryt\u0173 darni\u0105 visum\u0105. G\u0117dinga vieta batams? Tik ne su CALI! Patogios bat\u0173 lentynos leid\u017eia greitai ir lengvai susitvarkyti daiktus. Be to, skoninga, apmu\u0161ta eleganti\u0161kos juodos spalvos s\u0117dyn\u0117 yra ne tik patogi, bet ir gra\u017eiai papildo bendr\u0105 dizain\u0105. Ant jos galite patogiai s\u0117d\u0117ti audamiesi batus arba tiesiog m\u0117gautis ramyb\u0117s akimirka stilingame prie\u0161kambario dekore.<\/p>","protected":false},"excerpt":{"rendered":"<p>Plotis (cm): 128,5<br \/>\n\u016agis (cm): 195<br \/>\nGylis (cm): 80<\/p>","protected":false},"featured_media":166999,"comment_status":"open","ping_status":"open","template":"","meta":[],"product_brand":[],"product_cat":[9503,4108,1177],"product_tag":[],"class_list":{"0":"post-166998","1":"product","2":"type-product","3":"status-publish","4":"has-post-thumbnail","6":"product_cat-furniture-system-cali-jarstol-meble","7":"product_cat-jarstol","8":"product_cat-wardrobes","10":"first","11":"instock","12":"purchasable","13":"product-type-simple"},"_links":{"self":[{"href":"https:\/\/baldumarket.lt\/lt\/wp-json\/wp\/v2\/product\/166998","targetHints":{"allow":["GET"]}}],"collection":[{"href":"https:\/\/baldumarket.lt\/lt\/wp-json\/wp\/v2\/product"}],"about":[{"href":"https:\/\/baldumarket.lt\/lt\/wp-json\/wp\/v2\/types\/product"}],"replies":[{"embeddable":true,"href":"https:\/\/baldumarket.lt\/lt\/wp-json\/wp\/v2\/comments?post=166998"}],"wp:featuredmedia":[{"embeddable":true,"href":"https:\/\/baldumarket.lt\/lt\/wp-json\/wp\/v2\/media\/166999"}],"wp:attachment":[{"href":"https:\/\/baldumarket.lt\/lt\/wp-json\/wp\/v2\/media?parent=166998"}],"wp:term":[{"taxonomy":"product_brand","embeddable":true,"href":"https:\/\/baldumarket.lt\/lt\/wp-json\/wp\/v2\/product_brand?post=166998"},{"taxonomy":"product_cat","embeddable":true,"href":"https:\/\/baldumarket.lt\/lt\/wp-json\/wp\/v2\/product_cat?post=166998"},{"taxonomy":"product_tag","embeddable":true,"href":"https:\/\/baldumarket.lt\/lt\/wp-json\/wp\/v2\/product_tag?post=166998"}],"curies":[{"name":"wp","href":"https:\/\/api.w.org\/{rel}","templated":true}]}}