{"id":166983,"date":"2025-12-19T16:20:01","date_gmt":"2025-12-19T13:20:01","guid":{"rendered":"https:\/\/baldumarket.lt\/product\/dallas-2-komoda-4-szuflady-dab-sonoma\/"},"modified":"2026-02-09T12:12:47","modified_gmt":"2026-02-09T09:12:47","slug":"dallas-2-komoda-4-szuflady-dab-sonoma","status":"publish","type":"product","link":"https:\/\/baldumarket.lt\/lt\/product\/dallas-2-komoda-4-szuflady-dab-sonoma\/","title":{"rendered":"DALLAS-2 \u2013 Komoda su 4 stal\u010diais, Sonoma \u0105\u017euolo spalvos"},"content":{"rendered":"<p>DALLAS-2 \u2013 4 stal\u010di\u0173 Sonoma \u0105\u017euolo komoda yra ne tik baldas, bet ir tikras dizaino elementas, suteiksiantis j\u016bs\u0173 interjerui unikal\u0173 charakter\u012f. Pagaminta i\u0161 auk\u0161\u010diausios kokyb\u0117s med\u017eiag\u0173 ir eleganti\u0161kos Sonoma \u0105\u017euolo spalvos, \u0161i stilinga komoda taps bet kurio kambario traukos centru. Subalansuotas dizainas puikiai dera su \u0161iuolaikin\u0117mis tendencijomis, suteikdamas j\u016bs\u0173 namams nat\u016bral\u0173 med\u017eio \u017eaves\u012f ir industrin\u012f stili\u0173. DALLAS-2 komodos universalumas paver\u010dia j\u0105 puikiu sprendimu miegamajam, prie\u0161kambariui ar svetainei. Tai prakti\u0161kas baldas su keturiais erdviais stal\u010diais, kurie pad\u0117s susitvarkyti daiktus. Nesvarbu, ar jums reikia vietos drabu\u017eiams, aksesuarams ar kitiems smulkiems daiktams, \u0161i komoda pateisins j\u016bs\u0173 l\u016bkes\u010dius, suteikdama erdv\u0117s ir lengv\u0105 prieig\u0105 prie visko, kas jums svarbu. Juodos ranken\u0117l\u0117s kartu su eleganti\u0161kais lipdiniais suteikia elegancijos ir modernumo, tod\u0117l DALLAS-2 yra baldas, puikiai tinkantis tiek minimalistiniam, tiek klasikiniam interjerui. Kiekviena detal\u0117 buvo kruop\u0161\u010diai apgalvota, siekiant sukurti darni\u0105 visum\u0105, kuri d\u017eiugina ir traukia ak\u012f. D\u0117l tvirtos konstrukcijos komoda yra ne tik esteti\u0161kai patraukli, bet ir funkcionali, tod\u0117l tarnaus jums ilgus metus.<\/p>","protected":false},"excerpt":{"rendered":"<p>Plotis (cm): 107<br \/>\n\u016agis (cm): 91<br \/>\nGylis (cm): 3<\/p>","protected":false},"featured_media":166984,"comment_status":"open","ping_status":"open","template":"","meta":[],"product_brand":[],"product_cat":[9504,1173,4108],"product_tag":[],"class_list":{"0":"post-166983","1":"product","2":"type-product","3":"status-publish","4":"has-post-thumbnail","6":"product_cat-furniture-system-dallas-jarstol-meble","7":"product_cat-chests-of-drawers","8":"product_cat-jarstol","10":"first","11":"instock","12":"purchasable","13":"product-type-simple"},"_links":{"self":[{"href":"https:\/\/baldumarket.lt\/lt\/wp-json\/wp\/v2\/product\/166983","targetHints":{"allow":["GET"]}}],"collection":[{"href":"https:\/\/baldumarket.lt\/lt\/wp-json\/wp\/v2\/product"}],"about":[{"href":"https:\/\/baldumarket.lt\/lt\/wp-json\/wp\/v2\/types\/product"}],"replies":[{"embeddable":true,"href":"https:\/\/baldumarket.lt\/lt\/wp-json\/wp\/v2\/comments?post=166983"}],"wp:featuredmedia":[{"embeddable":true,"href":"https:\/\/baldumarket.lt\/lt\/wp-json\/wp\/v2\/media\/166984"}],"wp:attachment":[{"href":"https:\/\/baldumarket.lt\/lt\/wp-json\/wp\/v2\/media?parent=166983"}],"wp:term":[{"taxonomy":"product_brand","embeddable":true,"href":"https:\/\/baldumarket.lt\/lt\/wp-json\/wp\/v2\/product_brand?post=166983"},{"taxonomy":"product_cat","embeddable":true,"href":"https:\/\/baldumarket.lt\/lt\/wp-json\/wp\/v2\/product_cat?post=166983"},{"taxonomy":"product_tag","embeddable":true,"href":"https:\/\/baldumarket.lt\/lt\/wp-json\/wp\/v2\/product_tag?post=166983"}],"curies":[{"name":"wp","href":"https:\/\/api.w.org\/{rel}","templated":true}]}}