{"id":166976,"date":"2025-12-19T16:19:45","date_gmt":"2025-12-19T13:19:45","guid":{"rendered":"https:\/\/baldumarket.lt\/product\/dallas-2-komoda-4-szuflady-dab-truflowy\/"},"modified":"2026-02-09T12:12:47","modified_gmt":"2026-02-09T09:12:47","slug":"dallas-2-komoda-4-szuflady-dab-truflowy","status":"publish","type":"product","link":"https:\/\/baldumarket.lt\/lt\/product\/dallas-2-komoda-4-szuflady-dab-truflowy\/","title":{"rendered":"DALLAS-2 \u2013 Komoda su 4 stal\u010diais, \u0105\u017euolo spalvos, triufeli\u0173 spalvos"},"content":{"rendered":"<p>Atraskite moderni\u0105 elegancij\u0105 su \u201eJarstol\u201c komoda DALLAS-2. Minimalistinis dizainas i\u0161 triufeli\u0173 spalvos \u0105\u017euolo pristato industrin\u012f stili\u0173, kuris \u017eavi savo paprastumu ir funkcionalumu. 107 cm plo\u010dio, 91 cm auk\u0161\u010dio ir 45 cm gylio komoda yra tobulas estetikos ir prakti\u0161kumo derinys, puikiai tinkantis bet kuriame kambaryje. Svarbus DALLAS-2 privalumas \u2013 keturi erdv\u016bs stal\u010diai, kuriuose yra daug vietos drabu\u017eiams, aksesuarams ir kitiems smulkiems daiktams laikyti. D\u0117l i\u0161manaus dizaino galite lengvai susitvarkyti savo daiktus ir palaikyti tvark\u0105 miegamajame ar prie\u0161kambaryje. \u0160is funkcionalumas palengvina ir sutvarko kasdienyb\u0119. Komoda DALLAS-2 taip pat patraukia d\u0117mes\u012f rafinuotomis detal\u0117mis. Juodos ranken\u0117l\u0117s ir eleganti\u0161kos groteli\u0173 apdailos suteikia jai unikal\u0173 charakter\u012f, i\u0161siskiriant\u012f i\u0161 kit\u0173 bald\u0173. Kartu su modernia \u0105\u017euolo spalva visa tai sukuria harmoning\u0105 visum\u0105, kuri neabejotinai papuo\u0161 j\u016bs\u0173 interjer\u0105.<\/p>","protected":false},"excerpt":{"rendered":"<p>Plotis (cm): 107<br \/>\n\u016agis (cm): 91<br \/>\nGylis (cm): 45<\/p>","protected":false},"featured_media":166977,"comment_status":"open","ping_status":"open","template":"","meta":[],"product_brand":[],"product_cat":[9504,1173,4108],"product_tag":[],"class_list":{"0":"post-166976","1":"product","2":"type-product","3":"status-publish","4":"has-post-thumbnail","6":"product_cat-furniture-system-dallas-jarstol-meble","7":"product_cat-chests-of-drawers","8":"product_cat-jarstol","10":"first","11":"instock","12":"purchasable","13":"product-type-simple"},"_links":{"self":[{"href":"https:\/\/baldumarket.lt\/lt\/wp-json\/wp\/v2\/product\/166976","targetHints":{"allow":["GET"]}}],"collection":[{"href":"https:\/\/baldumarket.lt\/lt\/wp-json\/wp\/v2\/product"}],"about":[{"href":"https:\/\/baldumarket.lt\/lt\/wp-json\/wp\/v2\/types\/product"}],"replies":[{"embeddable":true,"href":"https:\/\/baldumarket.lt\/lt\/wp-json\/wp\/v2\/comments?post=166976"}],"wp:featuredmedia":[{"embeddable":true,"href":"https:\/\/baldumarket.lt\/lt\/wp-json\/wp\/v2\/media\/166977"}],"wp:attachment":[{"href":"https:\/\/baldumarket.lt\/lt\/wp-json\/wp\/v2\/media?parent=166976"}],"wp:term":[{"taxonomy":"product_brand","embeddable":true,"href":"https:\/\/baldumarket.lt\/lt\/wp-json\/wp\/v2\/product_brand?post=166976"},{"taxonomy":"product_cat","embeddable":true,"href":"https:\/\/baldumarket.lt\/lt\/wp-json\/wp\/v2\/product_cat?post=166976"},{"taxonomy":"product_tag","embeddable":true,"href":"https:\/\/baldumarket.lt\/lt\/wp-json\/wp\/v2\/product_tag?post=166976"}],"curies":[{"name":"wp","href":"https:\/\/api.w.org\/{rel}","templated":true}]}}