{"id":166968,"date":"2025-12-19T16:19:28","date_gmt":"2025-12-19T13:19:28","guid":{"rendered":"https:\/\/baldumarket.lt\/product\/dallas-3-komoda-1d4s-dab-sonoma\/"},"modified":"2026-02-09T12:12:47","modified_gmt":"2026-02-09T09:12:47","slug":"dallas-3-komoda-1d4s-dab-sonoma","status":"publish","type":"product","link":"https:\/\/baldumarket.lt\/lt\/product\/dallas-3-komoda-1d4s-dab-sonoma\/","title":{"rendered":"DALLAS-3 \u2013 1D4S Sonoma \u0105\u017euolo spalvos komoda"},"content":{"rendered":"<p>Komoda DALLAS-3 \u2013 puikus pasirinkimas tiems, kurie siekia suderinti elegancij\u0105 su funkcionalumu. Pagaminta i\u0161 auk\u0161tos kokyb\u0117s laminuotos plok\u0161t\u0117s i\u0161 Sonoma \u0105\u017euolo, \u0161i komoda taps ne tik prakti\u0161ku baldu, bet ir ry\u0161kia j\u016bs\u0173 interjero puo\u0161mena. D\u0117l optimali\u0173 matmen\u0173 \u2013 117 cm plo\u010dio, 91 cm auk\u0161\u010dio ir 45 cm gylio \u2013 ji puikiai tiks bet kuriame kampelyje ir kartu suteiks daug vietos daiktams susid\u0117ti. Stilingas komodos i\u0161 DALLAS kolekcijos dizainas i\u0161siskiria subtiliomis juodomis ranken\u0117l\u0117mis ir lentel\u0117mis, suteikian\u010diomis jai modernumo. \u0160is Sonoma \u0105\u017euolo ir sodrios juodos spalvos derinys sukuria ry\u0161k\u0173 kontrast\u0105, kuris traukia ak\u012f ir paver\u010dia komod\u0105 kambario traukos centru. Ji neabejotinai \u012fne\u0161 \u012f j\u016bs\u0173 interjer\u0105 skandinavi\u0161ko stiliaus, derindama paprastum\u0105 ir elegancij\u0105. Komoda DALLAS-3 si\u016blo prakti\u0161kus daikt\u0173 laikymo sprendimus. \u012erengta keturiais erdviais stal\u010diais ir viena spintele su vidine lentyna, ji leid\u017eia sumaniai valdyti erdv\u0119. Joje galite lengvai susitvarkyti visus b\u016btiniausius aksesuarus, drabu\u017eius ir patalyn\u0119, tod\u0117l kasdienis gyvenimas ir organizavimas taps daug lengvesni. Universalus stilius puikiai tinka miegamajam, svetainei ar net prie\u0161kambariui.<\/p>","protected":false},"excerpt":{"rendered":"<p>Plotis (cm): 117<br \/>\n\u016agis (cm): 91<br \/>\nGylis (cm): 45<\/p>","protected":false},"featured_media":166969,"comment_status":"open","ping_status":"open","template":"","meta":[],"product_brand":[],"product_cat":[9504,1173,4108],"product_tag":[],"class_list":{"0":"post-166968","1":"product","2":"type-product","3":"status-publish","4":"has-post-thumbnail","6":"product_cat-furniture-system-dallas-jarstol-meble","7":"product_cat-chests-of-drawers","8":"product_cat-jarstol","10":"first","11":"instock","12":"purchasable","13":"product-type-simple"},"_links":{"self":[{"href":"https:\/\/baldumarket.lt\/lt\/wp-json\/wp\/v2\/product\/166968","targetHints":{"allow":["GET"]}}],"collection":[{"href":"https:\/\/baldumarket.lt\/lt\/wp-json\/wp\/v2\/product"}],"about":[{"href":"https:\/\/baldumarket.lt\/lt\/wp-json\/wp\/v2\/types\/product"}],"replies":[{"embeddable":true,"href":"https:\/\/baldumarket.lt\/lt\/wp-json\/wp\/v2\/comments?post=166968"}],"wp:featuredmedia":[{"embeddable":true,"href":"https:\/\/baldumarket.lt\/lt\/wp-json\/wp\/v2\/media\/166969"}],"wp:attachment":[{"href":"https:\/\/baldumarket.lt\/lt\/wp-json\/wp\/v2\/media?parent=166968"}],"wp:term":[{"taxonomy":"product_brand","embeddable":true,"href":"https:\/\/baldumarket.lt\/lt\/wp-json\/wp\/v2\/product_brand?post=166968"},{"taxonomy":"product_cat","embeddable":true,"href":"https:\/\/baldumarket.lt\/lt\/wp-json\/wp\/v2\/product_cat?post=166968"},{"taxonomy":"product_tag","embeddable":true,"href":"https:\/\/baldumarket.lt\/lt\/wp-json\/wp\/v2\/product_tag?post=166968"}],"curies":[{"name":"wp","href":"https:\/\/api.w.org\/{rel}","templated":true}]}}