{"id":166954,"date":"2025-12-19T16:18:57","date_gmt":"2025-12-19T13:18:57","guid":{"rendered":"https:\/\/baldumarket.lt\/product\/dallas-4-komoda-4-szuflady-dab-sonoma\/"},"modified":"2026-02-09T12:12:47","modified_gmt":"2026-02-09T09:12:47","slug":"dallas-4-komoda-4-szuflady-dab-sonoma","status":"publish","type":"product","link":"https:\/\/baldumarket.lt\/lt\/product\/dallas-4-komoda-4-szuflady-dab-sonoma\/","title":{"rendered":"DALLAS-4 &#8211; Komoda su 4 stal\u010diais, Sonoma \u0105\u017euolo spalvos"},"content":{"rendered":"<p>Komoda DALLAS-4 derina funkcionalum\u0105 ir mading\u0105 dizain\u0105. Pagaminta i\u0161 auk\u0161tos kokyb\u0117s laminuotos plok\u0161t\u0117s su Sonoma \u0105\u017euolo apdaila, ji suteikia ne tik \u0161ilumos, bet ir modernumo bet kokiam interjerui. Minimalistin\u0117 i\u0161vaizda puikiai atitinka dabartines dizaino tendencijas, o juodos ranken\u0117l\u0117s suteikia charakterio, lau\u017eydamos tradicin\u012f stili\u0173. Tur\u0117dama keturis erdvius stal\u010dius, \u0161i komoda yra puikus sprendimas bet kokiam kambariui. Nesvarbu, ar tai miegamasis, prie\u0161kambaris, ar svetain\u0117, joje lengvai tilps ne tik drabu\u017eiai, bet ir \u012fvair\u016bs aksesuarai. Ji padeda palaikyti tvark\u0105 namuose, o galimos spalvos leid\u017eia puikiai der\u0117ti prie likusio interjero. Vienas i\u0161 i\u0161skirtini\u0173 komodos DALLAS-4 bruo\u017e\u0173 yra unikali estetika, kuri tikrai pritrauks sve\u010di\u0173 d\u0117mes\u012f. Nat\u016bralios Sonoma \u0105\u017euolo apdailos ir juod\u0173 element\u0173 derinys suteikia erdvei harmonijos ir elegancijos. \u0160is baldas yra ne tik prakti\u0161kas, bet ir dekoratyvinis elementas j\u016bs\u0173 interjere.<\/p>","protected":false},"excerpt":{"rendered":"<p>Plotis (cm): 80,5<br \/>\n\u016agis (cm): 91<br \/>\nGylis (cm): 45<\/p>","protected":false},"featured_media":166955,"comment_status":"open","ping_status":"open","template":"","meta":[],"product_brand":[],"product_cat":[9504,1173,4108],"product_tag":[],"class_list":{"0":"post-166954","1":"product","2":"type-product","3":"status-publish","4":"has-post-thumbnail","6":"product_cat-furniture-system-dallas-jarstol-meble","7":"product_cat-chests-of-drawers","8":"product_cat-jarstol","10":"first","11":"instock","12":"purchasable","13":"product-type-simple"},"_links":{"self":[{"href":"https:\/\/baldumarket.lt\/lt\/wp-json\/wp\/v2\/product\/166954","targetHints":{"allow":["GET"]}}],"collection":[{"href":"https:\/\/baldumarket.lt\/lt\/wp-json\/wp\/v2\/product"}],"about":[{"href":"https:\/\/baldumarket.lt\/lt\/wp-json\/wp\/v2\/types\/product"}],"replies":[{"embeddable":true,"href":"https:\/\/baldumarket.lt\/lt\/wp-json\/wp\/v2\/comments?post=166954"}],"wp:featuredmedia":[{"embeddable":true,"href":"https:\/\/baldumarket.lt\/lt\/wp-json\/wp\/v2\/media\/166955"}],"wp:attachment":[{"href":"https:\/\/baldumarket.lt\/lt\/wp-json\/wp\/v2\/media?parent=166954"}],"wp:term":[{"taxonomy":"product_brand","embeddable":true,"href":"https:\/\/baldumarket.lt\/lt\/wp-json\/wp\/v2\/product_brand?post=166954"},{"taxonomy":"product_cat","embeddable":true,"href":"https:\/\/baldumarket.lt\/lt\/wp-json\/wp\/v2\/product_cat?post=166954"},{"taxonomy":"product_tag","embeddable":true,"href":"https:\/\/baldumarket.lt\/lt\/wp-json\/wp\/v2\/product_tag?post=166954"}],"curies":[{"name":"wp","href":"https:\/\/api.w.org\/{rel}","templated":true}]}}