{"id":166948,"date":"2025-12-19T16:18:45","date_gmt":"2025-12-19T13:18:45","guid":{"rendered":"https:\/\/baldumarket.lt\/product\/dallas-4-komoda-4-szuflady-dab-truflowy\/"},"modified":"2026-02-09T12:12:47","modified_gmt":"2026-02-09T09:12:47","slug":"dallas-4-komoda-4-szuflady-dab-truflowy","status":"publish","type":"product","link":"https:\/\/baldumarket.lt\/lt\/product\/dallas-4-komoda-4-szuflady-dab-truflowy\/","title":{"rendered":"DALLAS-4 &#8211; Komoda su 4 stal\u010diais, \u0105\u017euolo spalvos, triufeli\u0173 spalvos"},"content":{"rendered":"<p>Komoda \u2019Dallas-4\u201c derina estetik\u0105 ir funkcionalum\u0105. Pagaminta i\u0161 auk\u0161tos kokyb\u0117s med\u017eiag\u0173, pasi\u017eymin\u010di\u0173 eleganti\u0161ku triufeli\u0173 \u0105\u017euolo atspalviu, ji puikiai dera su moderniomis interjero dizaino tendencijomis. Minimalistin\u012f dizain\u0105 papildo subtilios juodos ranken\u0117l\u0117s, kurios ne tik traukia ak\u012f, bet ir suteikia charakterio, lau\u017eydamos tipi\u0161k\u0173 bald\u0173 \u0161ablonus. \u0160i komoda pasi\u017eymi keturiais erdviais stal\u010diais, kurie leid\u017eia efektyviai organizuoti daiktus. Jei pavargote nuo netvarkos ir ie\u0161kote prakti\u0161ko b\u016bdo laikyti drabu\u017eius ir aksesuarus, komoda \u201eDallas-4\u201c yra puikus sprendimas. Nesvarbu, ar j\u0105 pastatysite miegamajame, prie\u0161kambaryje, ar svetain\u0117je, ji taps ne tik funkcionaliu elementu, bet ir estetiniu kambario papildymu. Auk\u0161tos kokyb\u0117s komodos gamyba u\u017etikrina ilgalaik\u012f naudojim\u0105, o naudojamos med\u017eiagos, tokios kaip laminuota plok\u0161t\u0117, garantuoja atsparum\u0105 pa\u017eeidimams ir lengv\u0105 kasdien\u0119 prie\u017ei\u016br\u0105. Tai rei\u0161kia, kad galite m\u0117gautis jos \u017eavesiu daugel\u012f met\u0173, nesijaudindami d\u0117l estetin\u0117s vert\u0117s praradimo. Metaliniai b\u0117geliai suteikia komforto ir neribojam\u0105 stal\u010di\u0173 atidarym\u0105 \u2013 tai, k\u0105 tikrai \u012fvertinsite kiekvien\u0105 dien\u0105.<\/p>","protected":false},"excerpt":{"rendered":"<p>Plotis (cm): 80,5<br \/>\n\u016agis (cm): 91<br \/>\nGylis (cm): 45<\/p>","protected":false},"featured_media":166949,"comment_status":"open","ping_status":"open","template":"","meta":[],"product_brand":[],"product_cat":[9504,1173,4108],"product_tag":[],"class_list":{"0":"post-166948","1":"product","2":"type-product","3":"status-publish","4":"has-post-thumbnail","6":"product_cat-furniture-system-dallas-jarstol-meble","7":"product_cat-chests-of-drawers","8":"product_cat-jarstol","10":"first","11":"instock","12":"purchasable","13":"product-type-simple"},"_links":{"self":[{"href":"https:\/\/baldumarket.lt\/lt\/wp-json\/wp\/v2\/product\/166948","targetHints":{"allow":["GET"]}}],"collection":[{"href":"https:\/\/baldumarket.lt\/lt\/wp-json\/wp\/v2\/product"}],"about":[{"href":"https:\/\/baldumarket.lt\/lt\/wp-json\/wp\/v2\/types\/product"}],"replies":[{"embeddable":true,"href":"https:\/\/baldumarket.lt\/lt\/wp-json\/wp\/v2\/comments?post=166948"}],"wp:featuredmedia":[{"embeddable":true,"href":"https:\/\/baldumarket.lt\/lt\/wp-json\/wp\/v2\/media\/166949"}],"wp:attachment":[{"href":"https:\/\/baldumarket.lt\/lt\/wp-json\/wp\/v2\/media?parent=166948"}],"wp:term":[{"taxonomy":"product_brand","embeddable":true,"href":"https:\/\/baldumarket.lt\/lt\/wp-json\/wp\/v2\/product_brand?post=166948"},{"taxonomy":"product_cat","embeddable":true,"href":"https:\/\/baldumarket.lt\/lt\/wp-json\/wp\/v2\/product_cat?post=166948"},{"taxonomy":"product_tag","embeddable":true,"href":"https:\/\/baldumarket.lt\/lt\/wp-json\/wp\/v2\/product_tag?post=166948"}],"curies":[{"name":"wp","href":"https:\/\/api.w.org\/{rel}","templated":true}]}}