{"id":166940,"date":"2025-12-19T16:18:28","date_gmt":"2025-12-19T13:18:28","guid":{"rendered":"https:\/\/baldumarket.lt\/product\/dallas-5-komoda-2d4s-dab-sonoma\/"},"modified":"2026-02-09T12:12:56","modified_gmt":"2026-02-09T09:12:56","slug":"dallas-5-komoda-2d4s-dab-sonoma","status":"publish","type":"product","link":"https:\/\/baldumarket.lt\/lt\/product\/dallas-5-komoda-2d4s-dab-sonoma\/","title":{"rendered":"DALLAS-5 &#8211; 2D4S komoda, Sonoma \u0105\u017euolo spalvos"},"content":{"rendered":"<p>Komoda \u201eDALLAS-5\u201c i\u0161 Sonoma \u0105\u017euolo suteikia \u0161ilumos ir jaukumo bet kuriam kambariui. Paprastos linijos ir eleganti\u0161ka apdaila puikiai tinka \u012fvairiems interjerams \u2013 nuo minimalistinio iki klasikinio. \u0160i erdvi komoda i\u0161 \u201eDallas\u201c kolekcijos yra gerai apgalvotas pasirinkimas tiems, kurie vertina tvark\u0105 kasdieniame gyvenime. Tur\u0117dama keturis didelius stal\u010dius ir dvi spinteles, kuri\u0173 kiekviena turi po vien\u0105 lentyn\u0105, ji si\u016blo daug vietos \u012fvairiems smulkiems daiktams. Tai leid\u017eia lengvai sutvarkyti svetain\u0119, miegam\u0105j\u012f ar net biur\u0105, pa\u0161alinant chaos\u0105, kuris da\u017enai lydi daugel\u012f nam\u0173 biur\u0173. Estetika \u010dia vaidina svarb\u0173 vaidmen\u012f, taip pat ir prakti\u0161kumas. Juodi elementai, \u012fskaitant rankenas ir dekoratyvinius lipdinius, suteikia unikalumo, tod\u0117l tai ne tik funkcionalus daiktas, bet ir patraukli interjero puo\u0161mena. \u0160ie kontrastingi akcentai pabr\u0117\u017eia visos komodos elegancij\u0105, u\u017etikrindami, kad \u201eDALLAS-5\u201c pelnys net ir i\u0161rankiausi\u0173 vartotoj\u0173 \u012fvertinim\u0105.<\/p>","protected":false},"excerpt":{"rendered":"<p>Plotis (cm): 137<br \/>\n\u016agis (cm): 91<br \/>\nGylis (cm): 45<\/p>","protected":false},"featured_media":166941,"comment_status":"open","ping_status":"open","template":"","meta":[],"product_brand":[],"product_cat":[9504,1173,4108],"product_tag":[],"class_list":{"0":"post-166940","1":"product","2":"type-product","3":"status-publish","4":"has-post-thumbnail","6":"product_cat-furniture-system-dallas-jarstol-meble","7":"product_cat-chests-of-drawers","8":"product_cat-jarstol","10":"first","11":"instock","12":"purchasable","13":"product-type-simple"},"_links":{"self":[{"href":"https:\/\/baldumarket.lt\/lt\/wp-json\/wp\/v2\/product\/166940","targetHints":{"allow":["GET"]}}],"collection":[{"href":"https:\/\/baldumarket.lt\/lt\/wp-json\/wp\/v2\/product"}],"about":[{"href":"https:\/\/baldumarket.lt\/lt\/wp-json\/wp\/v2\/types\/product"}],"replies":[{"embeddable":true,"href":"https:\/\/baldumarket.lt\/lt\/wp-json\/wp\/v2\/comments?post=166940"}],"wp:featuredmedia":[{"embeddable":true,"href":"https:\/\/baldumarket.lt\/lt\/wp-json\/wp\/v2\/media\/166941"}],"wp:attachment":[{"href":"https:\/\/baldumarket.lt\/lt\/wp-json\/wp\/v2\/media?parent=166940"}],"wp:term":[{"taxonomy":"product_brand","embeddable":true,"href":"https:\/\/baldumarket.lt\/lt\/wp-json\/wp\/v2\/product_brand?post=166940"},{"taxonomy":"product_cat","embeddable":true,"href":"https:\/\/baldumarket.lt\/lt\/wp-json\/wp\/v2\/product_cat?post=166940"},{"taxonomy":"product_tag","embeddable":true,"href":"https:\/\/baldumarket.lt\/lt\/wp-json\/wp\/v2\/product_tag?post=166940"}],"curies":[{"name":"wp","href":"https:\/\/api.w.org\/{rel}","templated":true}]}}