{"id":166934,"date":"2025-12-19T16:18:15","date_gmt":"2025-12-19T13:18:15","guid":{"rendered":"https:\/\/baldumarket.lt\/product\/dallas-5-komoda-2d4s-dab-truflowy\/"},"modified":"2026-02-09T12:12:56","modified_gmt":"2026-02-09T09:12:56","slug":"dallas-5-komoda-2d4s-dab-truflowy","status":"publish","type":"product","link":"https:\/\/baldumarket.lt\/lt\/product\/dallas-5-komoda-2d4s-dab-truflowy\/","title":{"rendered":"DALLAS-5 &#8211; Komoda 2D4S Truffle Oak"},"content":{"rendered":"<p>DALLAS-5 \u2013 tai unikali komoda, puikiai atitinkanti \u0161iuolaikines interjero dizaino tendencijas. Eleganti\u0161kas \u0105\u017euolo spalvos dizainas traukia d\u0117mes\u012f ir sukuria harmoning\u0105 atmosfer\u0105 bet kuriame kambaryje. 137 cm plo\u010dio, 91 cm auk\u0161\u010dio ir 45 cm gylio komoda yra ne tik stilinga, bet ir i\u0161skirtinai funkcionali, tod\u0117l tai idealus sprendimas tiems, kurie siekia efektyvaus erdv\u0117s valdymo. Komodoje yra keturi erdv\u016bs stal\u010diai ir dvi prakti\u0161kos spintel\u0117s, suteikian\u010dios daug galimybi\u0173 susid\u0117ti daiktus. Patogus organizavimas supaprastina vidaus organizavim\u0105, tod\u0117l kiekvienas daiktas randa savo viet\u0105. DALLAS-5 prakti\u0161kumas paver\u010dia j\u0105 nepakei\u010diamu bet kurio svetain\u0117s, miegamojo ar biuro aksesuaru \u2013 visur, kur svarbiausias yra komfortas ir estetika. DALLAS-5 komoda taip pat pasi\u017eymi unikaliomis detal\u0117mis, tokiomis kaip juodos grotel\u0117s, kurios suteikia elegancijos ir stiliaus. Metalin\u0117s ranken\u0117l\u0117s puikiai papildo bendr\u0105 dizain\u0105, sukurdamos harmoning\u0105 derin\u012f, kuris neabejotinai taps pokalbi\u0173 tema tarp \u0161eimos ir draug\u0173. \u0160ie subtil\u016bs akcentai u\u017etikrina, kad DALLAS-5 ne tik atlikt\u0173 savo paskirt\u012f, bet ir pagerint\u0173 interjer\u0105.<\/p>","protected":false},"excerpt":{"rendered":"<p>Plotis (cm): 137<br \/>\n\u016agis (cm): 91<br \/>\nGylis (cm): 45<\/p>","protected":false},"featured_media":166935,"comment_status":"open","ping_status":"open","template":"","meta":[],"product_brand":[],"product_cat":[9504,1173,4108],"product_tag":[],"class_list":{"0":"post-166934","1":"product","2":"type-product","3":"status-publish","4":"has-post-thumbnail","6":"product_cat-furniture-system-dallas-jarstol-meble","7":"product_cat-chests-of-drawers","8":"product_cat-jarstol","10":"first","11":"instock","12":"purchasable","13":"product-type-simple"},"_links":{"self":[{"href":"https:\/\/baldumarket.lt\/lt\/wp-json\/wp\/v2\/product\/166934","targetHints":{"allow":["GET"]}}],"collection":[{"href":"https:\/\/baldumarket.lt\/lt\/wp-json\/wp\/v2\/product"}],"about":[{"href":"https:\/\/baldumarket.lt\/lt\/wp-json\/wp\/v2\/types\/product"}],"replies":[{"embeddable":true,"href":"https:\/\/baldumarket.lt\/lt\/wp-json\/wp\/v2\/comments?post=166934"}],"wp:featuredmedia":[{"embeddable":true,"href":"https:\/\/baldumarket.lt\/lt\/wp-json\/wp\/v2\/media\/166935"}],"wp:attachment":[{"href":"https:\/\/baldumarket.lt\/lt\/wp-json\/wp\/v2\/media?parent=166934"}],"wp:term":[{"taxonomy":"product_brand","embeddable":true,"href":"https:\/\/baldumarket.lt\/lt\/wp-json\/wp\/v2\/product_brand?post=166934"},{"taxonomy":"product_cat","embeddable":true,"href":"https:\/\/baldumarket.lt\/lt\/wp-json\/wp\/v2\/product_cat?post=166934"},{"taxonomy":"product_tag","embeddable":true,"href":"https:\/\/baldumarket.lt\/lt\/wp-json\/wp\/v2\/product_tag?post=166934"}],"curies":[{"name":"wp","href":"https:\/\/api.w.org\/{rel}","templated":true}]}}