{"id":166926,"date":"2025-12-19T16:17:57","date_gmt":"2025-12-19T13:17:57","guid":{"rendered":"https:\/\/baldumarket.lt\/product\/dallas-6-komoda-2d2s-dab-sonoma\/"},"modified":"2026-02-09T12:12:56","modified_gmt":"2026-02-09T09:12:56","slug":"dallas-6-komoda-2d2s-dab-sonoma","status":"publish","type":"product","link":"https:\/\/baldumarket.lt\/lt\/product\/dallas-6-komoda-2d2s-dab-sonoma\/","title":{"rendered":"DALLAS-6 \u2013 2D2S komoda, Sonoma \u0105\u017euolo spalvos"},"content":{"rendered":"<p>Komoda \u201eDallas-6\u201c \u2013 eleganti\u0161ka sienin\u0117 spintel\u0117, suteiksianti j\u016bs\u0173 interjerui unikalaus \u017eavesio. Pagaminta i\u0161 auk\u0161tos kokyb\u0117s laminuotos sonoma \u0105\u017euolo plok\u0161t\u0117s, ji puikiai dera prie \u0161iuolaikini\u0173 dizaino tendencij\u0173. Nat\u016bralus medienos ra\u0161tas sukuria jauki\u0105 atmosfer\u0105, o subtil\u016bs juodi akcentai metalini\u0173 ranken\u0117li\u0173 pavidalu suteikia rafinuotumo ir charakterio. \u0160i komoda neabejotinai taps j\u016bs\u0173 svetain\u0117s, miegamojo ar prie\u0161kambario traukos centru, su\u017eav\u0117sian\u010diu kiekvien\u0105 sve\u010di\u0105. \u0160i auk\u0161ta komoda i\u0161 \u201eDallas\u201c kolekcijos yra ne tik ry\u0161kus dizaino elementas, bet ir itin prakti\u0161kas baldas. D\u0117l dviej\u0173 dideli\u0173 stal\u010di\u0173 ir spintel\u0117s su erdvia lentyna gausite daug vietos drabu\u017eiams ir \u012fvairiems aksesuarams laikyti. \u0160io baldo funkcionalumas leid\u017eia efektyviai organizuoti erdv\u0119, o tai ne\u012fkainojama kasdieniame gyvenime. Verta rinktis sprendimus, kurie ne tik d\u017eiugina ak\u012f, bet ir supaprastina kasdienes u\u017eduotis. Be to, komoda \u201eDallas-6\u201c si\u016blo daugyb\u0119 dizaino variant\u0173. J\u0105 galite derinti su kitais tos pa\u010dios kolekcijos baldais arba naudoti vien\u0105 kaip kontrasting\u0105 akcent\u0105 sant\u016bresn\u0117je patalpoje. Minimalistinis dizainas leid\u017eia j\u0105 derinti prie \u012fvairi\u0173 stili\u0173 \u2013 nuo skandinavi\u0161ko iki modernaus ir lofto stiliaus. Tai leid\u017eia jums sukurti unikali\u0105 erdv\u0119, atspindin\u010di\u0105 j\u016bs\u0173 individual\u0173 stili\u0173.<\/p>","protected":false},"excerpt":{"rendered":"<p>Plotis (cm): 97<br \/>\n\u016agis (cm): 123<br \/>\nGylis (cm): 45<\/p>","protected":false},"featured_media":166927,"comment_status":"open","ping_status":"open","template":"","meta":[],"product_brand":[],"product_cat":[9504,1173,4108],"product_tag":[],"class_list":{"0":"post-166926","1":"product","2":"type-product","3":"status-publish","4":"has-post-thumbnail","6":"product_cat-furniture-system-dallas-jarstol-meble","7":"product_cat-chests-of-drawers","8":"product_cat-jarstol","10":"first","11":"instock","12":"purchasable","13":"product-type-simple"},"_links":{"self":[{"href":"https:\/\/baldumarket.lt\/lt\/wp-json\/wp\/v2\/product\/166926","targetHints":{"allow":["GET"]}}],"collection":[{"href":"https:\/\/baldumarket.lt\/lt\/wp-json\/wp\/v2\/product"}],"about":[{"href":"https:\/\/baldumarket.lt\/lt\/wp-json\/wp\/v2\/types\/product"}],"replies":[{"embeddable":true,"href":"https:\/\/baldumarket.lt\/lt\/wp-json\/wp\/v2\/comments?post=166926"}],"wp:featuredmedia":[{"embeddable":true,"href":"https:\/\/baldumarket.lt\/lt\/wp-json\/wp\/v2\/media\/166927"}],"wp:attachment":[{"href":"https:\/\/baldumarket.lt\/lt\/wp-json\/wp\/v2\/media?parent=166926"}],"wp:term":[{"taxonomy":"product_brand","embeddable":true,"href":"https:\/\/baldumarket.lt\/lt\/wp-json\/wp\/v2\/product_brand?post=166926"},{"taxonomy":"product_cat","embeddable":true,"href":"https:\/\/baldumarket.lt\/lt\/wp-json\/wp\/v2\/product_cat?post=166926"},{"taxonomy":"product_tag","embeddable":true,"href":"https:\/\/baldumarket.lt\/lt\/wp-json\/wp\/v2\/product_tag?post=166926"}],"curies":[{"name":"wp","href":"https:\/\/api.w.org\/{rel}","templated":true}]}}