{"id":166920,"date":"2025-12-19T16:17:45","date_gmt":"2025-12-19T13:17:45","guid":{"rendered":"https:\/\/baldumarket.lt\/product\/dallas-6-komoda-2d2s-dab-truflowy\/"},"modified":"2026-02-09T12:12:56","modified_gmt":"2026-02-09T09:12:56","slug":"dallas-6-komoda-2d2s-dab-truflowy","status":"publish","type":"product","link":"https:\/\/baldumarket.lt\/lt\/product\/dallas-6-komoda-2d2s-dab-truflowy\/","title":{"rendered":"DALLAS-6 &#8211; Komoda 2D2S triufeli\u0173 \u0105\u017euolo spalvos"},"content":{"rendered":"<p>Atraskite nauj\u0105 tvarkos lyg\u012f savo interjere su komoda \u201eDallas-6\u201c, kuri harmoningai derina elegancij\u0105 ir funkcionalum\u0105. Nuostabi triufeli\u0173 \u0105\u017euolo spalva spinduliuoja \u0161ilum\u0105 ir nat\u016bralum\u0105, suteikdama j\u016bs\u0173 kambariui jaukumo. Puikiai tinka tiems, kurie nori pagyvinti savo interjer\u0105 elementais, kurie d\u017eiugina ir dizainu, ir prakti\u0161kumu. \u0160i 123 cm auk\u0161\u010dio ir 97 cm plo\u010dio komoda yra vertingas bet kurio svetain\u0117s, miegamojo ar prie\u0161kambario papildymas. Du dideli stal\u010diai ir erdvi spintel\u0117 idealiai tinka drabu\u017eiams, aksesuarams ir kitiems smulkiems daiktams laikyti. D\u0117l \u0161ios apgalvotos tvarkos daikt\u0173 paie\u0161ka tampa malonumu, o ne vargais! Kuo komoda \u201eDallas-6\u201c skiriasi nuo kit\u0173 bald\u0173? Originalus jos dizainas kupinas charakterio, o juodos lentjuost\u0117s ir metalin\u0117s rankenos suteikia visam baldui modernumo. \u0160is baldas puikiai der\u0117s prie \u012fvairi\u0173 interjer\u0173 \u2013 tiek minimalistini\u0173, tiek puo\u0161nesni\u0173. Derinant su kitais \u201eDallas\u201c kolekcijos elementais, jis sukurs darni\u0105 ir \u017eavi\u0105 erdv\u0119.<\/p>","protected":false},"excerpt":{"rendered":"<p>Plotis (cm): 97<br \/>\n\u016agis (cm): 123<br \/>\nGylis (cm): 45<\/p>","protected":false},"featured_media":166921,"comment_status":"open","ping_status":"open","template":"","meta":[],"product_brand":[],"product_cat":[9504,1173,4108],"product_tag":[],"class_list":{"0":"post-166920","1":"product","2":"type-product","3":"status-publish","4":"has-post-thumbnail","6":"product_cat-furniture-system-dallas-jarstol-meble","7":"product_cat-chests-of-drawers","8":"product_cat-jarstol","10":"first","11":"instock","12":"purchasable","13":"product-type-simple"},"_links":{"self":[{"href":"https:\/\/baldumarket.lt\/lt\/wp-json\/wp\/v2\/product\/166920","targetHints":{"allow":["GET"]}}],"collection":[{"href":"https:\/\/baldumarket.lt\/lt\/wp-json\/wp\/v2\/product"}],"about":[{"href":"https:\/\/baldumarket.lt\/lt\/wp-json\/wp\/v2\/types\/product"}],"replies":[{"embeddable":true,"href":"https:\/\/baldumarket.lt\/lt\/wp-json\/wp\/v2\/comments?post=166920"}],"wp:featuredmedia":[{"embeddable":true,"href":"https:\/\/baldumarket.lt\/lt\/wp-json\/wp\/v2\/media\/166921"}],"wp:attachment":[{"href":"https:\/\/baldumarket.lt\/lt\/wp-json\/wp\/v2\/media?parent=166920"}],"wp:term":[{"taxonomy":"product_brand","embeddable":true,"href":"https:\/\/baldumarket.lt\/lt\/wp-json\/wp\/v2\/product_brand?post=166920"},{"taxonomy":"product_cat","embeddable":true,"href":"https:\/\/baldumarket.lt\/lt\/wp-json\/wp\/v2\/product_cat?post=166920"},{"taxonomy":"product_tag","embeddable":true,"href":"https:\/\/baldumarket.lt\/lt\/wp-json\/wp\/v2\/product_tag?post=166920"}],"curies":[{"name":"wp","href":"https:\/\/api.w.org\/{rel}","templated":true}]}}