{"id":166912,"date":"2025-12-19T16:17:27","date_gmt":"2025-12-19T13:17:27","guid":{"rendered":"https:\/\/baldumarket.lt\/product\/dallas-7-witryna-2d3s-barek-dab-sonoma\/"},"modified":"2026-02-09T12:12:56","modified_gmt":"2026-02-09T09:12:56","slug":"dallas-7-witryna-2d3s-barek-dab-sonoma","status":"publish","type":"product","link":"https:\/\/baldumarket.lt\/lt\/product\/dallas-7-witryna-2d3s-barek-dab-sonoma\/","title":{"rendered":"DALLAS-7 &#8211; 2D3S vitrina, Sonoma \u0105\u017euolas"},"content":{"rendered":"<p>\u201eDALLAS-7 \u2013 2D3S\u201c sonoma \u0105\u017euolo baro vitrina \u2013 tai baldas, kuris tikrai pritrauks bet kurio stilingo ir funkcionalaus interjero dizaino entuziasto d\u0117mes\u012f. Sukurta garsaus \u201eJarstol\u201c prek\u0117s \u017eenklo, \u0161i unikali vitrina ne tik u\u017etikrins prakti\u0161k\u0105 daikt\u0173 laikym\u0105, bet ir bus eleganti\u0161kas j\u016bs\u0173 nam\u0173 akcentas. Patraukli \u201eSonoma \u0105\u017euolo\u201c spalva suteikia \u0161ilt\u0105, nat\u016bral\u0173 charakter\u012f, puikiai papildant\u012f tiek modern\u0173, tiek klasikin\u012f interjer\u0105. \u201eDALLAS-7\u201c vitrina pasi\u017eymi unikaliu dizainu, kuris derina stili\u0173 ir funkcionalum\u0105. Tur\u0117dama tris erdvius stal\u010dius ir dvi stiklines spinteles, joje galite laikyti \u012fvairius daiktus \u2013 nuo drabu\u017ei\u0173 iki dokument\u0173 ir dekoratyvini\u0173 daikt\u0173. Stikliniai fasadai leid\u017eia saugiai eksponuoti m\u0117gstamus porceliano servizus ar \u0161eimos relikvijas. \u0160is baldas sukuria tvark\u0105, ta\u010diau kartu \u017eavi savo estetika ir skoniu. Juodos ranken\u0117l\u0117s ir subtilios \u0161io modelio lentjuost\u0117s suteikia bet kokiam interjerui modernumo ir elegancijos. Tokios detal\u0117s paver\u010dia vitrin\u0105 ne tik prakti\u0161ku baldu, bet ir j\u016bs\u0173 skonio i\u0161rai\u0161ka. Be to, d\u0117l kruop\u0161taus meistri\u0161kumo ir auk\u0161tos kokyb\u0117s med\u017eiag\u0173 galite b\u016bti tikri, kad baldas jums tarnaus daugel\u012f met\u0173, i\u0161laikydamas savo \u017eaves\u012f ir funkcionalum\u0105.<\/p>","protected":false},"excerpt":{"rendered":"<p>Plotis (cm): 157<br \/>\n\u016agis (cm): 111<br \/>\nGylis (cm): 45<\/p>","protected":false},"featured_media":166913,"comment_status":"open","ping_status":"open","template":"","meta":[],"product_brand":[],"product_cat":[9504,4108,2006],"product_tag":[],"class_list":{"0":"post-166912","1":"product","2":"type-product","3":"status-publish","4":"has-post-thumbnail","6":"product_cat-furniture-system-dallas-jarstol-meble","7":"product_cat-jarstol","8":"product_cat-vitrines","10":"first","11":"instock","12":"purchasable","13":"product-type-simple"},"_links":{"self":[{"href":"https:\/\/baldumarket.lt\/lt\/wp-json\/wp\/v2\/product\/166912","targetHints":{"allow":["GET"]}}],"collection":[{"href":"https:\/\/baldumarket.lt\/lt\/wp-json\/wp\/v2\/product"}],"about":[{"href":"https:\/\/baldumarket.lt\/lt\/wp-json\/wp\/v2\/types\/product"}],"replies":[{"embeddable":true,"href":"https:\/\/baldumarket.lt\/lt\/wp-json\/wp\/v2\/comments?post=166912"}],"wp:featuredmedia":[{"embeddable":true,"href":"https:\/\/baldumarket.lt\/lt\/wp-json\/wp\/v2\/media\/166913"}],"wp:attachment":[{"href":"https:\/\/baldumarket.lt\/lt\/wp-json\/wp\/v2\/media?parent=166912"}],"wp:term":[{"taxonomy":"product_brand","embeddable":true,"href":"https:\/\/baldumarket.lt\/lt\/wp-json\/wp\/v2\/product_brand?post=166912"},{"taxonomy":"product_cat","embeddable":true,"href":"https:\/\/baldumarket.lt\/lt\/wp-json\/wp\/v2\/product_cat?post=166912"},{"taxonomy":"product_tag","embeddable":true,"href":"https:\/\/baldumarket.lt\/lt\/wp-json\/wp\/v2\/product_tag?post=166912"}],"curies":[{"name":"wp","href":"https:\/\/api.w.org\/{rel}","templated":true}]}}