{"id":166904,"date":"2025-12-19T16:17:11","date_gmt":"2025-12-19T13:17:11","guid":{"rendered":"https:\/\/baldumarket.lt\/product\/dallas-7-witryna-2d3s-barek-dab-truflowy\/"},"modified":"2026-02-09T12:12:56","modified_gmt":"2026-02-09T09:12:56","slug":"dallas-7-witryna-2d3s-barek-dab-truflowy","status":"publish","type":"product","link":"https:\/\/baldumarket.lt\/lt\/product\/dallas-7-witryna-2d3s-barek-dab-truflowy\/","title":{"rendered":"DALLAS-7 \u2013 2D3S Vitrina, \u0105\u017euolo spalvos, triufeli\u0173 spalvos"},"content":{"rendered":"<p>DALLAS-7 \u2013 2D3S vitrina i\u0161 \u201eTruffle Oak\u201c medienos \u2013 puikus pasirinkimas visiems, norintiems savo interjerui suteikti elegancijos ir funkcionalumo. Unikalus dizainas su trimis erdviais stal\u010diais ir \u017eemyn atsidaran\u010diu strypu daro j\u0105 ne tik prakti\u0161k\u0105, bet ir stiling\u0105. \u0160i vitrina, pagaminta \u017einomo prek\u0117s \u017eenklo \u201eJarstol\u201c, puikiai derina modernum\u0105 su klasika, paversdama bet kur\u012f kambar\u012f tikra stiliaus oaze. \u0160ios indaujas yra dviej\u0173 stiklini\u0173 sekcij\u0173, u\u017e kuri\u0173 slypi eleganti\u0161kos stiklin\u0117s lentynos. Tai puiki vieta eksponuoti m\u0117gstamus dekoratyvinius daiktus, tokius kaip porcelianas ar kelioni\u0173 suvenyrai. Deja, \u0161ios vitrinos \u017eavesys slypi ne tik funkcionalume, bet ir estetiniame dizaine. Triufelio \u0105\u017euolo ir juod\u0173 metalini\u0173 ranken\u0117li\u0173 derinys suteikia jai modernumo, kuris tikrai patrauks kiekvieno, per\u017eengusio slenkst\u012f, ak\u012f. Taip pat verta atsi\u017evelgti \u012f med\u017eiagas, i\u0161 kuri\u0173 pagaminta vitrina. Auk\u0161tos kokyb\u0117s laminuota plok\u0161t\u0117 kartu su eleganti\u0161ku stiklu ir patvariais metaliniais elementais garantuoja ilgalaik\u012f pasitenkinim\u0105. \u201eDALLAS-7\u201c \u2013 tai baldas, kuris derina funkcionalum\u0105 ir estetik\u0105, tuo pa\u010diu metu lengvai surinkamas ir pri\u017ei\u016brimas, o tai yra b\u016btina kasdieniame gyvenime.<\/p>","protected":false},"excerpt":{"rendered":"<p>Plotis (cm): 157<br \/>\n\u016agis (cm): 111<br \/>\nGylis (cm): 45<\/p>","protected":false},"featured_media":166905,"comment_status":"open","ping_status":"open","template":"","meta":[],"product_brand":[],"product_cat":[9504,4108,2006],"product_tag":[],"class_list":{"0":"post-166904","1":"product","2":"type-product","3":"status-publish","4":"has-post-thumbnail","6":"product_cat-furniture-system-dallas-jarstol-meble","7":"product_cat-jarstol","8":"product_cat-vitrines","10":"first","11":"instock","12":"purchasable","13":"product-type-simple"},"_links":{"self":[{"href":"https:\/\/baldumarket.lt\/lt\/wp-json\/wp\/v2\/product\/166904","targetHints":{"allow":["GET"]}}],"collection":[{"href":"https:\/\/baldumarket.lt\/lt\/wp-json\/wp\/v2\/product"}],"about":[{"href":"https:\/\/baldumarket.lt\/lt\/wp-json\/wp\/v2\/types\/product"}],"replies":[{"embeddable":true,"href":"https:\/\/baldumarket.lt\/lt\/wp-json\/wp\/v2\/comments?post=166904"}],"wp:featuredmedia":[{"embeddable":true,"href":"https:\/\/baldumarket.lt\/lt\/wp-json\/wp\/v2\/media\/166905"}],"wp:attachment":[{"href":"https:\/\/baldumarket.lt\/lt\/wp-json\/wp\/v2\/media?parent=166904"}],"wp:term":[{"taxonomy":"product_brand","embeddable":true,"href":"https:\/\/baldumarket.lt\/lt\/wp-json\/wp\/v2\/product_brand?post=166904"},{"taxonomy":"product_cat","embeddable":true,"href":"https:\/\/baldumarket.lt\/lt\/wp-json\/wp\/v2\/product_cat?post=166904"},{"taxonomy":"product_tag","embeddable":true,"href":"https:\/\/baldumarket.lt\/lt\/wp-json\/wp\/v2\/product_tag?post=166904"}],"curies":[{"name":"wp","href":"https:\/\/api.w.org\/{rel}","templated":true}]}}