{"id":166898,"date":"2025-12-19T16:16:58","date_gmt":"2025-12-19T13:16:58","guid":{"rendered":"https:\/\/baldumarket.lt\/product\/dallas-9-lustro-wiszace-dab-sonoma\/"},"modified":"2026-02-09T12:12:56","modified_gmt":"2026-02-09T09:12:56","slug":"dallas-9-lustro-wiszace-dab-sonoma","status":"publish","type":"product","link":"https:\/\/baldumarket.lt\/lt\/product\/dallas-9-lustro-wiszace-dab-sonoma\/","title":{"rendered":"DALLAS-9 \u2013 Sonoma \u0105\u017euolo pakabinamas veidrodis"},"content":{"rendered":"<p>Pakabinamas veidrodis \u201eDallas-9\u201c \u2013 tai puikus dekoratyvinis elementas, kuris j\u016bs\u0173 interjerui suteiks unikalaus stiliaus ir elegancijos. Sonoma \u0105\u017euolo dizainas suteikia jam \u0161ilumos ir jaukumo, tod\u0117l jis yra ne tik prakti\u0161kas priedas, bet ir stilingas akcentas bet kuriame kambaryje. Juodos groteli\u0173 formos \u012fd\u0117klai suteikia modernumo, lau\u017eydami tradicini\u0173 veidrod\u017ei\u0173 lipdinius ir paversdami j\u012f unikaliu dizaino elementu. Auk\u0161tos kokyb\u0117s \u0161io \u201eDallas\u201c kolekcijos veidrod\u017eio meistri\u0161kumas garantuoja jo patvarum\u0105 ir elegancij\u0105. Laminuotos plok\u0161t\u0117s priekis yra ne tik esteti\u0161kai patrauklus, bet ir lengvai pri\u017ei\u016brimas. D\u0117l universalios formos jis puikiai dera prie \u012fvairi\u0173 interjer\u0173 \u2013 nuo klasikinio iki modernaus, tod\u0117l yra tikrai universalus sprendimas bet kokiems namams. Veidrodis ne tik vizualiai padidina erdv\u0119, bet ir suteikia subtilumo bei lengvumo. Subtili forma puikiai tinka svetain\u0117ms, miegamiesiems ir koridoriams. Tai puiki vieta pa\u017evelgti \u012f save prie\u0161 i\u0161einant \u012f lauk\u0105 arba tiesiog m\u0117gautis jo gro\u017eiu kiekvien\u0105 dien\u0105.<\/p>","protected":false},"excerpt":{"rendered":"<p>Plotis (cm): 115<br \/>\n\u016agis (cm): 82<br \/>\nGylis (cm): 45<\/p>","protected":false},"featured_media":166899,"comment_status":"open","ping_status":"open","template":"","meta":[],"product_brand":[],"product_cat":[9504,4108,1108],"product_tag":[],"class_list":{"0":"post-166898","1":"product","2":"type-product","3":"status-publish","4":"has-post-thumbnail","6":"product_cat-furniture-system-dallas-jarstol-meble","7":"product_cat-jarstol","8":"product_cat-mirrors","10":"first","11":"instock","12":"purchasable","13":"product-type-simple"},"_links":{"self":[{"href":"https:\/\/baldumarket.lt\/lt\/wp-json\/wp\/v2\/product\/166898","targetHints":{"allow":["GET"]}}],"collection":[{"href":"https:\/\/baldumarket.lt\/lt\/wp-json\/wp\/v2\/product"}],"about":[{"href":"https:\/\/baldumarket.lt\/lt\/wp-json\/wp\/v2\/types\/product"}],"replies":[{"embeddable":true,"href":"https:\/\/baldumarket.lt\/lt\/wp-json\/wp\/v2\/comments?post=166898"}],"wp:featuredmedia":[{"embeddable":true,"href":"https:\/\/baldumarket.lt\/lt\/wp-json\/wp\/v2\/media\/166899"}],"wp:attachment":[{"href":"https:\/\/baldumarket.lt\/lt\/wp-json\/wp\/v2\/media?parent=166898"}],"wp:term":[{"taxonomy":"product_brand","embeddable":true,"href":"https:\/\/baldumarket.lt\/lt\/wp-json\/wp\/v2\/product_brand?post=166898"},{"taxonomy":"product_cat","embeddable":true,"href":"https:\/\/baldumarket.lt\/lt\/wp-json\/wp\/v2\/product_cat?post=166898"},{"taxonomy":"product_tag","embeddable":true,"href":"https:\/\/baldumarket.lt\/lt\/wp-json\/wp\/v2\/product_tag?post=166898"}],"curies":[{"name":"wp","href":"https:\/\/api.w.org\/{rel}","templated":true}]}}