{"id":166892,"date":"2025-12-19T16:16:44","date_gmt":"2025-12-19T13:16:44","guid":{"rendered":"https:\/\/baldumarket.lt\/product\/dallas-9-lustro-wiszace-dab-truflowy\/"},"modified":"2026-02-09T12:12:56","modified_gmt":"2026-02-09T09:12:56","slug":"dallas-9-lustro-wiszace-dab-truflowy","status":"publish","type":"product","link":"https:\/\/baldumarket.lt\/lt\/product\/dallas-9-lustro-wiszace-dab-truflowy\/","title":{"rendered":"DALLAS-9 &#8211; Pakabinamas veidrodis su triufeli\u0173 spalvos \u0105\u017euolo imitacija"},"content":{"rendered":"<p>Pakabinamas veidrodis \u201eDallas-9\u201c yra tikras dekoratyvini\u0173 element\u0173 perlas, \u017eavintis savo estetika ir funkcionalumu. Apdailintas triufeli\u0173 spalvos \u0105\u017euolu, \u0161is veidrodis suteikia bet kokiam interjerui nat\u016bralaus \u0161ilumos ir elegancijos, harmoningai papildydamas \u012fvairius dizaino stilius. 115 cm plo\u010dio ir 82 cm auk\u0161\u010dio jis tampa ne tik prakti\u0161ku, bet ir madingu akcentu, kuris pakeis bet kur\u012f kambar\u012f. Subtil\u016bs juodi \u012fd\u0117klai \u201eDallas-9\u201c veidrodyje traukia d\u0117mes\u012f ir suteikia unikalaus charakterio. \u0160ios originalios detal\u0117s lau\u017eo normas, paversdamos veidrod\u012f tikru meno k\u016briniu, kuris pagyvins tiek modern\u0173, tiek klasikin\u012f interjer\u0105. Kiekvienas \u017evilgsnis yra malonumas, o jo buvimas suteikia erdvei unikal\u0173 matmen\u012f. \u201eDallas-9\u201c veidrodis yra ne tik vizualiai patrauklus, bet ir d\u0117l optini\u0173 galimybi\u0173 kambarys atrodo didesnis ir erdvesnis. Tai puikus sprendimas tiems, kurie nori \u012f savo namus \u012fne\u0161ti daugiau \u0161viesos ir erdv\u0117s poj\u016b\u010dio. Tegul kiekvienas j\u016bs\u0173 interjero kampelis atgyja su \u0161iuo veidrod\u017eiu, kuris bus tarsi stebuklingas langas \u012f pasaul\u012f.<\/p>","protected":false},"excerpt":{"rendered":"<p>Plotis (cm): 115<br \/>\n\u016agis (cm): 82<br \/>\nGylis (cm): 4,7<\/p>","protected":false},"featured_media":166893,"comment_status":"open","ping_status":"open","template":"","meta":[],"product_brand":[],"product_cat":[9504,4108,1108],"product_tag":[],"class_list":{"0":"post-166892","1":"product","2":"type-product","3":"status-publish","4":"has-post-thumbnail","6":"product_cat-furniture-system-dallas-jarstol-meble","7":"product_cat-jarstol","8":"product_cat-mirrors","10":"first","11":"instock","12":"purchasable","13":"product-type-simple"},"_links":{"self":[{"href":"https:\/\/baldumarket.lt\/lt\/wp-json\/wp\/v2\/product\/166892","targetHints":{"allow":["GET"]}}],"collection":[{"href":"https:\/\/baldumarket.lt\/lt\/wp-json\/wp\/v2\/product"}],"about":[{"href":"https:\/\/baldumarket.lt\/lt\/wp-json\/wp\/v2\/types\/product"}],"replies":[{"embeddable":true,"href":"https:\/\/baldumarket.lt\/lt\/wp-json\/wp\/v2\/comments?post=166892"}],"wp:featuredmedia":[{"embeddable":true,"href":"https:\/\/baldumarket.lt\/lt\/wp-json\/wp\/v2\/media\/166893"}],"wp:attachment":[{"href":"https:\/\/baldumarket.lt\/lt\/wp-json\/wp\/v2\/media?parent=166892"}],"wp:term":[{"taxonomy":"product_brand","embeddable":true,"href":"https:\/\/baldumarket.lt\/lt\/wp-json\/wp\/v2\/product_brand?post=166892"},{"taxonomy":"product_cat","embeddable":true,"href":"https:\/\/baldumarket.lt\/lt\/wp-json\/wp\/v2\/product_cat?post=166892"},{"taxonomy":"product_tag","embeddable":true,"href":"https:\/\/baldumarket.lt\/lt\/wp-json\/wp\/v2\/product_tag?post=166892"}],"curies":[{"name":"wp","href":"https:\/\/api.w.org\/{rel}","templated":true}]}}