{"id":166884,"date":"2025-12-19T16:16:26","date_gmt":"2025-12-19T13:16:26","guid":{"rendered":"https:\/\/baldumarket.lt\/product\/dallas-13-biurko-1d-dab-sonoma\/"},"modified":"2026-02-09T12:13:04","modified_gmt":"2026-02-09T09:13:04","slug":"dallas-13-biurko-1d-dab-sonoma","status":"publish","type":"product","link":"https:\/\/baldumarket.lt\/lt\/product\/dallas-13-biurko-1d-dab-sonoma\/","title":{"rendered":"DALLAS-13 &#8211; 1D Sonoma \u0105\u017euolo ra\u0161omasis stalas"},"content":{"rendered":"<p>DALLAS-13 Sonoma \u0105\u017euolo ra\u0161omasis stalas \u012fne\u0161 \u012f j\u016bs\u0173 interjer\u0105 nat\u016bralaus med\u017eio \u0161ilumos. Minimalistinis dizainas ir eleganti\u0161kos linijos puikiai papildys tiek modern\u0173, tiek klasikin\u012f interjer\u0105. Su gra\u017eiomis juodomis dekoratyvin\u0117mis apvadais stalas tampa ne tik baldu, bet ir stilingu dekoratyviniu elementu. Dirbant i\u0161 nam\u0173 ar mokantis, mums reikia gerai suprojektuotos erdv\u0117s, kuri skatint\u0173 produktyvum\u0105. DALLAS-13 ra\u0161omasis stalas si\u016blo ne tik erdv\u0173 darbin\u012f pavir\u0161i\u0173, bet ir i\u0161traukiam\u0105 klaviat\u016bros lentyn\u0105, leid\u017eian\u010di\u0105 optimizuoti stalo erdv\u0119. \u012emontuota spintel\u0117 su lentyna leid\u017eia lengvai susitvarkyti dokumentus ir priedus, tod\u0117l kasdien\u0117s u\u017eduotys tampa daug lengvesn\u0117s. Stalo konstrukcija sukurta atsi\u017evelgiant \u012f stabilum\u0105 ir ilgaam\u017ei\u0161kum\u0105, u\u017etikrinant patog\u0173 darb\u0105 ilgus metus. Jo matmenys \u2013 126 cm plo\u010dio, 77 cm auk\u0161\u010dio ir 61 cm gylio \u2013 si\u016blo tobul\u0105 erdv\u0117s ir funkcionalumo pusiausvyr\u0105, tod\u0117l jis tinka net ir ma\u017eoms erdv\u0117ms. Stalas yra dviej\u0173 spalv\u0173, tod\u0117l galite j\u012f pritaikyti pagal savo individualius pageidavimus.<\/p>","protected":false},"excerpt":{"rendered":"<p>Plotis (cm): 126<br \/>\n\u016agis (cm): 77<br \/>\nGylis (cm): 4,7<\/p>","protected":false},"featured_media":166885,"comment_status":"open","ping_status":"open","template":"","meta":[],"product_brand":[],"product_cat":[9504,1312,4108],"product_tag":[],"class_list":{"0":"post-166884","1":"product","2":"type-product","3":"status-publish","4":"has-post-thumbnail","6":"product_cat-furniture-system-dallas-jarstol-meble","7":"product_cat-desks","8":"product_cat-jarstol","10":"first","11":"instock","12":"purchasable","13":"product-type-simple"},"_links":{"self":[{"href":"https:\/\/baldumarket.lt\/lt\/wp-json\/wp\/v2\/product\/166884","targetHints":{"allow":["GET"]}}],"collection":[{"href":"https:\/\/baldumarket.lt\/lt\/wp-json\/wp\/v2\/product"}],"about":[{"href":"https:\/\/baldumarket.lt\/lt\/wp-json\/wp\/v2\/types\/product"}],"replies":[{"embeddable":true,"href":"https:\/\/baldumarket.lt\/lt\/wp-json\/wp\/v2\/comments?post=166884"}],"wp:featuredmedia":[{"embeddable":true,"href":"https:\/\/baldumarket.lt\/lt\/wp-json\/wp\/v2\/media\/166885"}],"wp:attachment":[{"href":"https:\/\/baldumarket.lt\/lt\/wp-json\/wp\/v2\/media?parent=166884"}],"wp:term":[{"taxonomy":"product_brand","embeddable":true,"href":"https:\/\/baldumarket.lt\/lt\/wp-json\/wp\/v2\/product_brand?post=166884"},{"taxonomy":"product_cat","embeddable":true,"href":"https:\/\/baldumarket.lt\/lt\/wp-json\/wp\/v2\/product_cat?post=166884"},{"taxonomy":"product_tag","embeddable":true,"href":"https:\/\/baldumarket.lt\/lt\/wp-json\/wp\/v2\/product_tag?post=166884"}],"curies":[{"name":"wp","href":"https:\/\/api.w.org\/{rel}","templated":true}]}}