{"id":166878,"date":"2025-12-19T16:16:12","date_gmt":"2025-12-19T13:16:12","guid":{"rendered":"https:\/\/baldumarket.lt\/product\/dallas-13-biurko-1d-dab-truflowy\/"},"modified":"2026-02-09T12:13:04","modified_gmt":"2026-02-09T09:13:04","slug":"dallas-13-biurko-1d-dab-truflowy","status":"publish","type":"product","link":"https:\/\/baldumarket.lt\/lt\/product\/dallas-13-biurko-1d-dab-truflowy\/","title":{"rendered":"DALLAS-13 &#8211; 1D triufeli\u0173 \u0105\u017euolo spalvos ra\u0161omasis stalas"},"content":{"rendered":"<p>DALLAS-13 stalas, pagamintas i\u0161 auk\u0161tos kokyb\u0117s laminuotos plok\u0161t\u0117s, pasi\u017eymi gra\u017eia, modernia \u201eTruffle Oak\u201c spalva, kuri bet kokiam interjerui suteikia \u0161ilumos ir jaukumo. Unikalios juodos dekoratyvin\u0117s juostel\u0117s ir metalin\u0117s rankenos sustiprina baldo charakter\u012f, suteikdamos estetik\u0105, kuri d\u017eiugina kiekvien\u0105. \u0160io stalo funkcionalumas yra vienas i\u0161 pagrindini\u0173 jo privalum\u0173. Rafinuota konstrukcija buvo sukurta atsi\u017evelgiant \u012f patog\u0173 darb\u0105 ir mokym\u0105si. Stalas su i\u0161traukiama klaviat\u016bros lentyna leid\u017eia lanks\u010diai organizuoti darbo viet\u0105. Be to, integruota spintel\u0117 su lentyna leid\u017eia susitvarkyti dokumentus ir b\u016btiniausius priedus, o tai tikrai pad\u0117s palaikyti tvark\u0105 bet kokioje situacijoje. Be universalumo, DALLAS-13 stalas pasi\u017eymi ir stabilumu. Tvirta konstrukcija u\u017etikrina ne tik saugum\u0105, bet ir ilgaam\u017ei\u0161kum\u0105, u\u017etikrindama, kad baldas tarnaus jums daugel\u012f met\u0173. Nesvarbu, ar tai klasikinis, ar modernus interjeras, \u0161is stalas neabejotinai taps pagrindiniu bet kurio interjero elementu, suteikdamas stiliaus ir elegancijos.<\/p>","protected":false},"excerpt":{"rendered":"<p>Plotis (cm): 126<br \/>\n\u016agis (cm): 77<br \/>\nGylis (cm): 61<\/p>","protected":false},"featured_media":166879,"comment_status":"open","ping_status":"open","template":"","meta":[],"product_brand":[],"product_cat":[9504,1312,4108],"product_tag":[],"class_list":{"0":"post-166878","1":"product","2":"type-product","3":"status-publish","4":"has-post-thumbnail","6":"product_cat-furniture-system-dallas-jarstol-meble","7":"product_cat-desks","8":"product_cat-jarstol","10":"first","11":"instock","12":"purchasable","13":"product-type-simple"},"_links":{"self":[{"href":"https:\/\/baldumarket.lt\/lt\/wp-json\/wp\/v2\/product\/166878","targetHints":{"allow":["GET"]}}],"collection":[{"href":"https:\/\/baldumarket.lt\/lt\/wp-json\/wp\/v2\/product"}],"about":[{"href":"https:\/\/baldumarket.lt\/lt\/wp-json\/wp\/v2\/types\/product"}],"replies":[{"embeddable":true,"href":"https:\/\/baldumarket.lt\/lt\/wp-json\/wp\/v2\/comments?post=166878"}],"wp:featuredmedia":[{"embeddable":true,"href":"https:\/\/baldumarket.lt\/lt\/wp-json\/wp\/v2\/media\/166879"}],"wp:attachment":[{"href":"https:\/\/baldumarket.lt\/lt\/wp-json\/wp\/v2\/media?parent=166878"}],"wp:term":[{"taxonomy":"product_brand","embeddable":true,"href":"https:\/\/baldumarket.lt\/lt\/wp-json\/wp\/v2\/product_brand?post=166878"},{"taxonomy":"product_cat","embeddable":true,"href":"https:\/\/baldumarket.lt\/lt\/wp-json\/wp\/v2\/product_cat?post=166878"},{"taxonomy":"product_tag","embeddable":true,"href":"https:\/\/baldumarket.lt\/lt\/wp-json\/wp\/v2\/product_tag?post=166878"}],"curies":[{"name":"wp","href":"https:\/\/api.w.org\/{rel}","templated":true}]}}