{"id":166872,"date":"2025-12-19T16:15:58","date_gmt":"2025-12-19T13:15:58","guid":{"rendered":"https:\/\/baldumarket.lt\/product\/dallas-10-polka-wiszaca-dab-sonoma\/"},"modified":"2026-02-09T12:13:04","modified_gmt":"2026-02-09T09:13:04","slug":"dallas-10-polka-wiszaca-dab-sonoma","status":"publish","type":"product","link":"https:\/\/baldumarket.lt\/lt\/product\/dallas-10-polka-wiszaca-dab-sonoma\/","title":{"rendered":"DALLAS-10 \u2013 Sonoma \u0105\u017euolo pakabinama lentyna"},"content":{"rendered":"<p>Pakabinama lentyna \u201eDALLAS-10\u201c i\u0161 \u201eSonoma Oak\u201c medienos \u2013 puikus pasirinkimas tiems, kurie siekia savo interjerui suteikti stiliaus ir elegancijos. Minimalistinis dizainas ir neutrali spalv\u0173 palet\u0117 puikiai tinka \u012fvairiems interjerams \u2013 nuo modernaus iki klasikinio. Paprastumas paver\u010dia j\u0105 universaliu elementu, kuris suteiks charakterio bet kuriam kambariui. \u0160is funkcionalus sprendimas yra ne tik esteti\u0161kai patrauklus, bet ir prakti\u0161kas. Ant jos lengvai tilps knygos, dekoracijos ar vazoniniai augalai, suteikdami erdvei gyvyb\u0117s. \u012esivaizduokite \u0161i\u0105 gra\u017ei\u0105 lentyn\u0105 savo svetain\u0117je, kur ji lyd\u0117s susib\u016brimus su \u0161eima ir draugais, tapdama patraukliu akcentu. 107 cm plo\u010dio ir 22 cm gylio lentyna idealiai tinka tiek ma\u017eesn\u0117ms, tiek didesn\u0117ms erdv\u0117ms. Pagaminta i\u0161 auk\u0161tos kokyb\u0117s laminuotos plok\u0161t\u0117s, \u201eDALLAS-10\u201c lentyna pasi\u017eymi ne\u012ftik\u0117tinu patvarumu ir tvirtumu, tod\u0117l tai ilgalaik\u0117 investicija. 4,8 cm storis garantuoja stabilum\u0105 net ir esant didel\u0117ms apkrovoms. Galima rinktis i\u0161 dviej\u0173 eleganti\u0161k\u0173 spalv\u0173, tod\u0117l j\u0105 galite lengvai priderinti prie esamo dekoro arba sukurti kontrasting\u0105 akcent\u0105, kuris patrauks ak\u012f.<\/p>","protected":false},"excerpt":{"rendered":"<p>Plotis (cm): 107<br \/>\n\u016agis (cm): 4,8<br \/>\nGylis (cm): 61<\/p>","protected":false},"featured_media":166873,"comment_status":"open","ping_status":"open","template":"","meta":[],"product_brand":[],"product_cat":[9504,1174,4108],"product_tag":[],"class_list":{"0":"post-166872","1":"product","2":"type-product","3":"status-publish","4":"has-post-thumbnail","6":"product_cat-furniture-system-dallas-jarstol-meble","7":"product_cat-hanging-shelves","8":"product_cat-jarstol","10":"first","11":"instock","12":"purchasable","13":"product-type-simple"},"_links":{"self":[{"href":"https:\/\/baldumarket.lt\/lt\/wp-json\/wp\/v2\/product\/166872","targetHints":{"allow":["GET"]}}],"collection":[{"href":"https:\/\/baldumarket.lt\/lt\/wp-json\/wp\/v2\/product"}],"about":[{"href":"https:\/\/baldumarket.lt\/lt\/wp-json\/wp\/v2\/types\/product"}],"replies":[{"embeddable":true,"href":"https:\/\/baldumarket.lt\/lt\/wp-json\/wp\/v2\/comments?post=166872"}],"wp:featuredmedia":[{"embeddable":true,"href":"https:\/\/baldumarket.lt\/lt\/wp-json\/wp\/v2\/media\/166873"}],"wp:attachment":[{"href":"https:\/\/baldumarket.lt\/lt\/wp-json\/wp\/v2\/media?parent=166872"}],"wp:term":[{"taxonomy":"product_brand","embeddable":true,"href":"https:\/\/baldumarket.lt\/lt\/wp-json\/wp\/v2\/product_brand?post=166872"},{"taxonomy":"product_cat","embeddable":true,"href":"https:\/\/baldumarket.lt\/lt\/wp-json\/wp\/v2\/product_cat?post=166872"},{"taxonomy":"product_tag","embeddable":true,"href":"https:\/\/baldumarket.lt\/lt\/wp-json\/wp\/v2\/product_tag?post=166872"}],"curies":[{"name":"wp","href":"https:\/\/api.w.org\/{rel}","templated":true}]}}