{"id":166866,"date":"2025-12-19T16:15:45","date_gmt":"2025-12-19T13:15:45","guid":{"rendered":"https:\/\/baldumarket.lt\/product\/dallas-10-polka-wiszaca-dab-truflowy\/"},"modified":"2026-02-09T12:13:04","modified_gmt":"2026-02-09T09:13:04","slug":"dallas-10-polka-wiszaca-dab-truflowy","status":"publish","type":"product","link":"https:\/\/baldumarket.lt\/lt\/product\/dallas-10-polka-wiszaca-dab-truflowy\/","title":{"rendered":"DALLAS-10 &#8211; Pakabinama lentyna su triufeli\u0173 spalvos \u0105\u017euolu"},"content":{"rendered":"<p>Atraskite unikali\u0105 \u201eJarstol\u201c pakabinam\u0105 lentyn\u0105 \u201eDALLAS-10\u201c, kuri bet kokiam interjerui suteikia elegancijos ir stiliaus. Unikali triufeli\u0173 \u0105\u017euolo spalva paver\u010dia j\u0105 traukos centru, skland\u017eiai deran\u010dia tiek su moderniu, tiek su klasikiniu dekoru. Minimalistinis dizainas puikiai tinka bet kokiam kambariui \u2013 nuo miegamojo iki svetain\u0117s ir biuro. \u0160i funkcionali lentyna, pagaminta i\u0161 patvarios laminuotos plok\u0161t\u0117s, yra ne tik dekoratyvinis elementas, bet ir prakti\u0161kas daikt\u0173 laikymo sprendimas. 107 cm plo\u010dio ir 22 cm gylio, ji suteikia daug vietos knygoms, papuo\u0161alams ir augalams. Minimalistin\u0117, plok\u0161\u010dia forma puikiai tinka ma\u017eesniems interjerams, kur svarbus kiekvienas erdv\u0117s centimetras. Lentyna \u201eDALLAS-10\u201c taip pat yra puikus b\u016bdas i\u0161reik\u0161ti savo k\u016brybi\u0161kum\u0105. Galite j\u0105 stilizuoti pagal savo skon\u012f, keisdami i\u0161d\u0117stym\u0105 pagal met\u0173 laikus ar nuotaik\u0105. Sukurkite unikalias kompozicijas, kurios pritrauks tiek \u0161eimos nari\u0173, tiek sve\u010di\u0173 d\u0117mes\u012f. D\u0117l savo pritaikymo \u012fvairov\u0117s ji bus puikus pagrindas kuriant individual\u0173 j\u016bs\u0173 interjero charakter\u012f.<\/p>","protected":false},"excerpt":{"rendered":"<p>Plotis (cm): 107<br \/>\n\u016agis (cm): 4,8<br \/>\nGylis (cm): 22<\/p>","protected":false},"featured_media":166867,"comment_status":"open","ping_status":"open","template":"","meta":[],"product_brand":[],"product_cat":[9504,1174,4108],"product_tag":[],"class_list":{"0":"post-166866","1":"product","2":"type-product","3":"status-publish","4":"has-post-thumbnail","6":"product_cat-furniture-system-dallas-jarstol-meble","7":"product_cat-hanging-shelves","8":"product_cat-jarstol","10":"first","11":"instock","12":"purchasable","13":"product-type-simple"},"_links":{"self":[{"href":"https:\/\/baldumarket.lt\/lt\/wp-json\/wp\/v2\/product\/166866","targetHints":{"allow":["GET"]}}],"collection":[{"href":"https:\/\/baldumarket.lt\/lt\/wp-json\/wp\/v2\/product"}],"about":[{"href":"https:\/\/baldumarket.lt\/lt\/wp-json\/wp\/v2\/types\/product"}],"replies":[{"embeddable":true,"href":"https:\/\/baldumarket.lt\/lt\/wp-json\/wp\/v2\/comments?post=166866"}],"wp:featuredmedia":[{"embeddable":true,"href":"https:\/\/baldumarket.lt\/lt\/wp-json\/wp\/v2\/media\/166867"}],"wp:attachment":[{"href":"https:\/\/baldumarket.lt\/lt\/wp-json\/wp\/v2\/media?parent=166866"}],"wp:term":[{"taxonomy":"product_brand","embeddable":true,"href":"https:\/\/baldumarket.lt\/lt\/wp-json\/wp\/v2\/product_brand?post=166866"},{"taxonomy":"product_cat","embeddable":true,"href":"https:\/\/baldumarket.lt\/lt\/wp-json\/wp\/v2\/product_cat?post=166866"},{"taxonomy":"product_tag","embeddable":true,"href":"https:\/\/baldumarket.lt\/lt\/wp-json\/wp\/v2\/product_tag?post=166866"}],"curies":[{"name":"wp","href":"https:\/\/api.w.org\/{rel}","templated":true}]}}