{"id":166858,"date":"2025-12-19T16:15:28","date_gmt":"2025-12-19T13:15:28","guid":{"rendered":"https:\/\/baldumarket.lt\/product\/dallas-11-komoda-rtv-1d-dab-sonoma\/"},"modified":"2026-02-09T12:13:04","modified_gmt":"2026-02-09T09:13:04","slug":"dallas-11-komoda-rtv-1d-dab-sonoma","status":"publish","type":"product","link":"https:\/\/baldumarket.lt\/lt\/product\/dallas-11-komoda-rtv-1d-dab-sonoma\/","title":{"rendered":"DALLAS-11 &#8211; 1D TV spintel\u0117, Sonoma Oak"},"content":{"rendered":"<p>Dar vienas DALLAS-11 privalumas \u2013 funkcionalumas. Trimis lentynomis \u2013 dviem ma\u017eesn\u0117mis ir viena didesne \u2013 jis puikiai tinka laikyti elektronik\u0105, knygas ar m\u0117gstamas dekoracijas. U\u017edara spintel\u0117 leid\u017eia laikyti visus b\u016btiniausius daiktus, suteikdama interjerui tvarkos ir tvarkingumo. Nesvarbu, ar norite laikyti film\u0173 aksesuarus, ar b\u016btiniausius dekoro elementus, \u0161is televizoriaus staliukas pateisins j\u016bs\u0173 l\u016bkes\u010dius. Nuostabi estetika \u2013 metalin\u0117s rankenos ir r\u0117mai suteikia staliukui i\u0161skirtinio stiliaus, pagerina jo vizualin\u012f patrauklum\u0105. Juodos spalvos ir nat\u016bralaus \u0105\u017euolo atspalvio kontrastas sukuria unikal\u0173 efekt\u0105, kuris pritrauks j\u016bs\u0173 sve\u010di\u0173 d\u0117mes\u012f. DALLAS-11 yra ne tik prakti\u0161kas baldas, bet ir ry\u0161kus dekoratyvinis elementas, suteiksiantis j\u016bs\u0173 interjerui unikali\u0105 atmosfer\u0105. Papildomas privalumas \u2013 galimyb\u0117 surinkti savo rankomis, tod\u0117l DALLAS-11 televizoriaus staliukas yra idealus sprendimas tiems, kurie m\u0117gsta patiems kurti savo erdves. Pakuot\u0117je yra visi reikalingi priedai ir instrukcijos, tod\u0117l \u0161\u012f ne\u012ftik\u0117tin\u0105 bald\u0105 surinkti bus greita ir paprasta. Rinkit\u0117s DALLAS-11 ir m\u0117gaukit\u0117s ne tik unikaliu stiliumi, bet ir savaranki\u0161ko surinkimo pasitenkinimu!<\/p>","protected":false},"excerpt":{"rendered":"<p>Plotis (cm): 107<br \/>\n\u016agis (cm): 72<br \/>\nGylis (cm): 22<\/p>","protected":false},"featured_media":166859,"comment_status":"open","ping_status":"open","template":"","meta":[],"product_brand":[],"product_cat":[9504,4108,1175],"product_tag":[],"class_list":{"0":"post-166858","1":"product","2":"type-product","3":"status-publish","4":"has-post-thumbnail","6":"product_cat-furniture-system-dallas-jarstol-meble","7":"product_cat-jarstol","8":"product_cat-tv-stands","10":"first","11":"instock","12":"purchasable","13":"product-type-simple"},"_links":{"self":[{"href":"https:\/\/baldumarket.lt\/lt\/wp-json\/wp\/v2\/product\/166858","targetHints":{"allow":["GET"]}}],"collection":[{"href":"https:\/\/baldumarket.lt\/lt\/wp-json\/wp\/v2\/product"}],"about":[{"href":"https:\/\/baldumarket.lt\/lt\/wp-json\/wp\/v2\/types\/product"}],"replies":[{"embeddable":true,"href":"https:\/\/baldumarket.lt\/lt\/wp-json\/wp\/v2\/comments?post=166858"}],"wp:featuredmedia":[{"embeddable":true,"href":"https:\/\/baldumarket.lt\/lt\/wp-json\/wp\/v2\/media\/166859"}],"wp:attachment":[{"href":"https:\/\/baldumarket.lt\/lt\/wp-json\/wp\/v2\/media?parent=166858"}],"wp:term":[{"taxonomy":"product_brand","embeddable":true,"href":"https:\/\/baldumarket.lt\/lt\/wp-json\/wp\/v2\/product_brand?post=166858"},{"taxonomy":"product_cat","embeddable":true,"href":"https:\/\/baldumarket.lt\/lt\/wp-json\/wp\/v2\/product_cat?post=166858"},{"taxonomy":"product_tag","embeddable":true,"href":"https:\/\/baldumarket.lt\/lt\/wp-json\/wp\/v2\/product_tag?post=166858"}],"curies":[{"name":"wp","href":"https:\/\/api.w.org\/{rel}","templated":true}]}}