{"id":166844,"date":"2025-12-19T16:14:57","date_gmt":"2025-12-19T13:14:57","guid":{"rendered":"https:\/\/baldumarket.lt\/product\/dallas-12-komoda-rtv-2d-dab-sonoma\/"},"modified":"2026-02-09T12:13:04","modified_gmt":"2026-02-09T09:13:04","slug":"dallas-12-komoda-rtv-2d-dab-sonoma","status":"publish","type":"product","link":"https:\/\/baldumarket.lt\/lt\/product\/dallas-12-komoda-rtv-2d-dab-sonoma\/","title":{"rendered":"DALLAS-12 \u2013 2D televizoriaus spintel\u0117, Sonoma Oak"},"content":{"rendered":"<p>\u201eDALLAS-12\u201c televizoriaus staliukas i\u0161 \u201eSonoma Oak\u201c medienos \u2013 tai tobulas stiliaus ir funkcionalumo derinys, paver\u010diantis j\u012f j\u016bs\u0173 svetain\u0117s \u0161irdimi. \u0160is unikalus baldas \u017eavi savo estetika, suteikdamas \u0161ilumos ir jaukumo bet kokiam interjerui. Eleganti\u0161ka nat\u016bralaus \u201eSonoma Oak\u201c atspalvio i\u0161vaizda puikiai papildo \u0161iuolaikines dizaino tendencijas, suteikdama bet kuriai erdvei charakterio ir harmonijos. Ne tik i\u0161vaizda, bet ir prakti\u0161kumas daro j\u012f nepakei\u010diamu kasdieniam naudojimui. \u201eDALLAS-12\u201c turi tris lentynas, i\u0161 kuri\u0173 dvi yra pasl\u0117ptos u\u017e eleganti\u0161k\u0173 spinteli\u0173, tod\u0117l galima efektyviai laikyti televizoriaus \u012frang\u0105 ir kitus smulkius daiktus. Nesvarbu, ar norite eksponuoti m\u0117gstamus aksesuarus, ar susid\u0117ti daiktus, \u0161is staliukas pateisins visus j\u016bs\u0173 l\u016bkes\u010dius. Patvari konstrukcija ir tvirtos med\u017eiagos garantuoja ilgaam\u017ei\u0161kum\u0105 ir stabilum\u0105. Korpusui ir fasadams naudojamos laminuotos plok\u0161t\u0117s ne tik atrodo patraukliai, bet ir yra lengvai valomos. Metalin\u0117s rankenos ir vyriai suteikia visumai modernumo, kur\u012f tikrai \u012fvertins stiling\u0173 sprendim\u0173 m\u0117g\u0117jai.<\/p>","protected":false},"excerpt":{"rendered":"<p>Plotis (cm): 137<br \/>\n\u016agis (cm): 53<br \/>\nGylis (cm): 50<\/p>","protected":false},"featured_media":166845,"comment_status":"open","ping_status":"open","template":"","meta":[],"product_brand":[],"product_cat":[9504,4108,1175],"product_tag":[],"class_list":{"0":"post-166844","1":"product","2":"type-product","3":"status-publish","4":"has-post-thumbnail","6":"product_cat-furniture-system-dallas-jarstol-meble","7":"product_cat-jarstol","8":"product_cat-tv-stands","10":"first","11":"instock","12":"purchasable","13":"product-type-simple"},"_links":{"self":[{"href":"https:\/\/baldumarket.lt\/lt\/wp-json\/wp\/v2\/product\/166844","targetHints":{"allow":["GET"]}}],"collection":[{"href":"https:\/\/baldumarket.lt\/lt\/wp-json\/wp\/v2\/product"}],"about":[{"href":"https:\/\/baldumarket.lt\/lt\/wp-json\/wp\/v2\/types\/product"}],"replies":[{"embeddable":true,"href":"https:\/\/baldumarket.lt\/lt\/wp-json\/wp\/v2\/comments?post=166844"}],"wp:featuredmedia":[{"embeddable":true,"href":"https:\/\/baldumarket.lt\/lt\/wp-json\/wp\/v2\/media\/166845"}],"wp:attachment":[{"href":"https:\/\/baldumarket.lt\/lt\/wp-json\/wp\/v2\/media?parent=166844"}],"wp:term":[{"taxonomy":"product_brand","embeddable":true,"href":"https:\/\/baldumarket.lt\/lt\/wp-json\/wp\/v2\/product_brand?post=166844"},{"taxonomy":"product_cat","embeddable":true,"href":"https:\/\/baldumarket.lt\/lt\/wp-json\/wp\/v2\/product_cat?post=166844"},{"taxonomy":"product_tag","embeddable":true,"href":"https:\/\/baldumarket.lt\/lt\/wp-json\/wp\/v2\/product_tag?post=166844"}],"curies":[{"name":"wp","href":"https:\/\/api.w.org\/{rel}","templated":true}]}}