{"id":166838,"date":"2025-12-19T16:14:44","date_gmt":"2025-12-19T13:14:44","guid":{"rendered":"https:\/\/baldumarket.lt\/product\/dallas-12-komoda-rtv-2d-dab-truflowy\/"},"modified":"2026-02-09T12:13:04","modified_gmt":"2026-02-09T09:13:04","slug":"dallas-12-komoda-rtv-2d-dab-truflowy","status":"publish","type":"product","link":"https:\/\/baldumarket.lt\/lt\/product\/dallas-12-komoda-rtv-2d-dab-truflowy\/","title":{"rendered":"DALLAS-12 &#8211; 2D televizoriaus spintel\u0117, triufeli\u0173 \u0105\u017euolo spalvos"},"content":{"rendered":"<p>DALLAS-12 televizoriaus staliukas sujungia elegancij\u0105 ir funkcionalum\u0105, tikrai pakeisdamas j\u016bs\u0173 svetain\u0119. Apdailintas triufeli\u0173 \u0105\u017euolo spalva, \u0161is staliukas sukuria jauki\u0105 atmosfer\u0105, kuri kiekvien\u0105 vakar\u0105 paver\u010dia ypatingu. Harmoningos linijos ir kruop\u0161ti apdaila traukia ak\u012f, tod\u0117l idealiai tinka tiek moderniam, tiek klasikiniam interjerui. Vienas i\u0161 pagrindini\u0173 DALLAS-12 privalum\u0173 \u2013 apgalvotas funkcionalumas. Sukurtas atsi\u017evelgiant \u012f praktinius poreikius, jis pasi\u017eymi erdve d\u0117l trij\u0173 lentyn\u0173, kuriose puikiai tilps visi j\u016bs\u0173 b\u016btini televizoriaus priedai. Dvi \u0161onin\u0117s spintel\u0117s ne tik suteikia \u017eavesio, bet ir paslepia didesnius daiktus, u\u017etikrindamos tvark\u0105 erdv\u0117je. Televizoriaus staliukas derina estetik\u0105 su kasdieniu patogumu, sukurdamas puikius namus visai j\u016bs\u0173 multimedijos \u012frangai ir dekoracijoms. Eleganti\u0161kos metalin\u0117s ranken\u0117l\u0117s kartu su subtiliomis apvadais priekyje suteikia elegancijos ir modernumo. \u0160ios detal\u0117s kiekvien\u0105 bald\u0105 paver\u010dia ma\u017eu meno k\u016briniu, kur\u012f jums patiks eksponuoti savo svetain\u0117je. DALLAS-12 yra ne tik baldas, bet ir j\u016bs\u0173 stiliaus bei skonio i\u0161rai\u0161ka, kuri tikrai prad\u017eiugins j\u016bs\u0173 sve\u010dius.<\/p>","protected":false},"excerpt":{"rendered":"<p>Plotis (cm): 137<br \/>\n\u016agis (cm): 53<br \/>\nGylis (cm): 45<\/p>","protected":false},"featured_media":166839,"comment_status":"open","ping_status":"open","template":"","meta":[],"product_brand":[],"product_cat":[9504,4108,1175],"product_tag":[],"class_list":{"0":"post-166838","1":"product","2":"type-product","3":"status-publish","4":"has-post-thumbnail","6":"product_cat-furniture-system-dallas-jarstol-meble","7":"product_cat-jarstol","8":"product_cat-tv-stands","10":"first","11":"instock","12":"purchasable","13":"product-type-simple"},"_links":{"self":[{"href":"https:\/\/baldumarket.lt\/lt\/wp-json\/wp\/v2\/product\/166838","targetHints":{"allow":["GET"]}}],"collection":[{"href":"https:\/\/baldumarket.lt\/lt\/wp-json\/wp\/v2\/product"}],"about":[{"href":"https:\/\/baldumarket.lt\/lt\/wp-json\/wp\/v2\/types\/product"}],"replies":[{"embeddable":true,"href":"https:\/\/baldumarket.lt\/lt\/wp-json\/wp\/v2\/comments?post=166838"}],"wp:featuredmedia":[{"embeddable":true,"href":"https:\/\/baldumarket.lt\/lt\/wp-json\/wp\/v2\/media\/166839"}],"wp:attachment":[{"href":"https:\/\/baldumarket.lt\/lt\/wp-json\/wp\/v2\/media?parent=166838"}],"wp:term":[{"taxonomy":"product_brand","embeddable":true,"href":"https:\/\/baldumarket.lt\/lt\/wp-json\/wp\/v2\/product_brand?post=166838"},{"taxonomy":"product_cat","embeddable":true,"href":"https:\/\/baldumarket.lt\/lt\/wp-json\/wp\/v2\/product_cat?post=166838"},{"taxonomy":"product_tag","embeddable":true,"href":"https:\/\/baldumarket.lt\/lt\/wp-json\/wp\/v2\/product_tag?post=166838"}],"curies":[{"name":"wp","href":"https:\/\/api.w.org\/{rel}","templated":true}]}}