{"id":166832,"date":"2025-12-19T16:14:31","date_gmt":"2025-12-19T13:14:31","guid":{"rendered":"https:\/\/baldumarket.lt\/product\/dallas-14-stolik-kawowy-lawa-dab-sonoma\/"},"modified":"2026-02-09T12:13:13","modified_gmt":"2026-02-09T09:13:13","slug":"dallas-14-stolik-kawowy-lawa-dab-sonoma","status":"publish","type":"product","link":"https:\/\/baldumarket.lt\/lt\/product\/dallas-14-stolik-kawowy-lawa-dab-sonoma\/","title":{"rendered":"DALLAS-14 &#8211; Sonoma \u0105\u017euolo kavos staliukas"},"content":{"rendered":"<p>DALLAS-14 yra daugiau nei tiesiog kavos staliukas; tai tikras dekoratyvinis elementas, kuris papuo\u0161 j\u016bs\u0173 erdv\u0119. Pagamintas skandinavi\u0161ku stiliumi i\u0161 nat\u016bralaus Sonoma \u0105\u017euolo, jis puikiai dera prie modernaus interjero, suteikdamas jaukumo ir elegancijos. D\u0117l nesenstan\u010dios i\u0161vaizdos jis puikiai dera su kitais baldais, nepriklausomai nuo j\u016bs\u0173 erdv\u0117s dekoro. D\u0117l apgalvoto dizaino, kurio plotis \u2013 90 cm, o gylis \u2013 63 cm, jis idealiai tinka tiek didel\u0117ms, tiek ma\u017eoms svetain\u0117ms. 48 mm storio stalvir\u0161is \u2013 puiki vieta puodeliui aromatingos kavos ar \u0161vie\u017eiai u\u017eplikytos arbatos. Be to, \u0161is stalas puikiai tinka \u0161eimos stalo \u017eaidimams ir susib\u016brimams su draugais. \u0160io stalo funkcionalumas yra ne tik esteti\u0161kas, bet ir prakti\u0161kas. Po stalvir\u0161iu rasite papildom\u0105 12 mm storio lentyn\u0105, kuri pad\u0117s susitvarkyti j\u016bs\u0173 daiktus. Joje tikrai tilps visi reikalingi priedai, pavyzd\u017eiui, nuotolinio valdymo pulteliai, knygos ir dekoracijos, kad j\u016bs\u0173 interjeras visada b\u016bt\u0173 tvarkingas ir tvarkingas.<\/p>","protected":false},"excerpt":{"rendered":"<p>Plotis (cm): 90<br \/>\n\u016agis (cm): 61<br \/>\nGylis (cm): 45<\/p>","protected":false},"featured_media":166833,"comment_status":"open","ping_status":"open","template":"","meta":[],"product_brand":[],"product_cat":[9504,866,4108],"product_tag":[],"class_list":{"0":"post-166832","1":"product","2":"type-product","3":"status-publish","4":"has-post-thumbnail","6":"product_cat-furniture-system-dallas-jarstol-meble","7":"product_cat-coffee-tables","8":"product_cat-jarstol","10":"first","11":"instock","12":"purchasable","13":"product-type-simple"},"_links":{"self":[{"href":"https:\/\/baldumarket.lt\/lt\/wp-json\/wp\/v2\/product\/166832","targetHints":{"allow":["GET"]}}],"collection":[{"href":"https:\/\/baldumarket.lt\/lt\/wp-json\/wp\/v2\/product"}],"about":[{"href":"https:\/\/baldumarket.lt\/lt\/wp-json\/wp\/v2\/types\/product"}],"replies":[{"embeddable":true,"href":"https:\/\/baldumarket.lt\/lt\/wp-json\/wp\/v2\/comments?post=166832"}],"wp:featuredmedia":[{"embeddable":true,"href":"https:\/\/baldumarket.lt\/lt\/wp-json\/wp\/v2\/media\/166833"}],"wp:attachment":[{"href":"https:\/\/baldumarket.lt\/lt\/wp-json\/wp\/v2\/media?parent=166832"}],"wp:term":[{"taxonomy":"product_brand","embeddable":true,"href":"https:\/\/baldumarket.lt\/lt\/wp-json\/wp\/v2\/product_brand?post=166832"},{"taxonomy":"product_cat","embeddable":true,"href":"https:\/\/baldumarket.lt\/lt\/wp-json\/wp\/v2\/product_cat?post=166832"},{"taxonomy":"product_tag","embeddable":true,"href":"https:\/\/baldumarket.lt\/lt\/wp-json\/wp\/v2\/product_tag?post=166832"}],"curies":[{"name":"wp","href":"https:\/\/api.w.org\/{rel}","templated":true}]}}