{"id":166826,"date":"2025-12-19T16:14:19","date_gmt":"2025-12-19T13:14:19","guid":{"rendered":"https:\/\/baldumarket.lt\/product\/dallas-14-stolik-kawowy-lawa-dab-truflowy\/"},"modified":"2026-02-09T12:13:13","modified_gmt":"2026-02-09T09:13:13","slug":"dallas-14-stolik-kawowy-lawa-dab-truflowy","status":"publish","type":"product","link":"https:\/\/baldumarket.lt\/lt\/product\/dallas-14-stolik-kawowy-lawa-dab-truflowy\/","title":{"rendered":"DALLAS-14 &#8211; \u0105\u017euolo spalvos kavos staliukas su triufeliais"},"content":{"rendered":"<p>DALLAS-14 yra daugiau nei paprastas kavos staliukas \u2013 tai baldas, kuris suteiks charakterio bet kokiam interjerui. Eleganti\u0161ka \u0105\u017euolo spalvos apdaila puikiai der\u0117s prie \u012fvairi\u0173 interjer\u0173 \u2013 nuo modernaus iki klasikinio. Paprasta, ta\u010diau ry\u0161ki forma paver\u010dia j\u012f erdv\u0117s traukos centru, skatindama praleisti laik\u0105 su artimaisiais. D\u0117l didelio 48 mm storio stalvir\u0161io DALLAS-14 stalas tampa puikia vieta atsipalaiduoti. Nesvarbu, ar tai rytin\u0117 kava, popiet\u0117s arbata, ar vakaras su \u0161eima \u017eaid\u017eiant stalo \u017eaidimus, jo buvimas suteikia malonumo kiekvienai akimirkai. Be to, subtilus juodas r\u0117mas spinduliuoja moderniu stiliumi, traukia ak\u012f ir sukuria unikali\u0105 atmosfer\u0105. \u0160io stalo prakti\u0161kumas akivaizdus ne tik jo dizaine, bet ir funkcionalume. Po stalvir\u0161iu yra erdvi 12 mm storio lentyna, puikiai tinkanti laikyti nieku\u010dius, knygas ar kitus kasdienius daiktus. D\u0117l to DALLAS-14 kavos staliukas ne tik atrodo gra\u017eiai, bet ir padeda palaikyti tvark\u0105 j\u016bs\u0173 svetain\u0117je, tod\u0117l tai puiki vieta atsipalaiduoti.<\/p>","protected":false},"excerpt":{"rendered":"<p>Plotis (cm): 90<br \/>\n\u016agis (cm): 61<br \/>\nGylis (cm): 63<\/p>","protected":false},"featured_media":166827,"comment_status":"open","ping_status":"open","template":"","meta":[],"product_brand":[],"product_cat":[9504,866,4108],"product_tag":[],"class_list":{"0":"post-166826","1":"product","2":"type-product","3":"status-publish","4":"has-post-thumbnail","6":"product_cat-furniture-system-dallas-jarstol-meble","7":"product_cat-coffee-tables","8":"product_cat-jarstol","10":"first","11":"instock","12":"purchasable","13":"product-type-simple"},"_links":{"self":[{"href":"https:\/\/baldumarket.lt\/lt\/wp-json\/wp\/v2\/product\/166826","targetHints":{"allow":["GET"]}}],"collection":[{"href":"https:\/\/baldumarket.lt\/lt\/wp-json\/wp\/v2\/product"}],"about":[{"href":"https:\/\/baldumarket.lt\/lt\/wp-json\/wp\/v2\/types\/product"}],"replies":[{"embeddable":true,"href":"https:\/\/baldumarket.lt\/lt\/wp-json\/wp\/v2\/comments?post=166826"}],"wp:featuredmedia":[{"embeddable":true,"href":"https:\/\/baldumarket.lt\/lt\/wp-json\/wp\/v2\/media\/166827"}],"wp:attachment":[{"href":"https:\/\/baldumarket.lt\/lt\/wp-json\/wp\/v2\/media?parent=166826"}],"wp:term":[{"taxonomy":"product_brand","embeddable":true,"href":"https:\/\/baldumarket.lt\/lt\/wp-json\/wp\/v2\/product_brand?post=166826"},{"taxonomy":"product_cat","embeddable":true,"href":"https:\/\/baldumarket.lt\/lt\/wp-json\/wp\/v2\/product_cat?post=166826"},{"taxonomy":"product_tag","embeddable":true,"href":"https:\/\/baldumarket.lt\/lt\/wp-json\/wp\/v2\/product_tag?post=166826"}],"curies":[{"name":"wp","href":"https:\/\/api.w.org\/{rel}","templated":true}]}}