{"id":166820,"date":"2025-12-19T16:14:05","date_gmt":"2025-12-19T13:14:05","guid":{"rendered":"https:\/\/baldumarket.lt\/product\/dallas-15-stolik-kawowy-lawa-dab-truflowy\/"},"modified":"2026-02-09T12:13:13","modified_gmt":"2026-02-09T09:13:13","slug":"dallas-15-stolik-kawowy-lawa-dab-truflowy","status":"publish","type":"product","link":"https:\/\/baldumarket.lt\/lt\/product\/dallas-15-stolik-kawowy-lawa-dab-truflowy\/","title":{"rendered":"DALLAS-15 &#8211; \u0105\u017euolo spalvos kavos staliukas su triufeliais"},"content":{"rendered":"<p>Atraskite \u017eaving\u0105 \u201eDallas-15\u201c kavos staliuk\u0105, kuris taps j\u016bs\u0173 svetain\u0117s \u0161irdimi. Pagamintas i\u0161 auk\u0161tos kokyb\u0117s laminuotos plok\u0161t\u0117s su \u201eTruffle Oak\u201c apdaila, \u0161is minimalistinis staliukas derina elegancij\u0105 ir paprastum\u0105, tod\u0117l puikiai tinka \u012fvairiems interjero dizaino stiliams. Prislopinta spalva suteikia interjerui \u0161ilumos ir jaukumo, sukurdama erdv\u0119, palanki\u0105 poilsiui ir susib\u016brimams su artimaisiais. Stilingas \u201eDallas-15\u201c dizainas derina funkcionalum\u0105 ir estetik\u0105. D\u0117l universalaus dizaino j\u012f galima lengvai priderinti prie bet koki\u0173 bald\u0173, toki\u0173 kaip fotelis ar sofa, taip sukuriant darni\u0105 kompozicij\u0105 svetain\u0117je. Subtil\u016bs r\u0117mai suteikia lengvumo, ta\u010diau i\u0161laiko tvirt\u0105 charakter\u012f. \u0160is staliukas yra puikus pasirinkimas tiems, kurie vertina modernius, ta\u010diau nesenstan\u010dius interjero dizaino sprendimus. Prakti\u0161kumas yra s\u0117kmingo interjero dizaino raktas, o \u201eDallas-15\u201c staliukas si\u016blo puik\u0173 sprendim\u0105 bet kokiems namams. D\u0117l papildomos lentynos po stalvir\u0161iu atlaisvinate vietos m\u0117gstamiems aksesuarams, knygoms ir \u012fvairiems kitiems nieku\u010diams, kuriuos m\u0117gstate tur\u0117ti po ranka. \u0160is sumanus sprendimas palaikys tvark\u0105 j\u016bs\u0173 svetain\u0117je, o visk\u0105, ko jums reikia, visada tur\u0117site po ranka.<\/p>","protected":false},"excerpt":{"rendered":"<p>Plotis (cm): 97<br \/>\n\u016agis (cm): 123<br \/>\nGylis (cm): 63<\/p>","protected":false},"featured_media":166821,"comment_status":"open","ping_status":"open","template":"","meta":[],"product_brand":[],"product_cat":[9504,866,4108],"product_tag":[],"class_list":{"0":"post-166820","1":"product","2":"type-product","3":"status-publish","4":"has-post-thumbnail","6":"product_cat-furniture-system-dallas-jarstol-meble","7":"product_cat-coffee-tables","8":"product_cat-jarstol","10":"first","11":"instock","12":"purchasable","13":"product-type-simple"},"_links":{"self":[{"href":"https:\/\/baldumarket.lt\/lt\/wp-json\/wp\/v2\/product\/166820","targetHints":{"allow":["GET"]}}],"collection":[{"href":"https:\/\/baldumarket.lt\/lt\/wp-json\/wp\/v2\/product"}],"about":[{"href":"https:\/\/baldumarket.lt\/lt\/wp-json\/wp\/v2\/types\/product"}],"replies":[{"embeddable":true,"href":"https:\/\/baldumarket.lt\/lt\/wp-json\/wp\/v2\/comments?post=166820"}],"wp:featuredmedia":[{"embeddable":true,"href":"https:\/\/baldumarket.lt\/lt\/wp-json\/wp\/v2\/media\/166821"}],"wp:attachment":[{"href":"https:\/\/baldumarket.lt\/lt\/wp-json\/wp\/v2\/media?parent=166820"}],"wp:term":[{"taxonomy":"product_brand","embeddable":true,"href":"https:\/\/baldumarket.lt\/lt\/wp-json\/wp\/v2\/product_brand?post=166820"},{"taxonomy":"product_cat","embeddable":true,"href":"https:\/\/baldumarket.lt\/lt\/wp-json\/wp\/v2\/product_cat?post=166820"},{"taxonomy":"product_tag","embeddable":true,"href":"https:\/\/baldumarket.lt\/lt\/wp-json\/wp\/v2\/product_tag?post=166820"}],"curies":[{"name":"wp","href":"https:\/\/api.w.org\/{rel}","templated":true}]}}