{"id":166812,"date":"2025-12-19T16:13:47","date_gmt":"2025-12-19T13:13:47","guid":{"rendered":"https:\/\/baldumarket.lt\/product\/dallas-16-witryna-1d2s-dab-sonoma\/"},"modified":"2026-02-09T12:13:13","modified_gmt":"2026-02-09T09:13:13","slug":"dallas-16-witryna-1d2s-dab-sonoma","status":"publish","type":"product","link":"https:\/\/baldumarket.lt\/lt\/product\/dallas-16-witryna-1d2s-dab-sonoma\/","title":{"rendered":"DALLAS-16 &#8211; Vitrina 1D2S Sonoma Oak"},"content":{"rendered":"<p>DALLAS-16 \u2013 tai unikali vitrina, kuri neabejotinai taps j\u016bs\u0173 interjero traukos centru. Paprastas, ta\u010diau eleganti\u0161kas dizainas puikiai dera tiek su moderniu, tiek su klasikiniu interjeru. Puikus pasirinkimas tiems, kurie vertina harmonij\u0105 ir estetik\u0105 \u2013 nat\u016bralaus, \u0161ilto atspalvio Sonoma \u0105\u017euolo vitrina suteikia jaukumo bet kokiam interjerui. Kad ir kur j\u0105 pastatytum\u0117te, ji tikrai pritrauks ak\u012f. Vitrinos viduje yra trys stiklin\u0117s lentynos, kurios ne tik pagerina jos i\u0161vaizd\u0105, bet ir yra puiki vieta eksponuoti m\u0117gstamas dekoracijas ar kolekcijas. Permatomos lentynos suteikia j\u016bs\u0173 lobiams nauj\u0105 gyvyb\u0119 ir tampa neatsiejama dekoro dalimi. Dviej\u0173 prakti\u0161k\u0173 stal\u010di\u0173 prid\u0117jimas prie vitrinos \u2013 tai sprendimas, kuris sujungia estetik\u0105 ir funkcionalum\u0105. Puikiai tinka laikyti smulkius aksesuarus, kuri\u0173 nenorite rodyti. DALLAS-16 vitrina taip pat pasi\u017eymi unikaliomis metalin\u0117mis ranken\u0117l\u0117mis, kurios subtiliai papildo juodas apdailos detales. \u0160ie elementai pabr\u0117\u017eia modern\u0173 baldo charakter\u012f ir suteikia jam eleganti\u0161k\u0105 akcent\u0105. Kiekvienas, pasirink\u0119s \u0161\u012f bald\u0105, \u012fvertins ne tik jo funkcionalum\u0105, bet ir estetik\u0105, kuri suteikia kambariui klas\u0117s ir rafinuotumo.<\/p>","protected":false},"excerpt":{"rendered":"<p>Plotis (cm): 58<br \/>\n\u016agis (cm): 192<br \/>\nGylis (cm): 45<\/p>","protected":false},"featured_media":166813,"comment_status":"open","ping_status":"open","template":"","meta":[],"product_brand":[],"product_cat":[9504,4108,2006],"product_tag":[],"class_list":{"0":"post-166812","1":"product","2":"type-product","3":"status-publish","4":"has-post-thumbnail","6":"product_cat-furniture-system-dallas-jarstol-meble","7":"product_cat-jarstol","8":"product_cat-vitrines","10":"first","11":"instock","12":"purchasable","13":"product-type-simple"},"_links":{"self":[{"href":"https:\/\/baldumarket.lt\/lt\/wp-json\/wp\/v2\/product\/166812","targetHints":{"allow":["GET"]}}],"collection":[{"href":"https:\/\/baldumarket.lt\/lt\/wp-json\/wp\/v2\/product"}],"about":[{"href":"https:\/\/baldumarket.lt\/lt\/wp-json\/wp\/v2\/types\/product"}],"replies":[{"embeddable":true,"href":"https:\/\/baldumarket.lt\/lt\/wp-json\/wp\/v2\/comments?post=166812"}],"wp:featuredmedia":[{"embeddable":true,"href":"https:\/\/baldumarket.lt\/lt\/wp-json\/wp\/v2\/media\/166813"}],"wp:attachment":[{"href":"https:\/\/baldumarket.lt\/lt\/wp-json\/wp\/v2\/media?parent=166812"}],"wp:term":[{"taxonomy":"product_brand","embeddable":true,"href":"https:\/\/baldumarket.lt\/lt\/wp-json\/wp\/v2\/product_brand?post=166812"},{"taxonomy":"product_cat","embeddable":true,"href":"https:\/\/baldumarket.lt\/lt\/wp-json\/wp\/v2\/product_cat?post=166812"},{"taxonomy":"product_tag","embeddable":true,"href":"https:\/\/baldumarket.lt\/lt\/wp-json\/wp\/v2\/product_tag?post=166812"}],"curies":[{"name":"wp","href":"https:\/\/api.w.org\/{rel}","templated":true}]}}