{"id":166804,"date":"2025-12-19T16:13:30","date_gmt":"2025-12-19T13:13:30","guid":{"rendered":"https:\/\/baldumarket.lt\/product\/dallas-16-witryna-1d2s-dab-truflowy\/"},"modified":"2026-02-09T12:13:13","modified_gmt":"2026-02-09T09:13:13","slug":"dallas-16-witryna-1d2s-dab-truflowy","status":"publish","type":"product","link":"https:\/\/baldumarket.lt\/lt\/product\/dallas-16-witryna-1d2s-dab-truflowy\/","title":{"rendered":"DALLAS-16 \u2013 1D2S triufeli\u0173 \u0105\u017euolo vitrina"},"content":{"rendered":"<p>DALLAS-16 vitrina i\u0161 \u201eTruffle Oak\u201c \u2013 eleganti\u0161kas baldas, kuris puikiai der\u0117s prie bet kokio interjero. Minimalistinio dizaino ji puikiai tinka tiek moderniam, tiek klasikiniam interjerui. 192 cm auk\u0161\u010dio ir 58 cm plo\u010dio ji suteikia subtilumo svetainei, miegamajam ar biurui, pary\u0161kindama kambario charakter\u012f. Vienas i\u0161 pagrindini\u0173 spintel\u0117s bruo\u017e\u0173 \u2013 \u012fsp\u016bdinga i\u0161vaizda. Trys stiklin\u0117s lentynos puikiai tinka eksponuoti m\u0117gstamas dekoracijas, knygas ar suvenyrus, tod\u0117l ji tikrai patraukia ak\u012f. Stiklo skaidrumas neleid\u017eia erdvei susid\u0117ti netvarkos, o vizualinis lengvumas suteikia \u017eavesio bet kokiam interjerui. DALLAS-16 vitrina taip pat pasi\u017eymi i\u0161skirtiniu funkcionalumu. Du erdv\u016bs stal\u010diai idealiai tinka nieku\u010diams ir aksesuarams laikyti, padeda palaikyti tvark\u0105 kambaryje. Metalin\u0117s rankenos kartu su juodais akcentais suteikia modernumo ir kartu dera su nat\u016braliu medienos atspalviu, sukurdamos darni\u0105 visum\u0105.<\/p>","protected":false},"excerpt":{"rendered":"<p>Plotis (cm): 58<br \/>\n\u016agis (cm): 192<br \/>\nGylis (cm): 45<\/p>","protected":false},"featured_media":166805,"comment_status":"open","ping_status":"open","template":"","meta":[],"product_brand":[],"product_cat":[9504,4108,2006],"product_tag":[],"class_list":{"0":"post-166804","1":"product","2":"type-product","3":"status-publish","4":"has-post-thumbnail","6":"product_cat-furniture-system-dallas-jarstol-meble","7":"product_cat-jarstol","8":"product_cat-vitrines","10":"first","11":"instock","12":"purchasable","13":"product-type-simple"},"_links":{"self":[{"href":"https:\/\/baldumarket.lt\/lt\/wp-json\/wp\/v2\/product\/166804","targetHints":{"allow":["GET"]}}],"collection":[{"href":"https:\/\/baldumarket.lt\/lt\/wp-json\/wp\/v2\/product"}],"about":[{"href":"https:\/\/baldumarket.lt\/lt\/wp-json\/wp\/v2\/types\/product"}],"replies":[{"embeddable":true,"href":"https:\/\/baldumarket.lt\/lt\/wp-json\/wp\/v2\/comments?post=166804"}],"wp:featuredmedia":[{"embeddable":true,"href":"https:\/\/baldumarket.lt\/lt\/wp-json\/wp\/v2\/media\/166805"}],"wp:attachment":[{"href":"https:\/\/baldumarket.lt\/lt\/wp-json\/wp\/v2\/media?parent=166804"}],"wp:term":[{"taxonomy":"product_brand","embeddable":true,"href":"https:\/\/baldumarket.lt\/lt\/wp-json\/wp\/v2\/product_brand?post=166804"},{"taxonomy":"product_cat","embeddable":true,"href":"https:\/\/baldumarket.lt\/lt\/wp-json\/wp\/v2\/product_cat?post=166804"},{"taxonomy":"product_tag","embeddable":true,"href":"https:\/\/baldumarket.lt\/lt\/wp-json\/wp\/v2\/product_tag?post=166804"}],"curies":[{"name":"wp","href":"https:\/\/api.w.org\/{rel}","templated":true}]}}